{"id":1305,"date":"2021-08-27T14:07:16","date_gmt":"2021-08-27T14:07:16","guid":{"rendered":"https:\/\/pixelmaker.info\/?page_id=1305"},"modified":"2021-10-28T20:49:45","modified_gmt":"2021-10-28T20:49:45","slug":"300r","status":"publish","type":"page","link":"https:\/\/ride-in.de\/site\/voge\/300r\/","title":{"rendered":"300R"},"content":{"rendered":"\t\t<div data-elementor-type=\"wp-page\" data-elementor-id=\"1305\" class=\"elementor elementor-1305\">\n\t\t\t\t\t\t<section class=\"has_eae_slider elementor-section elementor-top-section elementor-element elementor-element-dc8f888 elementor-section-boxed elementor-section-height-default elementor-section-height-default\" data-eae-slider=\"77894\" data-id=\"dc8f888\" data-element_type=\"section\" data-e-type=\"section\">\n\t\t\t\t\t\t<div class=\"elementor-container elementor-column-gap-default\">\n\t\t\t\t\t<div class=\"has_eae_slider elementor-column elementor-col-100 elementor-top-column elementor-element elementor-element-14171b3\" data-eae-slider=\"59380\" data-id=\"14171b3\" data-element_type=\"column\" data-e-type=\"column\">\n\t\t\t<div class=\"elementor-widget-wrap\">\n\t\t\t\t\t\t\t<\/div>\n\t\t<\/div>\n\t\t\t\t\t<\/div>\n\t\t<\/section>\n\t\t\t\t<section class=\"has_eae_slider elementor-section elementor-top-section elementor-element elementor-element-0f1a705 elementor-section-boxed elementor-section-height-default elementor-section-height-default\" data-eae-slider=\"8397\" data-id=\"0f1a705\" data-element_type=\"section\" data-e-type=\"section\">\n\t\t\t\t\t\t<div class=\"elementor-container elementor-column-gap-default\">\n\t\t\t\t\t<div class=\"has_eae_slider elementor-column elementor-col-100 elementor-top-column elementor-element elementor-element-ede31ea\" data-eae-slider=\"95166\" data-id=\"ede31ea\" data-element_type=\"column\" data-e-type=\"column\">\n\t\t\t<div class=\"elementor-widget-wrap elementor-element-populated\">\n\t\t\t\t\t\t<div class=\"elementor-element elementor-element-f592afd elementor-widget elementor-widget-text-editor\" data-id=\"f592afd\" data-element_type=\"widget\" data-e-type=\"widget\" data-widget_type=\"text-editor.default\">\n\t\t\t\t<div class=\"elementor-widget-container\">\n\t\t\t\t\t\t\t\t\t<p>Die VOGE 300R ist wendig, pr\u00e4zise und macht einfach unglaublich viel Spa\u00df. Die kleine Schwester der 500R man\u00f6vriert blitzschnell durch enge Kurven und auch durch hektischen Verkehr in der City. Und dank des kraftvollen Einzylinder Viertaktmotors macht sie auch auf der Landstra\u00dfe eine gute Figur!<\/p>\t\t\t\t\t\t\t\t<\/div>\n\t\t\t\t<\/div>\n\t\t\t\t\t<\/div>\n\t\t<\/div>\n\t\t\t\t\t<\/div>\n\t\t<\/section>\n\t\t\t\t<section class=\"has_eae_slider elementor-section elementor-top-section elementor-element elementor-element-646d86f elementor-section-boxed elementor-section-height-default elementor-section-height-default\" data-eae-slider=\"70163\" data-id=\"646d86f\" data-element_type=\"section\" data-e-type=\"section\">\n\t\t\t\t\t\t<div class=\"elementor-container elementor-column-gap-default\">\n\t\t\t\t\t<div class=\"has_eae_slider elementor-column elementor-col-33 elementor-top-column elementor-element elementor-element-140a24e\" data-eae-slider=\"11641\" data-id=\"140a24e\" data-element_type=\"column\" data-e-type=\"column\">\n\t\t\t<div class=\"elementor-widget-wrap elementor-element-populated\">\n\t\t\t\t\t\t<div class=\"elementor-element elementor-element-a44cd37 elementor-widget elementor-widget-image\" data-id=\"a44cd37\" data-element_type=\"widget\" data-e-type=\"widget\" data-widget_type=\"image.default\">\n\t\t\t\t<div class=\"elementor-widget-container\">\n\t\t\t\t\t\t\t\t\t\t\t\t\t\t\t<img fetchpriority=\"high\" decoding=\"async\" width=\"1024\" height=\"683\" src=\"https:\/\/ride-in.de\/site\/wp-content\/uploads\/VOGE_300R_white_05-1024x683.jpg\" class=\"attachment-large size-large wp-image-1377\" alt=\"\" srcset=\"https:\/\/ride-in.de\/site\/wp-content\/uploads\/VOGE_300R_white_05-1024x683.jpg 1024w, https:\/\/ride-in.de\/site\/wp-content\/uploads\/VOGE_300R_white_05-300x200.jpg 300w, https:\/\/ride-in.de\/site\/wp-content\/uploads\/VOGE_300R_white_05-768x512.jpg 768w, https:\/\/ride-in.de\/site\/wp-content\/uploads\/VOGE_300R_white_05-1536x1024.jpg 1536w, https:\/\/ride-in.de\/site\/wp-content\/uploads\/VOGE_300R_white_05-2048x1365.jpg 2048w, https:\/\/ride-in.de\/site\/wp-content\/uploads\/VOGE_300R_white_05-450x300.jpg 450w, https:\/\/ride-in.de\/site\/wp-content\/uploads\/VOGE_300R_white_05-90x60.jpg 90w\" sizes=\"(max-width: 1024px) 100vw, 1024px\" \/>\t\t\t\t\t\t\t\t\t\t\t\t\t\t\t<\/div>\n\t\t\t\t<\/div>\n\t\t\t\t\t<\/div>\n\t\t<\/div>\n\t\t\t\t<div class=\"has_eae_slider elementor-column elementor-col-33 elementor-top-column elementor-element elementor-element-235a666\" data-eae-slider=\"68169\" data-id=\"235a666\" data-element_type=\"column\" data-e-type=\"column\">\n\t\t\t<div class=\"elementor-widget-wrap elementor-element-populated\">\n\t\t\t\t\t\t<div class=\"elementor-element elementor-element-3976e9b elementor-widget elementor-widget-image\" data-id=\"3976e9b\" data-element_type=\"widget\" data-e-type=\"widget\" data-widget_type=\"image.default\">\n\t\t\t\t<div class=\"elementor-widget-container\">\n\t\t\t\t\t\t\t\t\t\t\t\t\t\t\t<img decoding=\"async\" width=\"1024\" height=\"683\" src=\"https:\/\/ride-in.de\/site\/wp-content\/uploads\/VOGE_300R_white_01-1024x683.jpg\" class=\"attachment-large size-large wp-image-1376\" alt=\"\" srcset=\"https:\/\/ride-in.de\/site\/wp-content\/uploads\/VOGE_300R_white_01-1024x683.jpg 1024w, https:\/\/ride-in.de\/site\/wp-content\/uploads\/VOGE_300R_white_01-300x200.jpg 300w, https:\/\/ride-in.de\/site\/wp-content\/uploads\/VOGE_300R_white_01-768x512.jpg 768w, https:\/\/ride-in.de\/site\/wp-content\/uploads\/VOGE_300R_white_01-1536x1024.jpg 1536w, https:\/\/ride-in.de\/site\/wp-content\/uploads\/VOGE_300R_white_01-2048x1365.jpg 2048w, https:\/\/ride-in.de\/site\/wp-content\/uploads\/VOGE_300R_white_01-450x300.jpg 450w, https:\/\/ride-in.de\/site\/wp-content\/uploads\/VOGE_300R_white_01-90x60.jpg 90w\" sizes=\"(max-width: 1024px) 100vw, 1024px\" \/>\t\t\t\t\t\t\t\t\t\t\t\t\t\t\t<\/div>\n\t\t\t\t<\/div>\n\t\t\t\t\t<\/div>\n\t\t<\/div>\n\t\t\t\t<div class=\"has_eae_slider elementor-column elementor-col-33 elementor-top-column elementor-element elementor-element-4b74b0a\" data-eae-slider=\"27193\" data-id=\"4b74b0a\" data-element_type=\"column\" data-e-type=\"column\">\n\t\t\t<div class=\"elementor-widget-wrap elementor-element-populated\">\n\t\t\t\t\t\t<div class=\"elementor-element elementor-element-c545a84 elementor-widget elementor-widget-image\" data-id=\"c545a84\" data-element_type=\"widget\" data-e-type=\"widget\" data-widget_type=\"image.default\">\n\t\t\t\t<div class=\"elementor-widget-container\">\n\t\t\t\t\t\t\t\t\t\t\t\t\t\t\t<img decoding=\"async\" width=\"1024\" height=\"683\" src=\"https:\/\/ride-in.de\/site\/wp-content\/uploads\/VOGE_300R_white_08-1024x683.jpg\" class=\"attachment-large size-large wp-image-1378\" alt=\"\" srcset=\"https:\/\/ride-in.de\/site\/wp-content\/uploads\/VOGE_300R_white_08-1024x683.jpg 1024w, https:\/\/ride-in.de\/site\/wp-content\/uploads\/VOGE_300R_white_08-300x200.jpg 300w, https:\/\/ride-in.de\/site\/wp-content\/uploads\/VOGE_300R_white_08-768x512.jpg 768w, https:\/\/ride-in.de\/site\/wp-content\/uploads\/VOGE_300R_white_08-1536x1024.jpg 1536w, https:\/\/ride-in.de\/site\/wp-content\/uploads\/VOGE_300R_white_08-2048x1365.jpg 2048w, https:\/\/ride-in.de\/site\/wp-content\/uploads\/VOGE_300R_white_08-450x300.jpg 450w, https:\/\/ride-in.de\/site\/wp-content\/uploads\/VOGE_300R_white_08-90x60.jpg 90w\" sizes=\"(max-width: 1024px) 100vw, 1024px\" \/>\t\t\t\t\t\t\t\t\t\t\t\t\t\t\t<\/div>\n\t\t\t\t<\/div>\n\t\t\t\t\t<\/div>\n\t\t<\/div>\n\t\t\t\t\t<\/div>\n\t\t<\/section>\n\t\t\t\t<section class=\"has_eae_slider elementor-section elementor-top-section elementor-element elementor-element-7ec74a7 elementor-section-boxed elementor-section-height-default elementor-section-height-default\" data-eae-slider=\"50711\" data-id=\"7ec74a7\" data-element_type=\"section\" data-e-type=\"section\">\n\t\t\t\t\t\t<div class=\"elementor-container elementor-column-gap-default\">\n\t\t\t\t\t<div class=\"has_eae_slider elementor-column elementor-col-50 elementor-top-column elementor-element elementor-element-43cd17c\" data-eae-slider=\"81341\" data-id=\"43cd17c\" data-element_type=\"column\" data-e-type=\"column\">\n\t\t\t<div class=\"elementor-widget-wrap elementor-element-populated\">\n\t\t\t\t\t\t<div class=\"elementor-element elementor-element-49faac6 elementor-widget elementor-widget-image\" data-id=\"49faac6\" data-element_type=\"widget\" data-e-type=\"widget\" data-widget_type=\"image.default\">\n\t\t\t\t<div class=\"elementor-widget-container\">\n\t\t\t\t\t\t\t\t\t\t\t\t\t\t\t<img loading=\"lazy\" decoding=\"async\" width=\"1024\" height=\"682\" src=\"https:\/\/ride-in.de\/site\/wp-content\/uploads\/VOGE_300R_black_05-1024x682.jpg\" class=\"attachment-large size-large wp-image-1374\" alt=\"\" srcset=\"https:\/\/ride-in.de\/site\/wp-content\/uploads\/VOGE_300R_black_05-1024x682.jpg 1024w, https:\/\/ride-in.de\/site\/wp-content\/uploads\/VOGE_300R_black_05-300x200.jpg 300w, https:\/\/ride-in.de\/site\/wp-content\/uploads\/VOGE_300R_black_05-768x512.jpg 768w, https:\/\/ride-in.de\/site\/wp-content\/uploads\/VOGE_300R_black_05-1536x1024.jpg 1536w, https:\/\/ride-in.de\/site\/wp-content\/uploads\/VOGE_300R_black_05-2048x1365.jpg 2048w, https:\/\/ride-in.de\/site\/wp-content\/uploads\/VOGE_300R_black_05-450x300.jpg 450w, https:\/\/ride-in.de\/site\/wp-content\/uploads\/VOGE_300R_black_05-90x60.jpg 90w\" sizes=\"(max-width: 1024px) 100vw, 1024px\" \/>\t\t\t\t\t\t\t\t\t\t\t\t\t\t\t<\/div>\n\t\t\t\t<\/div>\n\t\t\t\t\t<\/div>\n\t\t<\/div>\n\t\t\t\t<div class=\"has_eae_slider elementor-column elementor-col-50 elementor-top-column elementor-element elementor-element-9224bf9\" data-eae-slider=\"43342\" data-id=\"9224bf9\" data-element_type=\"column\" data-e-type=\"column\">\n\t\t\t<div class=\"elementor-widget-wrap elementor-element-populated\">\n\t\t\t\t\t\t<div class=\"elementor-element elementor-element-e871d3b elementor-widget elementor-widget-image\" data-id=\"e871d3b\" data-element_type=\"widget\" data-e-type=\"widget\" data-widget_type=\"image.default\">\n\t\t\t\t<div class=\"elementor-widget-container\">\n\t\t\t\t\t\t\t\t\t\t\t\t\t\t\t<img loading=\"lazy\" decoding=\"async\" width=\"1024\" height=\"683\" src=\"https:\/\/ride-in.de\/site\/wp-content\/uploads\/VOGE_300R_black_02-1024x683.jpg\" class=\"attachment-large size-large wp-image-1373\" alt=\"\" srcset=\"https:\/\/ride-in.de\/site\/wp-content\/uploads\/VOGE_300R_black_02-1024x683.jpg 1024w, https:\/\/ride-in.de\/site\/wp-content\/uploads\/VOGE_300R_black_02-300x200.jpg 300w, https:\/\/ride-in.de\/site\/wp-content\/uploads\/VOGE_300R_black_02-768x512.jpg 768w, https:\/\/ride-in.de\/site\/wp-content\/uploads\/VOGE_300R_black_02-1536x1024.jpg 1536w, https:\/\/ride-in.de\/site\/wp-content\/uploads\/VOGE_300R_black_02-2048x1365.jpg 2048w, https:\/\/ride-in.de\/site\/wp-content\/uploads\/VOGE_300R_black_02-450x300.jpg 450w, https:\/\/ride-in.de\/site\/wp-content\/uploads\/VOGE_300R_black_02-90x60.jpg 90w\" sizes=\"(max-width: 1024px) 100vw, 1024px\" \/>\t\t\t\t\t\t\t\t\t\t\t\t\t\t\t<\/div>\n\t\t\t\t<\/div>\n\t\t\t\t\t<\/div>\n\t\t<\/div>\n\t\t\t\t\t<\/div>\n\t\t<\/section>\n\t\t\t\t<section class=\"has_eae_slider elementor-section elementor-top-section elementor-element elementor-element-5cf23e5 elementor-section-boxed elementor-section-height-default elementor-section-height-default\" data-eae-slider=\"47068\" data-id=\"5cf23e5\" data-element_type=\"section\" data-e-type=\"section\">\n\t\t\t\t\t\t<div class=\"elementor-container elementor-column-gap-default\">\n\t\t\t\t\t<div class=\"has_eae_slider elementor-column elementor-col-100 elementor-top-column elementor-element elementor-element-e75e851\" data-eae-slider=\"59853\" data-id=\"e75e851\" data-element_type=\"column\" data-e-type=\"column\">\n\t\t\t<div class=\"elementor-widget-wrap\">\n\t\t\t\t\t\t\t<\/div>\n\t\t<\/div>\n\t\t\t\t\t<\/div>\n\t\t<\/section>\n\t\t\t\t<section class=\"has_eae_slider elementor-section elementor-top-section elementor-element elementor-element-f260aaa elementor-section-boxed elementor-section-height-default elementor-section-height-default\" data-eae-slider=\"69709\" data-id=\"f260aaa\" data-element_type=\"section\" data-e-type=\"section\">\n\t\t\t\t\t\t<div class=\"elementor-container elementor-column-gap-default\">\n\t\t\t\t\t<div class=\"has_eae_slider elementor-column elementor-col-100 elementor-top-column elementor-element elementor-element-d324906\" data-eae-slider=\"63149\" data-id=\"d324906\" data-element_type=\"column\" data-e-type=\"column\">\n\t\t\t<div class=\"elementor-widget-wrap elementor-element-populated\">\n\t\t\t\t\t\t<div class=\"elementor-element elementor-element-ff65bdd elementor-widget elementor-widget-text-editor\" data-id=\"ff65bdd\" data-element_type=\"widget\" data-e-type=\"widget\" data-widget_type=\"text-editor.default\">\n\t\t\t\t<div class=\"elementor-widget-container\">\n\t\t\t\t\t\t\t\t\t<h3>Technische Daten<\/h3><table class=\"productTechnicalSpec\"><tbody><tr><td class=\"specTitle\">Motor<\/td><td class=\"specVal\">fl\u00fcssigkeitsgek\u00fchlter Einzylinder-Viertaktmotor mit 4 Ventilen und elektronischer Einspritzung<\/td><\/tr><tr><td class=\"specTitle\">Hubraum<\/td><td class=\"specVal\">292 ccm<\/td><\/tr><tr><td class=\"specTitle\">Max. Leistung<\/td><td class=\"specVal\">19 kW (26 PS) bei 8500 U\/min<\/td><\/tr><tr><td class=\"specTitle\">Max. Drehmoment<\/td><td class=\"specVal\">23,5 Nm bei 6500 U\/min<\/td><\/tr><tr><td class=\"specTitle\">Getriebe<\/td><td class=\"specVal\">6-Gang Schaltgetriebe<\/td><\/tr><tr><td class=\"specTitle\">Antrieb<\/td><td class=\"specVal\">Kette<\/td><\/tr><tr><td class=\"specTitle\">Abmessungen (LxBxH)<\/td><td class=\"specVal\">1965 mm x 785 mm x 1070 mm<\/td><\/tr><tr><td class=\"specTitle\">Sitzh\u00f6he<\/td><td class=\"specVal\">780 mm<\/td><\/tr><tr><td class=\"specTitle\">Gewicht fahrfertig<\/td><td class=\"specVal\">170 kg<\/td><\/tr><tr><td class=\"specTitle\">Tankinhalt<\/td><td class=\"specVal\">15 L<\/td><\/tr><tr><td class=\"specTitle\">Reifen (vorne\/hinten)<\/td><td class=\"specVal\">110\/70-17 | 150\/60-17<\/td><\/tr><tr><td class=\"specTitle\">Bremse<\/td><td class=\"specVal\">mit 2 Bremsscheiben vorne (300 mm) und 1 Bremsscheibe hinten (220 mm) mit Bosch ABS<\/td><\/tr><tr><td class=\"specTitle\">Radaufh\u00e4ngung (vorne)<\/td><td class=\"specVal\">35 mm-Upside-Down-Gabel<\/td><\/tr><tr><td class=\"specTitle\">Radaufh\u00e4ngung (hinten)<\/td><td class=\"specVal\">Schwinge mit Zentralfederbein, Federvorspannung verstellbar<\/td><\/tr><tr><td class=\"specTitle\">Abgaswerte<\/td><td class=\"specVal\"><p>EURO 4 \/ Kraftstoffverbrauch (l\/100 km) \u00d8 2,7l;<br \/>CO<sub>2<\/sub> Emissionen 61g\/km<\/p><p>Preis\u00a0 3.799,-\u20ac<\/p><\/td><\/tr><\/tbody><\/table><div class=\"starTextContent\"><p>\u00a0 \u00a0 \u00a0 \u00a0 \u00a0 \u00a0 \u00a0 \u00a0 \u00a0 \u00a0 \u00a0 \u00a0 \u00a0 \u00a0 \u00a0 \u00a0 \u00a0 \u00a0 \u00a0 \u00a0 \u00a0 \u00a0 \u00a0 \u00a0 \u00a0 \u00a0 \u00a0 \u00a0\u00a0 <\/p><\/div>\t\t\t\t\t\t\t\t<\/div>\n\t\t\t\t<\/div>\n\t\t\t\t\t<\/div>\n\t\t<\/div>\n\t\t\t\t\t<\/div>\n\t\t<\/section>\n\t\t\t\t<\/div>\n\t\t","protected":false},"excerpt":{"rendered":"<p>Die VOGE 300R ist wendig, pr\u00e4zise und macht einfach unglaublich viel Spa\u00df. Die kleine Schwester der 500R man\u00f6vriert blitzschnell durch enge Kurven und auch durch hektischen Verkehr in der City. Und dank des kraftvollen Einzylinder Viertaktmotors macht sie auch auf der Landstra\u00dfe eine gute Figur! Technische Daten Motor fl\u00fcssigkeitsgek\u00fchlter Einzylinder-Viertaktmotor mit 4 Ventilen und elektronischer &hellip; <\/p>\n","protected":false},"author":2,"featured_media":0,"parent":181,"menu_order":1,"comment_status":"closed","ping_status":"closed","template":"","meta":{"footnotes":""},"folder":[142],"class_list":["post-1305","page","type-page","status-publish","hentry"],"yoast_head":"<!-- This site is optimized with the Yoast SEO plugin v27.2 - https:\/\/yoast.com\/product\/yoast-seo-wordpress\/ -->\n<title>300R - RIDE IN<\/title>\n<meta name=\"robots\" content=\"index, follow, max-snippet:-1, max-image-preview:large, max-video-preview:-1\" \/>\n<link rel=\"canonical\" href=\"https:\/\/ride-in.de\/site\/voge\/300r\/\" \/>\n<meta property=\"og:locale\" content=\"de_DE\" \/>\n<meta property=\"og:type\" content=\"article\" \/>\n<meta property=\"og:title\" content=\"300R - RIDE IN\" \/>\n<meta property=\"og:description\" content=\"Die VOGE 300R ist wendig, pr\u00e4zise und macht einfach unglaublich viel Spa\u00df. Die kleine Schwester der 500R man\u00f6vriert blitzschnell durch enge Kurven und auch durch hektischen Verkehr in der City. Und dank des kraftvollen Einzylinder Viertaktmotors macht sie auch auf der Landstra\u00dfe eine gute Figur! Technische Daten Motor fl\u00fcssigkeitsgek\u00fchlter Einzylinder-Viertaktmotor mit 4 Ventilen und elektronischer &hellip;\" \/>\n<meta property=\"og:url\" content=\"https:\/\/ride-in.de\/site\/voge\/300r\/\" \/>\n<meta property=\"og:site_name\" content=\"RIDE IN\" \/>\n<meta property=\"article:modified_time\" content=\"2021-10-28T20:49:45+00:00\" \/>\n<meta property=\"og:image\" content=\"https:\/\/ride-in.de\/site\/wp-content\/uploads\/VOGE_300R_white_05-scaled.jpg\" \/>\n\t<meta property=\"og:image:width\" content=\"2560\" \/>\n\t<meta property=\"og:image:height\" content=\"1707\" \/>\n\t<meta property=\"og:image:type\" content=\"image\/jpeg\" \/>\n<meta name=\"twitter:card\" content=\"summary_large_image\" \/>\n<meta name=\"twitter:label1\" content=\"Gesch\u00e4tzte Lesezeit\" \/>\n\t<meta name=\"twitter:data1\" content=\"1\u00a0Minute\" \/>\n<script type=\"application\/ld+json\" class=\"yoast-schema-graph\">{\"@context\":\"https:\/\/schema.org\",\"@graph\":[{\"@type\":\"WebPage\",\"@id\":\"https:\/\/ride-in.de\/site\/voge\/300r\/\",\"url\":\"https:\/\/ride-in.de\/site\/voge\/300r\/\",\"name\":\"300R - RIDE IN\",\"isPartOf\":{\"@id\":\"https:\/\/ride-in.de\/site\/#website\"},\"primaryImageOfPage\":{\"@id\":\"https:\/\/ride-in.de\/site\/voge\/300r\/#primaryimage\"},\"image\":{\"@id\":\"https:\/\/ride-in.de\/site\/voge\/300r\/#primaryimage\"},\"thumbnailUrl\":\"https:\/\/ride-in.de\/site\/wp-content\/uploads\/VOGE_300R_white_05-1024x683.jpg\",\"datePublished\":\"2021-08-27T14:07:16+00:00\",\"dateModified\":\"2021-10-28T20:49:45+00:00\",\"breadcrumb\":{\"@id\":\"https:\/\/ride-in.de\/site\/voge\/300r\/#breadcrumb\"},\"inLanguage\":\"de\",\"potentialAction\":[{\"@type\":\"ReadAction\",\"target\":[\"https:\/\/ride-in.de\/site\/voge\/300r\/\"]}]},{\"@type\":\"ImageObject\",\"inLanguage\":\"de\",\"@id\":\"https:\/\/ride-in.de\/site\/voge\/300r\/#primaryimage\",\"url\":\"https:\/\/ride-in.de\/site\/wp-content\/uploads\/VOGE_300R_white_05-scaled.jpg\",\"contentUrl\":\"https:\/\/ride-in.de\/site\/wp-content\/uploads\/VOGE_300R_white_05-scaled.jpg\",\"width\":2560,\"height\":1707},{\"@type\":\"BreadcrumbList\",\"@id\":\"https:\/\/ride-in.de\/site\/voge\/300r\/#breadcrumb\",\"itemListElement\":[{\"@type\":\"ListItem\",\"position\":1,\"name\":\"Start\",\"item\":\"https:\/\/ride-in.de\/site\/\"},{\"@type\":\"ListItem\",\"position\":2,\"name\":\"VOGE\",\"item\":\"https:\/\/ride-in.de\/site\/voge\/\"},{\"@type\":\"ListItem\",\"position\":3,\"name\":\"300R\"}]},{\"@type\":\"WebSite\",\"@id\":\"https:\/\/ride-in.de\/site\/#website\",\"url\":\"https:\/\/ride-in.de\/site\/\",\"name\":\"RIDE IN\",\"description\":\"Zweirad-Service\",\"publisher\":{\"@id\":\"https:\/\/ride-in.de\/site\/#organization\"},\"potentialAction\":[{\"@type\":\"SearchAction\",\"target\":{\"@type\":\"EntryPoint\",\"urlTemplate\":\"https:\/\/ride-in.de\/site\/?s={search_term_string}\"},\"query-input\":{\"@type\":\"PropertyValueSpecification\",\"valueRequired\":true,\"valueName\":\"search_term_string\"}}],\"inLanguage\":\"de\"},{\"@type\":\"Organization\",\"@id\":\"https:\/\/ride-in.de\/site\/#organization\",\"name\":\"RIDE IN\",\"url\":\"https:\/\/ride-in.de\/site\/\",\"logo\":{\"@type\":\"ImageObject\",\"inLanguage\":\"de\",\"@id\":\"https:\/\/ride-in.de\/site\/#\/schema\/logo\/image\/\",\"url\":\"https:\/\/ride-in.de\/site\/wp-content\/uploads\/2021\/01\/logo-ride-in-gerade333x111.png\",\"contentUrl\":\"https:\/\/ride-in.de\/site\/wp-content\/uploads\/2021\/01\/logo-ride-in-gerade333x111.png\",\"width\":333,\"height\":111,\"caption\":\"RIDE IN\"},\"image\":{\"@id\":\"https:\/\/ride-in.de\/site\/#\/schema\/logo\/image\/\"}}]}<\/script>\n<!-- \/ Yoast SEO plugin. -->","yoast_head_json":{"title":"300R - RIDE IN","robots":{"index":"index","follow":"follow","max-snippet":"max-snippet:-1","max-image-preview":"max-image-preview:large","max-video-preview":"max-video-preview:-1"},"canonical":"https:\/\/ride-in.de\/site\/voge\/300r\/","og_locale":"de_DE","og_type":"article","og_title":"300R - RIDE IN","og_description":"Die VOGE 300R ist wendig, pr\u00e4zise und macht einfach unglaublich viel Spa\u00df. Die kleine Schwester der 500R man\u00f6vriert blitzschnell durch enge Kurven und auch durch hektischen Verkehr in der City. Und dank des kraftvollen Einzylinder Viertaktmotors macht sie auch auf der Landstra\u00dfe eine gute Figur! Technische Daten Motor fl\u00fcssigkeitsgek\u00fchlter Einzylinder-Viertaktmotor mit 4 Ventilen und elektronischer &hellip;","og_url":"https:\/\/ride-in.de\/site\/voge\/300r\/","og_site_name":"RIDE IN","article_modified_time":"2021-10-28T20:49:45+00:00","og_image":[{"width":2560,"height":1707,"url":"https:\/\/ride-in.de\/site\/wp-content\/uploads\/VOGE_300R_white_05-scaled.jpg","type":"image\/jpeg"}],"twitter_card":"summary_large_image","twitter_misc":{"Gesch\u00e4tzte Lesezeit":"1\u00a0Minute"},"schema":{"@context":"https:\/\/schema.org","@graph":[{"@type":"WebPage","@id":"https:\/\/ride-in.de\/site\/voge\/300r\/","url":"https:\/\/ride-in.de\/site\/voge\/300r\/","name":"300R - RIDE IN","isPartOf":{"@id":"https:\/\/ride-in.de\/site\/#website"},"primaryImageOfPage":{"@id":"https:\/\/ride-in.de\/site\/voge\/300r\/#primaryimage"},"image":{"@id":"https:\/\/ride-in.de\/site\/voge\/300r\/#primaryimage"},"thumbnailUrl":"https:\/\/ride-in.de\/site\/wp-content\/uploads\/VOGE_300R_white_05-1024x683.jpg","datePublished":"2021-08-27T14:07:16+00:00","dateModified":"2021-10-28T20:49:45+00:00","breadcrumb":{"@id":"https:\/\/ride-in.de\/site\/voge\/300r\/#breadcrumb"},"inLanguage":"de","potentialAction":[{"@type":"ReadAction","target":["https:\/\/ride-in.de\/site\/voge\/300r\/"]}]},{"@type":"ImageObject","inLanguage":"de","@id":"https:\/\/ride-in.de\/site\/voge\/300r\/#primaryimage","url":"https:\/\/ride-in.de\/site\/wp-content\/uploads\/VOGE_300R_white_05-scaled.jpg","contentUrl":"https:\/\/ride-in.de\/site\/wp-content\/uploads\/VOGE_300R_white_05-scaled.jpg","width":2560,"height":1707},{"@type":"BreadcrumbList","@id":"https:\/\/ride-in.de\/site\/voge\/300r\/#breadcrumb","itemListElement":[{"@type":"ListItem","position":1,"name":"Start","item":"https:\/\/ride-in.de\/site\/"},{"@type":"ListItem","position":2,"name":"VOGE","item":"https:\/\/ride-in.de\/site\/voge\/"},{"@type":"ListItem","position":3,"name":"300R"}]},{"@type":"WebSite","@id":"https:\/\/ride-in.de\/site\/#website","url":"https:\/\/ride-in.de\/site\/","name":"RIDE IN","description":"Zweirad-Service","publisher":{"@id":"https:\/\/ride-in.de\/site\/#organization"},"potentialAction":[{"@type":"SearchAction","target":{"@type":"EntryPoint","urlTemplate":"https:\/\/ride-in.de\/site\/?s={search_term_string}"},"query-input":{"@type":"PropertyValueSpecification","valueRequired":true,"valueName":"search_term_string"}}],"inLanguage":"de"},{"@type":"Organization","@id":"https:\/\/ride-in.de\/site\/#organization","name":"RIDE IN","url":"https:\/\/ride-in.de\/site\/","logo":{"@type":"ImageObject","inLanguage":"de","@id":"https:\/\/ride-in.de\/site\/#\/schema\/logo\/image\/","url":"https:\/\/ride-in.de\/site\/wp-content\/uploads\/2021\/01\/logo-ride-in-gerade333x111.png","contentUrl":"https:\/\/ride-in.de\/site\/wp-content\/uploads\/2021\/01\/logo-ride-in-gerade333x111.png","width":333,"height":111,"caption":"RIDE IN"},"image":{"@id":"https:\/\/ride-in.de\/site\/#\/schema\/logo\/image\/"}}]}},"_links":{"self":[{"href":"https:\/\/ride-in.de\/site\/wp-json\/wp\/v2\/pages\/1305","targetHints":{"allow":["GET"]}}],"collection":[{"href":"https:\/\/ride-in.de\/site\/wp-json\/wp\/v2\/pages"}],"about":[{"href":"https:\/\/ride-in.de\/site\/wp-json\/wp\/v2\/types\/page"}],"author":[{"embeddable":true,"href":"https:\/\/ride-in.de\/site\/wp-json\/wp\/v2\/users\/2"}],"replies":[{"embeddable":true,"href":"https:\/\/ride-in.de\/site\/wp-json\/wp\/v2\/comments?post=1305"}],"version-history":[{"count":11,"href":"https:\/\/ride-in.de\/site\/wp-json\/wp\/v2\/pages\/1305\/revisions"}],"predecessor-version":[{"id":1385,"href":"https:\/\/ride-in.de\/site\/wp-json\/wp\/v2\/pages\/1305\/revisions\/1385"}],"up":[{"embeddable":true,"href":"https:\/\/ride-in.de\/site\/wp-json\/wp\/v2\/pages\/181"}],"wp:attachment":[{"href":"https:\/\/ride-in.de\/site\/wp-json\/wp\/v2\/media?parent=1305"}],"wp:term":[{"taxonomy":"folder","embeddable":true,"href":"https:\/\/ride-in.de\/site\/wp-json\/wp\/v2\/folder?post=1305"}],"curies":[{"name":"wp","href":"https:\/\/api.w.org\/{rel}","templated":true}]}}