{"id":1309,"date":"2021-08-27T14:07:16","date_gmt":"2021-08-27T14:07:16","guid":{"rendered":"https:\/\/pixelmaker.info\/?page_id=1309"},"modified":"2021-10-28T20:49:02","modified_gmt":"2021-10-28T20:49:02","slug":"650dsx","status":"publish","type":"page","link":"https:\/\/ride-in.de\/site\/voge\/650dsx\/","title":{"rendered":"650DSX"},"content":{"rendered":"\t\t<div data-elementor-type=\"wp-page\" data-elementor-id=\"1309\" class=\"elementor elementor-1309\">\n\t\t\t\t\t\t<section class=\"has_eae_slider elementor-section elementor-top-section elementor-element elementor-element-e0403ff elementor-section-boxed elementor-section-height-default elementor-section-height-default\" data-eae-slider=\"41214\" data-id=\"e0403ff\" data-element_type=\"section\" data-e-type=\"section\">\n\t\t\t\t\t\t<div class=\"elementor-container elementor-column-gap-default\">\n\t\t\t\t\t<div class=\"has_eae_slider elementor-column elementor-col-100 elementor-top-column elementor-element elementor-element-a9d227c\" data-eae-slider=\"42796\" data-id=\"a9d227c\" data-element_type=\"column\" data-e-type=\"column\">\n\t\t\t<div class=\"elementor-widget-wrap elementor-element-populated\">\n\t\t\t\t\t\t<div class=\"elementor-element elementor-element-e059e37 elementor-widget elementor-widget-image\" data-id=\"e059e37\" data-element_type=\"widget\" data-e-type=\"widget\" data-widget_type=\"image.default\">\n\t\t\t\t<div class=\"elementor-widget-container\">\n\t\t\t\t\t\t\t\t\t\t\t\t\t\t\t<img fetchpriority=\"high\" decoding=\"async\" width=\"1024\" height=\"685\" src=\"https:\/\/ride-in.de\/site\/wp-content\/uploads\/VOGE_650DSX_red_01-1024x685.jpg\" class=\"attachment-large size-large wp-image-1425\" alt=\"\" srcset=\"https:\/\/ride-in.de\/site\/wp-content\/uploads\/VOGE_650DSX_red_01-1024x685.jpg 1024w, https:\/\/ride-in.de\/site\/wp-content\/uploads\/VOGE_650DSX_red_01-300x201.jpg 300w, https:\/\/ride-in.de\/site\/wp-content\/uploads\/VOGE_650DSX_red_01-768x514.jpg 768w, https:\/\/ride-in.de\/site\/wp-content\/uploads\/VOGE_650DSX_red_01-1536x1028.jpg 1536w, https:\/\/ride-in.de\/site\/wp-content\/uploads\/VOGE_650DSX_red_01-2048x1370.jpg 2048w, https:\/\/ride-in.de\/site\/wp-content\/uploads\/VOGE_650DSX_red_01-450x300.jpg 450w, https:\/\/ride-in.de\/site\/wp-content\/uploads\/VOGE_650DSX_red_01-90x60.jpg 90w\" sizes=\"(max-width: 1024px) 100vw, 1024px\" \/>\t\t\t\t\t\t\t\t\t\t\t\t\t\t\t<\/div>\n\t\t\t\t<\/div>\n\t\t\t\t<div class=\"elementor-element elementor-element-6ff68b7 elementor-widget elementor-widget-text-editor\" data-id=\"6ff68b7\" data-element_type=\"widget\" data-e-type=\"widget\" data-widget_type=\"text-editor.default\">\n\t\t\t\t<div class=\"elementor-widget-container\">\n\t\t\t\t\t\t\t\t\t<div id=\"c531\" class=\"widthContainer-full\"><div class=\"widthContainer-content\"><div class=\"row  \"><div class=\"widthContainer-content contentWrap_c515\"><div id=\"c515\" class=\"widthContainer-content\"><div class=\"ce-textpic ce-center ce-above\"><div class=\"ce-bodytext\"><p class=\"text-center\">Den Office-Alltag gegen ein Off-road-Abenteuer tauschen? Mit der neuen VOGE 650DSX kein Problem. Sobald man sich auf diese Reise-Enduro Maschine schwingt und sich von den 48 PS des kraftvollen Motors in die Ferne treiben l\u00e4sst, sp\u00fcrt man ein unvergleichliches Gef\u00fchl der Freiheit.<\/p><p class=\"text-center\">Alleine oder zu zweit \u2013 Platz genug bietet das Bike \u2013 geht es hinein ins Gel\u00e4nde. Neue Wege erkundet die 650DSX dank massig Federweg problemlos und die Doppelscheibenbremsanlage mit BOSCH ABS sorgt f\u00fcr Sicherheit und Kontrolle. Also, worauf warten Sie noch? Einer Fahrt in den Sonnenuntergang mit der VOGE 650DSX steht nichts im Wege!<\/p><\/div><\/div><\/div><\/div><\/div><\/div><\/div>\t\t\t\t\t\t\t\t<\/div>\n\t\t\t\t<\/div>\n\t\t\t\t\t<\/div>\n\t\t<\/div>\n\t\t\t\t\t<\/div>\n\t\t<\/section>\n\t\t\t\t<section class=\"has_eae_slider elementor-section elementor-top-section elementor-element elementor-element-446b89a elementor-section-boxed elementor-section-height-default elementor-section-height-default\" data-eae-slider=\"77195\" data-id=\"446b89a\" data-element_type=\"section\" data-e-type=\"section\">\n\t\t\t\t\t\t<div class=\"elementor-container elementor-column-gap-default\">\n\t\t\t\t\t<div class=\"has_eae_slider elementor-column elementor-col-33 elementor-top-column elementor-element elementor-element-aae4402\" data-eae-slider=\"7232\" data-id=\"aae4402\" data-element_type=\"column\" data-e-type=\"column\">\n\t\t\t<div class=\"elementor-widget-wrap elementor-element-populated\">\n\t\t\t\t\t\t<div class=\"elementor-element elementor-element-65afd5d elementor-widget elementor-widget-image\" data-id=\"65afd5d\" data-element_type=\"widget\" data-e-type=\"widget\" data-widget_type=\"image.default\">\n\t\t\t\t<div class=\"elementor-widget-container\">\n\t\t\t\t\t\t\t\t\t\t\t\t\t\t\t<img decoding=\"async\" width=\"1024\" height=\"683\" src=\"https:\/\/ride-in.de\/site\/wp-content\/uploads\/VOGE_650DSX_black_2-1024x683.jpg\" class=\"attachment-large size-large wp-image-1437\" alt=\"\" srcset=\"https:\/\/ride-in.de\/site\/wp-content\/uploads\/VOGE_650DSX_black_2-1024x683.jpg 1024w, https:\/\/ride-in.de\/site\/wp-content\/uploads\/VOGE_650DSX_black_2-300x200.jpg 300w, https:\/\/ride-in.de\/site\/wp-content\/uploads\/VOGE_650DSX_black_2-768x512.jpg 768w, https:\/\/ride-in.de\/site\/wp-content\/uploads\/VOGE_650DSX_black_2-1536x1024.jpg 1536w, https:\/\/ride-in.de\/site\/wp-content\/uploads\/VOGE_650DSX_black_2-2048x1365.jpg 2048w, https:\/\/ride-in.de\/site\/wp-content\/uploads\/VOGE_650DSX_black_2-450x300.jpg 450w, https:\/\/ride-in.de\/site\/wp-content\/uploads\/VOGE_650DSX_black_2-90x60.jpg 90w\" sizes=\"(max-width: 1024px) 100vw, 1024px\" \/>\t\t\t\t\t\t\t\t\t\t\t\t\t\t\t<\/div>\n\t\t\t\t<\/div>\n\t\t\t\t\t<\/div>\n\t\t<\/div>\n\t\t\t\t<div class=\"has_eae_slider elementor-column elementor-col-33 elementor-top-column elementor-element elementor-element-3c0b6ff\" data-eae-slider=\"3624\" data-id=\"3c0b6ff\" data-element_type=\"column\" data-e-type=\"column\">\n\t\t\t<div class=\"elementor-widget-wrap elementor-element-populated\">\n\t\t\t\t\t\t<div class=\"elementor-element elementor-element-6ebf81d elementor-widget elementor-widget-image\" data-id=\"6ebf81d\" data-element_type=\"widget\" data-e-type=\"widget\" data-widget_type=\"image.default\">\n\t\t\t\t<div class=\"elementor-widget-container\">\n\t\t\t\t\t\t\t\t\t\t\t\t\t\t\t<img decoding=\"async\" width=\"1024\" height=\"683\" src=\"https:\/\/ride-in.de\/site\/wp-content\/uploads\/VOGE_650DSX_black_5-1024x683.jpg\" class=\"attachment-large size-large wp-image-1434\" alt=\"\" srcset=\"https:\/\/ride-in.de\/site\/wp-content\/uploads\/VOGE_650DSX_black_5-1024x683.jpg 1024w, https:\/\/ride-in.de\/site\/wp-content\/uploads\/VOGE_650DSX_black_5-300x200.jpg 300w, https:\/\/ride-in.de\/site\/wp-content\/uploads\/VOGE_650DSX_black_5-768x512.jpg 768w, https:\/\/ride-in.de\/site\/wp-content\/uploads\/VOGE_650DSX_black_5-1536x1024.jpg 1536w, https:\/\/ride-in.de\/site\/wp-content\/uploads\/VOGE_650DSX_black_5-2048x1365.jpg 2048w, https:\/\/ride-in.de\/site\/wp-content\/uploads\/VOGE_650DSX_black_5-450x300.jpg 450w, https:\/\/ride-in.de\/site\/wp-content\/uploads\/VOGE_650DSX_black_5-90x60.jpg 90w\" sizes=\"(max-width: 1024px) 100vw, 1024px\" \/>\t\t\t\t\t\t\t\t\t\t\t\t\t\t\t<\/div>\n\t\t\t\t<\/div>\n\t\t\t\t\t<\/div>\n\t\t<\/div>\n\t\t\t\t<div class=\"has_eae_slider elementor-column elementor-col-33 elementor-top-column elementor-element elementor-element-7f70ff3\" data-eae-slider=\"1966\" data-id=\"7f70ff3\" data-element_type=\"column\" data-e-type=\"column\">\n\t\t\t<div class=\"elementor-widget-wrap elementor-element-populated\">\n\t\t\t\t\t\t<div class=\"elementor-element elementor-element-9444178 elementor-widget elementor-widget-image\" data-id=\"9444178\" data-element_type=\"widget\" data-e-type=\"widget\" data-widget_type=\"image.default\">\n\t\t\t\t<div class=\"elementor-widget-container\">\n\t\t\t\t\t\t\t\t\t\t\t\t\t\t\t<img loading=\"lazy\" decoding=\"async\" width=\"1024\" height=\"683\" src=\"https:\/\/ride-in.de\/site\/wp-content\/uploads\/VOGE_650DSX_black_8-1024x683.jpg\" class=\"attachment-large size-large wp-image-1431\" alt=\"\" srcset=\"https:\/\/ride-in.de\/site\/wp-content\/uploads\/VOGE_650DSX_black_8-1024x683.jpg 1024w, https:\/\/ride-in.de\/site\/wp-content\/uploads\/VOGE_650DSX_black_8-300x200.jpg 300w, https:\/\/ride-in.de\/site\/wp-content\/uploads\/VOGE_650DSX_black_8-768x512.jpg 768w, https:\/\/ride-in.de\/site\/wp-content\/uploads\/VOGE_650DSX_black_8-1536x1024.jpg 1536w, https:\/\/ride-in.de\/site\/wp-content\/uploads\/VOGE_650DSX_black_8-2048x1365.jpg 2048w, https:\/\/ride-in.de\/site\/wp-content\/uploads\/VOGE_650DSX_black_8-450x300.jpg 450w, https:\/\/ride-in.de\/site\/wp-content\/uploads\/VOGE_650DSX_black_8-90x60.jpg 90w\" sizes=\"(max-width: 1024px) 100vw, 1024px\" \/>\t\t\t\t\t\t\t\t\t\t\t\t\t\t\t<\/div>\n\t\t\t\t<\/div>\n\t\t\t\t\t<\/div>\n\t\t<\/div>\n\t\t\t\t\t<\/div>\n\t\t<\/section>\n\t\t\t\t<section class=\"has_eae_slider elementor-section elementor-top-section elementor-element elementor-element-56acb64 elementor-section-boxed elementor-section-height-default elementor-section-height-default\" data-eae-slider=\"22682\" data-id=\"56acb64\" data-element_type=\"section\" data-e-type=\"section\">\n\t\t\t\t\t\t<div class=\"elementor-container elementor-column-gap-default\">\n\t\t\t\t\t<div class=\"has_eae_slider elementor-column elementor-col-100 elementor-top-column elementor-element elementor-element-f053f1a\" data-eae-slider=\"9962\" data-id=\"f053f1a\" data-element_type=\"column\" data-e-type=\"column\">\n\t\t\t<div class=\"elementor-widget-wrap\">\n\t\t\t\t\t\t\t<\/div>\n\t\t<\/div>\n\t\t\t\t\t<\/div>\n\t\t<\/section>\n\t\t\t\t<section class=\"has_eae_slider elementor-section elementor-top-section elementor-element elementor-element-ae8aea7 elementor-section-boxed elementor-section-height-default elementor-section-height-default\" data-eae-slider=\"68302\" data-id=\"ae8aea7\" data-element_type=\"section\" data-e-type=\"section\">\n\t\t\t\t\t\t<div class=\"elementor-container elementor-column-gap-default\">\n\t\t\t\t\t<div class=\"has_eae_slider elementor-column elementor-col-100 elementor-top-column elementor-element elementor-element-9f32951\" data-eae-slider=\"60408\" data-id=\"9f32951\" data-element_type=\"column\" data-e-type=\"column\">\n\t\t\t<div class=\"elementor-widget-wrap elementor-element-populated\">\n\t\t\t\t\t\t<div class=\"elementor-element elementor-element-a3c8dbb elementor-widget elementor-widget-text-editor\" data-id=\"a3c8dbb\" data-element_type=\"widget\" data-e-type=\"widget\" data-widget_type=\"text-editor.default\">\n\t\t\t\t<div class=\"elementor-widget-container\">\n\t\t\t\t\t\t\t\t\t<div class=\"productWrap widthContainer-full widthContainer-content\"><div class=\"widthContainer-content productSpecWrap row\" data-jumpnavid=\".productSpecWrap\" data-jumpnav=\"Technische Daten\"><h3>Technische Daten<\/h3><table class=\"productTechnicalSpec\"><tbody><tr><td class=\"specTitle\">Motor<\/td><td class=\"specVal\">fl\u00fcssigkeitsgek\u00fchlter 1-Zylinder-Viertaktmotor mit 4 Ventilen und elektronischer Einspritzung<\/td><\/tr><tr><td class=\"specTitle\">Hubraum<\/td><td class=\"specVal\">652 ccm<\/td><\/tr><tr><td class=\"specTitle\">Max. Leistung<\/td><td class=\"specVal\">35,0 kW (47,6 PS) bei 6750 U\/min<\/td><\/tr><tr><td class=\"specTitle\">Max. Drehmoment<\/td><td class=\"specVal\">60,0 Nm bei 5500 U\/min<\/td><\/tr><tr><td class=\"specTitle\">Getriebe<\/td><td class=\"specVal\">5-Gang Schaltgetriebe<\/td><\/tr><tr><td class=\"specTitle\">Antrieb<\/td><td class=\"specVal\">Kette<\/td><\/tr><tr><td class=\"specTitle\">Abmessungen (LxBxH)<\/td><td class=\"specVal\">2155 mm x 850 mm x 1390 mm<\/td><\/tr><tr><td class=\"specTitle\">Sitzh\u00f6he<\/td><td class=\"specVal\">860 mm<\/td><\/tr><tr><td class=\"specTitle\">Gewicht fahrfertig<\/td><td class=\"specVal\">219 kg<\/td><\/tr><tr><td class=\"specTitle\">Tankinhalt<\/td><td class=\"specVal\">18 L<\/td><\/tr><tr><td class=\"specTitle\">Reifen (vorne\/hinten)<\/td><td class=\"specVal\">110\/80-19 | 150\/70-17<\/td><\/tr><tr><td class=\"specTitle\">Bremse<\/td><td class=\"specVal\">NISSIN Bremsen: mit 2 Wave-Bremsscheiben vorne (298 mm) &amp; 1 Wave-Bremsscheibe hinten (240 mm) mit Bosch ABS<\/td><\/tr><tr><td class=\"specTitle\">Radaufh\u00e4ngung (vorne)<\/td><td class=\"specVal\">41 mm-Up-Side-Down-Gabel (Kayaba)<\/td><\/tr><tr><td class=\"specTitle\">Radaufh\u00e4ngung (hinten)<\/td><td class=\"specVal\">Schwinge und Zentralfederbein (Kayaba), Federvorspannung verstellbar<\/td><\/tr><tr><td class=\"specTitle\">Abgaswerte<\/td><td class=\"specVal\">EURO 5 \/ Kraftstoffverbrauch (l\/100 km) \u00d8 4,2l;<br \/>CO<sub>2<\/sub> Emissionen 96g\/km<\/td><\/tr><\/tbody><\/table><div class=\"starTextContent\"><p>Preis\u00a0\u00a0 6799,- \u20ac<\/p><p>* Die unverbindliche Preisempfehlung in Deutschland versteht sich inklusive derzeit gesetzlicher Mehrwertsteuer und zzgl. \u00dcberf\u00fchrungskosten. Die \u00dcberf\u00fchrungskosten liegen bei 300ccm-Modellen bei 250,00 Euro, bei 500\/650-ccm-Modellen bei 275,00 Euro. Irrt\u00fcmer und \u00c4nderungen vorbehalten.<\/p><\/div><\/div><\/div><div class=\"widthContainer-content contentWrap_c35\"><div id=\"c35\" class=\"widthContainer-content\" data-jumpnavid=\"#c35\" data-jumpnav=\"Finanzierung\"><h2>\u00a0<\/h2><\/div><\/div>\t\t\t\t\t\t\t\t<\/div>\n\t\t\t\t<\/div>\n\t\t\t\t\t<\/div>\n\t\t<\/div>\n\t\t\t\t\t<\/div>\n\t\t<\/section>\n\t\t\t\t<\/div>\n\t\t","protected":false},"excerpt":{"rendered":"<p>Den Office-Alltag gegen ein Off-road-Abenteuer tauschen? Mit der neuen VOGE 650DSX kein Problem. Sobald man sich auf diese Reise-Enduro Maschine schwingt und sich von den 48 PS des kraftvollen Motors in die Ferne treiben l\u00e4sst, sp\u00fcrt man ein unvergleichliches Gef\u00fchl der Freiheit. Alleine oder zu zweit \u2013 Platz genug bietet das Bike \u2013 geht es &hellip; <\/p>\n","protected":false},"author":2,"featured_media":0,"parent":181,"menu_order":5,"comment_status":"closed","ping_status":"closed","template":"","meta":{"footnotes":""},"folder":[142],"class_list":["post-1309","page","type-page","status-publish","hentry"],"yoast_head":"<!-- This site is optimized with the Yoast SEO plugin v27.2 - https:\/\/yoast.com\/product\/yoast-seo-wordpress\/ -->\n<title>650DSX - RIDE IN<\/title>\n<meta name=\"robots\" content=\"index, follow, max-snippet:-1, max-image-preview:large, max-video-preview:-1\" \/>\n<link rel=\"canonical\" href=\"https:\/\/ride-in.de\/site\/voge\/650dsx\/\" \/>\n<meta property=\"og:locale\" content=\"de_DE\" \/>\n<meta property=\"og:type\" content=\"article\" \/>\n<meta property=\"og:title\" content=\"650DSX - RIDE IN\" \/>\n<meta property=\"og:description\" content=\"Den Office-Alltag gegen ein Off-road-Abenteuer tauschen? Mit der neuen VOGE 650DSX kein Problem. Sobald man sich auf diese Reise-Enduro Maschine schwingt und sich von den 48 PS des kraftvollen Motors in die Ferne treiben l\u00e4sst, sp\u00fcrt man ein unvergleichliches Gef\u00fchl der Freiheit. Alleine oder zu zweit \u2013 Platz genug bietet das Bike \u2013 geht es &hellip;\" \/>\n<meta property=\"og:url\" content=\"https:\/\/ride-in.de\/site\/voge\/650dsx\/\" \/>\n<meta property=\"og:site_name\" content=\"RIDE IN\" \/>\n<meta property=\"article:modified_time\" content=\"2021-10-28T20:49:02+00:00\" \/>\n<meta property=\"og:image\" content=\"https:\/\/ride-in.de\/site\/wp-content\/uploads\/VOGE_650DSX_red_01-scaled.jpg\" \/>\n\t<meta property=\"og:image:width\" content=\"2560\" \/>\n\t<meta property=\"og:image:height\" content=\"1713\" \/>\n\t<meta property=\"og:image:type\" content=\"image\/jpeg\" \/>\n<meta name=\"twitter:card\" content=\"summary_large_image\" \/>\n<meta name=\"twitter:label1\" content=\"Gesch\u00e4tzte Lesezeit\" \/>\n\t<meta name=\"twitter:data1\" content=\"1\u00a0Minute\" \/>\n<script type=\"application\/ld+json\" class=\"yoast-schema-graph\">{\"@context\":\"https:\/\/schema.org\",\"@graph\":[{\"@type\":\"WebPage\",\"@id\":\"https:\/\/ride-in.de\/site\/voge\/650dsx\/\",\"url\":\"https:\/\/ride-in.de\/site\/voge\/650dsx\/\",\"name\":\"650DSX - RIDE IN\",\"isPartOf\":{\"@id\":\"https:\/\/ride-in.de\/site\/#website\"},\"primaryImageOfPage\":{\"@id\":\"https:\/\/ride-in.de\/site\/voge\/650dsx\/#primaryimage\"},\"image\":{\"@id\":\"https:\/\/ride-in.de\/site\/voge\/650dsx\/#primaryimage\"},\"thumbnailUrl\":\"https:\/\/ride-in.de\/site\/wp-content\/uploads\/VOGE_650DSX_red_01-1024x685.jpg\",\"datePublished\":\"2021-08-27T14:07:16+00:00\",\"dateModified\":\"2021-10-28T20:49:02+00:00\",\"breadcrumb\":{\"@id\":\"https:\/\/ride-in.de\/site\/voge\/650dsx\/#breadcrumb\"},\"inLanguage\":\"de\",\"potentialAction\":[{\"@type\":\"ReadAction\",\"target\":[\"https:\/\/ride-in.de\/site\/voge\/650dsx\/\"]}]},{\"@type\":\"ImageObject\",\"inLanguage\":\"de\",\"@id\":\"https:\/\/ride-in.de\/site\/voge\/650dsx\/#primaryimage\",\"url\":\"https:\/\/ride-in.de\/site\/wp-content\/uploads\/VOGE_650DSX_red_01-scaled.jpg\",\"contentUrl\":\"https:\/\/ride-in.de\/site\/wp-content\/uploads\/VOGE_650DSX_red_01-scaled.jpg\",\"width\":2560,\"height\":1713},{\"@type\":\"BreadcrumbList\",\"@id\":\"https:\/\/ride-in.de\/site\/voge\/650dsx\/#breadcrumb\",\"itemListElement\":[{\"@type\":\"ListItem\",\"position\":1,\"name\":\"Start\",\"item\":\"https:\/\/ride-in.de\/site\/\"},{\"@type\":\"ListItem\",\"position\":2,\"name\":\"VOGE\",\"item\":\"https:\/\/ride-in.de\/site\/voge\/\"},{\"@type\":\"ListItem\",\"position\":3,\"name\":\"650DSX\"}]},{\"@type\":\"WebSite\",\"@id\":\"https:\/\/ride-in.de\/site\/#website\",\"url\":\"https:\/\/ride-in.de\/site\/\",\"name\":\"RIDE IN\",\"description\":\"Zweirad-Service\",\"publisher\":{\"@id\":\"https:\/\/ride-in.de\/site\/#organization\"},\"potentialAction\":[{\"@type\":\"SearchAction\",\"target\":{\"@type\":\"EntryPoint\",\"urlTemplate\":\"https:\/\/ride-in.de\/site\/?s={search_term_string}\"},\"query-input\":{\"@type\":\"PropertyValueSpecification\",\"valueRequired\":true,\"valueName\":\"search_term_string\"}}],\"inLanguage\":\"de\"},{\"@type\":\"Organization\",\"@id\":\"https:\/\/ride-in.de\/site\/#organization\",\"name\":\"RIDE IN\",\"url\":\"https:\/\/ride-in.de\/site\/\",\"logo\":{\"@type\":\"ImageObject\",\"inLanguage\":\"de\",\"@id\":\"https:\/\/ride-in.de\/site\/#\/schema\/logo\/image\/\",\"url\":\"https:\/\/ride-in.de\/site\/wp-content\/uploads\/2021\/01\/logo-ride-in-gerade333x111.png\",\"contentUrl\":\"https:\/\/ride-in.de\/site\/wp-content\/uploads\/2021\/01\/logo-ride-in-gerade333x111.png\",\"width\":333,\"height\":111,\"caption\":\"RIDE IN\"},\"image\":{\"@id\":\"https:\/\/ride-in.de\/site\/#\/schema\/logo\/image\/\"}}]}<\/script>\n<!-- \/ Yoast SEO plugin. -->","yoast_head_json":{"title":"650DSX - RIDE IN","robots":{"index":"index","follow":"follow","max-snippet":"max-snippet:-1","max-image-preview":"max-image-preview:large","max-video-preview":"max-video-preview:-1"},"canonical":"https:\/\/ride-in.de\/site\/voge\/650dsx\/","og_locale":"de_DE","og_type":"article","og_title":"650DSX - RIDE IN","og_description":"Den Office-Alltag gegen ein Off-road-Abenteuer tauschen? Mit der neuen VOGE 650DSX kein Problem. Sobald man sich auf diese Reise-Enduro Maschine schwingt und sich von den 48 PS des kraftvollen Motors in die Ferne treiben l\u00e4sst, sp\u00fcrt man ein unvergleichliches Gef\u00fchl der Freiheit. Alleine oder zu zweit \u2013 Platz genug bietet das Bike \u2013 geht es &hellip;","og_url":"https:\/\/ride-in.de\/site\/voge\/650dsx\/","og_site_name":"RIDE IN","article_modified_time":"2021-10-28T20:49:02+00:00","og_image":[{"width":2560,"height":1713,"url":"https:\/\/ride-in.de\/site\/wp-content\/uploads\/VOGE_650DSX_red_01-scaled.jpg","type":"image\/jpeg"}],"twitter_card":"summary_large_image","twitter_misc":{"Gesch\u00e4tzte Lesezeit":"1\u00a0Minute"},"schema":{"@context":"https:\/\/schema.org","@graph":[{"@type":"WebPage","@id":"https:\/\/ride-in.de\/site\/voge\/650dsx\/","url":"https:\/\/ride-in.de\/site\/voge\/650dsx\/","name":"650DSX - RIDE IN","isPartOf":{"@id":"https:\/\/ride-in.de\/site\/#website"},"primaryImageOfPage":{"@id":"https:\/\/ride-in.de\/site\/voge\/650dsx\/#primaryimage"},"image":{"@id":"https:\/\/ride-in.de\/site\/voge\/650dsx\/#primaryimage"},"thumbnailUrl":"https:\/\/ride-in.de\/site\/wp-content\/uploads\/VOGE_650DSX_red_01-1024x685.jpg","datePublished":"2021-08-27T14:07:16+00:00","dateModified":"2021-10-28T20:49:02+00:00","breadcrumb":{"@id":"https:\/\/ride-in.de\/site\/voge\/650dsx\/#breadcrumb"},"inLanguage":"de","potentialAction":[{"@type":"ReadAction","target":["https:\/\/ride-in.de\/site\/voge\/650dsx\/"]}]},{"@type":"ImageObject","inLanguage":"de","@id":"https:\/\/ride-in.de\/site\/voge\/650dsx\/#primaryimage","url":"https:\/\/ride-in.de\/site\/wp-content\/uploads\/VOGE_650DSX_red_01-scaled.jpg","contentUrl":"https:\/\/ride-in.de\/site\/wp-content\/uploads\/VOGE_650DSX_red_01-scaled.jpg","width":2560,"height":1713},{"@type":"BreadcrumbList","@id":"https:\/\/ride-in.de\/site\/voge\/650dsx\/#breadcrumb","itemListElement":[{"@type":"ListItem","position":1,"name":"Start","item":"https:\/\/ride-in.de\/site\/"},{"@type":"ListItem","position":2,"name":"VOGE","item":"https:\/\/ride-in.de\/site\/voge\/"},{"@type":"ListItem","position":3,"name":"650DSX"}]},{"@type":"WebSite","@id":"https:\/\/ride-in.de\/site\/#website","url":"https:\/\/ride-in.de\/site\/","name":"RIDE IN","description":"Zweirad-Service","publisher":{"@id":"https:\/\/ride-in.de\/site\/#organization"},"potentialAction":[{"@type":"SearchAction","target":{"@type":"EntryPoint","urlTemplate":"https:\/\/ride-in.de\/site\/?s={search_term_string}"},"query-input":{"@type":"PropertyValueSpecification","valueRequired":true,"valueName":"search_term_string"}}],"inLanguage":"de"},{"@type":"Organization","@id":"https:\/\/ride-in.de\/site\/#organization","name":"RIDE IN","url":"https:\/\/ride-in.de\/site\/","logo":{"@type":"ImageObject","inLanguage":"de","@id":"https:\/\/ride-in.de\/site\/#\/schema\/logo\/image\/","url":"https:\/\/ride-in.de\/site\/wp-content\/uploads\/2021\/01\/logo-ride-in-gerade333x111.png","contentUrl":"https:\/\/ride-in.de\/site\/wp-content\/uploads\/2021\/01\/logo-ride-in-gerade333x111.png","width":333,"height":111,"caption":"RIDE IN"},"image":{"@id":"https:\/\/ride-in.de\/site\/#\/schema\/logo\/image\/"}}]}},"_links":{"self":[{"href":"https:\/\/ride-in.de\/site\/wp-json\/wp\/v2\/pages\/1309","targetHints":{"allow":["GET"]}}],"collection":[{"href":"https:\/\/ride-in.de\/site\/wp-json\/wp\/v2\/pages"}],"about":[{"href":"https:\/\/ride-in.de\/site\/wp-json\/wp\/v2\/types\/page"}],"author":[{"embeddable":true,"href":"https:\/\/ride-in.de\/site\/wp-json\/wp\/v2\/users\/2"}],"replies":[{"embeddable":true,"href":"https:\/\/ride-in.de\/site\/wp-json\/wp\/v2\/comments?post=1309"}],"version-history":[{"count":9,"href":"https:\/\/ride-in.de\/site\/wp-json\/wp\/v2\/pages\/1309\/revisions"}],"predecessor-version":[{"id":1442,"href":"https:\/\/ride-in.de\/site\/wp-json\/wp\/v2\/pages\/1309\/revisions\/1442"}],"up":[{"embeddable":true,"href":"https:\/\/ride-in.de\/site\/wp-json\/wp\/v2\/pages\/181"}],"wp:attachment":[{"href":"https:\/\/ride-in.de\/site\/wp-json\/wp\/v2\/media?parent=1309"}],"wp:term":[{"taxonomy":"folder","embeddable":true,"href":"https:\/\/ride-in.de\/site\/wp-json\/wp\/v2\/folder?post=1309"}],"curies":[{"name":"wp","href":"https:\/\/api.w.org\/{rel}","templated":true}]}}