{"id":1462,"date":"2021-10-19T21:39:35","date_gmt":"2021-10-19T21:39:35","guid":{"rendered":"https:\/\/ride-in.de\/site\/?page_id=1462"},"modified":"2021-10-19T21:51:17","modified_gmt":"2021-10-19T21:51:17","slug":"impressum","status":"publish","type":"page","link":"https:\/\/ride-in.de\/site\/impressum\/","title":{"rendered":"Impressum"},"content":{"rendered":"\t\t<div data-elementor-type=\"wp-page\" data-elementor-id=\"1462\" class=\"elementor elementor-1462\">\n\t\t\t\t\t\t<section class=\"has_eae_slider elementor-section elementor-top-section elementor-element elementor-element-2236d3f elementor-section-boxed elementor-section-height-default elementor-section-height-default\" data-eae-slider=\"27418\" data-id=\"2236d3f\" data-element_type=\"section\" data-e-type=\"section\">\n\t\t\t\t\t\t<div class=\"elementor-container elementor-column-gap-default\">\n\t\t\t\t\t<div class=\"has_eae_slider elementor-column elementor-col-100 elementor-top-column elementor-element elementor-element-29e544f\" data-eae-slider=\"43393\" data-id=\"29e544f\" data-element_type=\"column\" data-e-type=\"column\">\n\t\t\t<div class=\"elementor-widget-wrap elementor-element-populated\">\n\t\t\t\t\t\t<div class=\"elementor-element elementor-element-f7c940c elementor-widget elementor-widget-text-editor\" data-id=\"f7c940c\" data-element_type=\"widget\" data-e-type=\"widget\" data-widget_type=\"text-editor.default\">\n\t\t\t\t<div class=\"elementor-widget-container\">\n\t\t\t\t\t\t\t\t\t<p><span style=\"font-size: 14px;\"><strong><span style=\"font-size: 16px;\"><span style=\"font-size: 18px;\">Impressum<\/span><br \/><span style=\"font-size: 12px;\">Gesetzliche Anbieterkennung:<\/span><\/span><\/strong><\/span><br \/><br \/><strong><span style=\"font-size: 14px;\">Andreas Landrock<\/span><br \/><span style=\"font-size: 14px;\">Leipziger Platz 7<br \/>08371 Glauchau<br \/>Deutschland<br \/>Telefon: 03763-16400<\/span><\/strong><br \/><strong><span style=\"font-size: 14px;\">E-Mail: info@ride-in.de<\/span><\/strong><br \/><strong><span style=\"font-size: 14px;\">USt-IdNr.: DE141189518<\/span><\/strong><br \/><br \/><br \/><br \/><br \/><br \/><br \/><span style=\"font-size: 14px;\"><strong>Alternative Streitbeilegung:<\/strong><br \/>Die Europ\u00e4ische Kommission stellt eine Plattform f\u00fcr die au\u00dfergerichtliche Online-Streitbeilegung (OS-Plattform) bereit, aufrufbar unter <a href=\"https:\/\/ec.europa.eu\/odr\" target=\"_blank\" rel=\"noopener\">https:\/\/ec.europa.eu\/odr<\/a>.<\/span><\/p><p>\u00a0<\/p>\t\t\t\t\t\t\t\t<\/div>\n\t\t\t\t<\/div>\n\t\t\t\t\t<\/div>\n\t\t<\/div>\n\t\t\t\t\t<\/div>\n\t\t<\/section>\n\t\t\t\t<\/div>\n\t\t","protected":false},"excerpt":{"rendered":"<p>ImpressumGesetzliche Anbieterkennung: Andreas LandrockLeipziger Platz 708371 GlauchauDeutschlandTelefon: 03763-16400E-Mail: info@ride-in.deUSt-IdNr.: DE141189518 Alternative Streitbeilegung:Die Europ\u00e4ische Kommission stellt eine Plattform f\u00fcr die au\u00dfergerichtliche Online-Streitbeilegung (OS-Plattform) bereit, aufrufbar unter https:\/\/ec.europa.eu\/odr. \u00a0<\/p>\n","protected":false},"author":1,"featured_media":0,"parent":0,"menu_order":0,"comment_status":"closed","ping_status":"closed","template":"","meta":{"footnotes":""},"folder":[147],"class_list":["post-1462","page","type-page","status-publish","hentry"],"yoast_head":"<!-- This site is optimized with the Yoast SEO plugin v27.5 - https:\/\/yoast.com\/product\/yoast-seo-wordpress\/ -->\n<title>Impressum - RIDE IN<\/title>\n<meta name=\"robots\" content=\"index, follow, max-snippet:-1, max-image-preview:large, max-video-preview:-1\" \/>\n<link rel=\"canonical\" href=\"https:\/\/ride-in.de\/site\/impressum\/\" \/>\n<meta property=\"og:locale\" content=\"de_DE\" \/>\n<meta property=\"og:type\" content=\"article\" \/>\n<meta property=\"og:title\" content=\"Impressum - RIDE IN\" \/>\n<meta property=\"og:description\" content=\"ImpressumGesetzliche Anbieterkennung: Andreas LandrockLeipziger Platz 708371 GlauchauDeutschlandTelefon: 03763-16400E-Mail: info@ride-in.deUSt-IdNr.: DE141189518 Alternative Streitbeilegung:Die Europ\u00e4ische Kommission stellt eine Plattform f\u00fcr die au\u00dfergerichtliche Online-Streitbeilegung (OS-Plattform) bereit, aufrufbar unter https:\/\/ec.europa.eu\/odr. \u00a0\" \/>\n<meta property=\"og:url\" content=\"https:\/\/ride-in.de\/site\/impressum\/\" \/>\n<meta property=\"og:site_name\" content=\"RIDE IN\" \/>\n<meta property=\"article:modified_time\" content=\"2021-10-19T21:51:17+00:00\" \/>\n<meta name=\"twitter:card\" content=\"summary_large_image\" \/>\n<script type=\"application\/ld+json\" class=\"yoast-schema-graph\">{\"@context\":\"https:\\\/\\\/schema.org\",\"@graph\":[{\"@type\":\"WebPage\",\"@id\":\"https:\\\/\\\/ride-in.de\\\/site\\\/impressum\\\/\",\"url\":\"https:\\\/\\\/ride-in.de\\\/site\\\/impressum\\\/\",\"name\":\"Impressum - RIDE IN\",\"isPartOf\":{\"@id\":\"https:\\\/\\\/ride-in.de\\\/site\\\/#website\"},\"datePublished\":\"2021-10-19T21:39:35+00:00\",\"dateModified\":\"2021-10-19T21:51:17+00:00\",\"breadcrumb\":{\"@id\":\"https:\\\/\\\/ride-in.de\\\/site\\\/impressum\\\/#breadcrumb\"},\"inLanguage\":\"de\",\"potentialAction\":[{\"@type\":\"ReadAction\",\"target\":[\"https:\\\/\\\/ride-in.de\\\/site\\\/impressum\\\/\"]}]},{\"@type\":\"BreadcrumbList\",\"@id\":\"https:\\\/\\\/ride-in.de\\\/site\\\/impressum\\\/#breadcrumb\",\"itemListElement\":[{\"@type\":\"ListItem\",\"position\":1,\"name\":\"Start\",\"item\":\"https:\\\/\\\/ride-in.de\\\/site\\\/\"},{\"@type\":\"ListItem\",\"position\":2,\"name\":\"Impressum\"}]},{\"@type\":\"WebSite\",\"@id\":\"https:\\\/\\\/ride-in.de\\\/site\\\/#website\",\"url\":\"https:\\\/\\\/ride-in.de\\\/site\\\/\",\"name\":\"RIDE IN\",\"description\":\"Zweirad-Service\",\"publisher\":{\"@id\":\"https:\\\/\\\/ride-in.de\\\/site\\\/#organization\"},\"potentialAction\":[{\"@type\":\"SearchAction\",\"target\":{\"@type\":\"EntryPoint\",\"urlTemplate\":\"https:\\\/\\\/ride-in.de\\\/site\\\/?s={search_term_string}\"},\"query-input\":{\"@type\":\"PropertyValueSpecification\",\"valueRequired\":true,\"valueName\":\"search_term_string\"}}],\"inLanguage\":\"de\"},{\"@type\":\"Organization\",\"@id\":\"https:\\\/\\\/ride-in.de\\\/site\\\/#organization\",\"name\":\"RIDE IN\",\"url\":\"https:\\\/\\\/ride-in.de\\\/site\\\/\",\"logo\":{\"@type\":\"ImageObject\",\"inLanguage\":\"de\",\"@id\":\"https:\\\/\\\/ride-in.de\\\/site\\\/#\\\/schema\\\/logo\\\/image\\\/\",\"url\":\"https:\\\/\\\/ride-in.de\\\/site\\\/wp-content\\\/uploads\\\/2021\\\/01\\\/logo-ride-in-gerade333x111.png\",\"contentUrl\":\"https:\\\/\\\/ride-in.de\\\/site\\\/wp-content\\\/uploads\\\/2021\\\/01\\\/logo-ride-in-gerade333x111.png\",\"width\":333,\"height\":111,\"caption\":\"RIDE IN\"},\"image\":{\"@id\":\"https:\\\/\\\/ride-in.de\\\/site\\\/#\\\/schema\\\/logo\\\/image\\\/\"}}]}<\/script>\n<!-- \/ Yoast SEO plugin. -->","yoast_head_json":{"title":"Impressum - RIDE IN","robots":{"index":"index","follow":"follow","max-snippet":"max-snippet:-1","max-image-preview":"max-image-preview:large","max-video-preview":"max-video-preview:-1"},"canonical":"https:\/\/ride-in.de\/site\/impressum\/","og_locale":"de_DE","og_type":"article","og_title":"Impressum - RIDE IN","og_description":"ImpressumGesetzliche Anbieterkennung: Andreas LandrockLeipziger Platz 708371 GlauchauDeutschlandTelefon: 03763-16400E-Mail: info@ride-in.deUSt-IdNr.: DE141189518 Alternative Streitbeilegung:Die Europ\u00e4ische Kommission stellt eine Plattform f\u00fcr die au\u00dfergerichtliche Online-Streitbeilegung (OS-Plattform) bereit, aufrufbar unter https:\/\/ec.europa.eu\/odr. \u00a0","og_url":"https:\/\/ride-in.de\/site\/impressum\/","og_site_name":"RIDE IN","article_modified_time":"2021-10-19T21:51:17+00:00","twitter_card":"summary_large_image","schema":{"@context":"https:\/\/schema.org","@graph":[{"@type":"WebPage","@id":"https:\/\/ride-in.de\/site\/impressum\/","url":"https:\/\/ride-in.de\/site\/impressum\/","name":"Impressum - RIDE IN","isPartOf":{"@id":"https:\/\/ride-in.de\/site\/#website"},"datePublished":"2021-10-19T21:39:35+00:00","dateModified":"2021-10-19T21:51:17+00:00","breadcrumb":{"@id":"https:\/\/ride-in.de\/site\/impressum\/#breadcrumb"},"inLanguage":"de","potentialAction":[{"@type":"ReadAction","target":["https:\/\/ride-in.de\/site\/impressum\/"]}]},{"@type":"BreadcrumbList","@id":"https:\/\/ride-in.de\/site\/impressum\/#breadcrumb","itemListElement":[{"@type":"ListItem","position":1,"name":"Start","item":"https:\/\/ride-in.de\/site\/"},{"@type":"ListItem","position":2,"name":"Impressum"}]},{"@type":"WebSite","@id":"https:\/\/ride-in.de\/site\/#website","url":"https:\/\/ride-in.de\/site\/","name":"RIDE IN","description":"Zweirad-Service","publisher":{"@id":"https:\/\/ride-in.de\/site\/#organization"},"potentialAction":[{"@type":"SearchAction","target":{"@type":"EntryPoint","urlTemplate":"https:\/\/ride-in.de\/site\/?s={search_term_string}"},"query-input":{"@type":"PropertyValueSpecification","valueRequired":true,"valueName":"search_term_string"}}],"inLanguage":"de"},{"@type":"Organization","@id":"https:\/\/ride-in.de\/site\/#organization","name":"RIDE IN","url":"https:\/\/ride-in.de\/site\/","logo":{"@type":"ImageObject","inLanguage":"de","@id":"https:\/\/ride-in.de\/site\/#\/schema\/logo\/image\/","url":"https:\/\/ride-in.de\/site\/wp-content\/uploads\/2021\/01\/logo-ride-in-gerade333x111.png","contentUrl":"https:\/\/ride-in.de\/site\/wp-content\/uploads\/2021\/01\/logo-ride-in-gerade333x111.png","width":333,"height":111,"caption":"RIDE IN"},"image":{"@id":"https:\/\/ride-in.de\/site\/#\/schema\/logo\/image\/"}}]}},"_links":{"self":[{"href":"https:\/\/ride-in.de\/site\/wp-json\/wp\/v2\/pages\/1462","targetHints":{"allow":["GET"]}}],"collection":[{"href":"https:\/\/ride-in.de\/site\/wp-json\/wp\/v2\/pages"}],"about":[{"href":"https:\/\/ride-in.de\/site\/wp-json\/wp\/v2\/types\/page"}],"author":[{"embeddable":true,"href":"https:\/\/ride-in.de\/site\/wp-json\/wp\/v2\/users\/1"}],"replies":[{"embeddable":true,"href":"https:\/\/ride-in.de\/site\/wp-json\/wp\/v2\/comments?post=1462"}],"version-history":[{"count":13,"href":"https:\/\/ride-in.de\/site\/wp-json\/wp\/v2\/pages\/1462\/revisions"}],"predecessor-version":[{"id":1489,"href":"https:\/\/ride-in.de\/site\/wp-json\/wp\/v2\/pages\/1462\/revisions\/1489"}],"wp:attachment":[{"href":"https:\/\/ride-in.de\/site\/wp-json\/wp\/v2\/media?parent=1462"}],"wp:term":[{"taxonomy":"folder","embeddable":true,"href":"https:\/\/ride-in.de\/site\/wp-json\/wp\/v2\/folder?post=1462"}],"curies":[{"name":"wp","href":"https:\/\/api.w.org\/{rel}","templated":true}]}}