{"id":1471,"date":"2021-10-19T21:46:35","date_gmt":"2021-10-19T21:46:35","guid":{"rendered":"https:\/\/ride-in.de\/site\/?page_id=1471"},"modified":"2021-10-19T21:55:25","modified_gmt":"2021-10-19T21:55:25","slug":"unsere-agb","status":"publish","type":"page","link":"https:\/\/ride-in.de\/site\/unsere-agb\/","title":{"rendered":"Unsere AGB"},"content":{"rendered":"\t\t<div data-elementor-type=\"wp-page\" data-elementor-id=\"1471\" class=\"elementor elementor-1471\">\n\t\t\t\t\t\t<section class=\"has_eae_slider elementor-section elementor-top-section elementor-element elementor-element-204d959 elementor-section-boxed elementor-section-height-default elementor-section-height-default\" data-eae-slider=\"23548\" data-id=\"204d959\" data-element_type=\"section\" data-e-type=\"section\">\n\t\t\t\t\t\t<div class=\"elementor-container elementor-column-gap-default\">\n\t\t\t\t\t<div class=\"has_eae_slider elementor-column elementor-col-100 elementor-top-column elementor-element elementor-element-02ccd91\" data-eae-slider=\"29229\" data-id=\"02ccd91\" data-element_type=\"column\" data-e-type=\"column\">\n\t\t\t<div class=\"elementor-widget-wrap elementor-element-populated\">\n\t\t\t\t\t\t<div class=\"elementor-element elementor-element-1d6f8fb elementor-widget elementor-widget-text-editor\" data-id=\"1d6f8fb\" data-element_type=\"widget\" data-e-type=\"widget\" data-widget_type=\"text-editor.default\">\n\t\t\t\t<div class=\"elementor-widget-container\">\n\t\t\t\t\t\t\t\t\t<p><span style=\"font-size: 18px;\"><strong>Allgemeine Gesch\u00e4ftsbedingungen und Kundeninformationen<\/strong><\/span><br \/><br \/><span style=\"font-size: 16px;\"><strong>I. Allgemeine Gesch\u00e4ftsbedingungen<\/strong><\/span><br \/><br \/><span style=\"font-size: 16px;\"><strong>\u00a7 1 Grundlegende Bestimmungen<\/strong><\/span><br \/><br \/><span style=\"font-size: 14px;\"><strong>(1)<\/strong> Die nachstehenden Gesch\u00e4ftsbedingungen gelten f\u00fcr alle Vertr\u00e4ge, die Sie mit uns als Anbieter (<span style=\"font-size: 14px;\"><span style=\"font-size: 14px;\">Andreas Landrock<\/span><\/span>) \u00fcber die Internetseite ride-in.de\/xtc schlie\u00dfen. Soweit nicht anders vereinbart, wird der Einbeziehung gegebenenfalls von Ihnen verwendeter eigener Bedingungen widersprochen.<\/span><br \/><br \/><span style=\"font-size: 14px;\"><strong>(2)<\/strong> Verbraucher im Sinne der nachstehenden Regelungen ist jede nat\u00fcrliche Person, die ein Rechtsgesch\u00e4ft zu Zwecken abschlie\u00dft, die \u00fcberwiegend weder ihrer gewerblichen noch ihrer selbst\u00e4ndigen beruflichen T\u00e4tigkeit zugerechnet werden kann. Unternehmer ist jede nat\u00fcrliche oder juristische Person oder eine rechtsf\u00e4hige Personengesellschaft, die bei Abschluss eines Rechtsgesch\u00e4fts in Aus\u00fcbung ihrer selbst\u00e4ndigen beruflichen oder gewerblichen T\u00e4tigkeit handelt.<\/span><br \/><br \/><span style=\"font-size: 16px;\"><strong>\u00a7 2 Zustandekommen des Vertrages<\/strong><\/span><br \/><br \/><span style=\"font-size: 14px;\"><strong>(1)<\/strong> Gegenstand des Vertrages ist der Verkauf von Waren.<\/span><br \/><br \/><span style=\"font-size: 14px;\">Unsere Angebote im Internet sind unverbindlich und kein verbindliches Angebot zum Abschluss eines Vertrages.<\/span><br \/><br \/><\/p><div><span style=\"font-size: 14px;\"><strong><span style=\"font-size: 14px;\">(2) <\/span><\/strong>Sie k\u00f6nnen ein verbindliches Kaufangebot (Bestellung) \u00fcber das Online-Warenkorbsystem abgeben.<br \/>Dabei werden die zum Kauf beabsichtigten Waren im \u201eWarenkorb&#8221; abgelegt. \u00dcber die entsprechende Schaltfl\u00e4che in der Navigationsleiste k\u00f6nnen Sie den \u201eWarenkorb&#8221; aufrufen und dort jederzeit \u00c4nderungen vornehmen. Nach Aufrufen der Seite \u201eKasse&#8221; und der Eingabe der pers\u00f6nlichen Daten sowie der Zahlungs- und Versandbedingungen werden abschlie\u00dfend nochmals alle Bestelldaten auf der Bestell\u00fcbersichtsseite angezeigt.<\/span><\/div><p><span style=\"font-size: 14px;\">Vor Absenden der Bestellung haben Sie die M\u00f6glichkeit, hier s\u00e4mtliche Angaben nochmals zu \u00fcberpr\u00fcfen, zu \u00e4ndern (auch \u00fcber die Funktion \u201ezur\u00fcck&#8221; des Internetbrowsers) bzw. den Kauf abzubrechen. <\/span><br \/><span style=\"font-size: 14px;\">Mit dem Absenden der Bestellung \u00fcber die Schaltfl\u00e4che &#8220;<span style=\"font-size: 14px;\">zahlungspflichtig bestellen<\/span>&#8221; geben Sie ein verbindliches Angebot bei uns ab.<\/span><br \/><br \/><span style=\"font-size: 14px;\"><strong>(3)<\/strong> Die Annahme des Angebots (und damit der Vertragsabschluss) erfolgt unverz\u00fcglich nach Bestellung durch Best\u00e4tigung in Textform (z.B. E-Mail), in welcher Ihnen die Ausf\u00fchrung der Bestellung oder Auslieferung der Ware best\u00e4tigt wird (Auftragsbest\u00e4tigung).<\/span><br \/><span style=\"font-size: 14px;\">Sollten Sie keine entsprechende Nachricht erhalten haben, sind Sie nicht mehr an Ihre Bestellung gebunden. Gegebenenfalls bereits erbrachte Leistungen werden in diesem Fall unverz\u00fcglich zur\u00fcckerstattet.<\/span><br \/><br \/><span style=\"font-size: 14px;\"><strong>(4)<\/strong> Ihre Anfragen zur Erstellung eines Angebotes sind f\u00fcr Sie unverbindlich. Wir unterbreiten Ihnen hierzu ein verbindliches Angebot in Textform (z.B. per E-Mail), welches Sie innerhalb von 5 Tagen annehmen k\u00f6nnen.<\/span><br \/><br \/><span style=\"font-size: 14px;\"><strong>(5)<\/strong> Die Abwicklung der Bestellung und \u00dcbermittlung aller im Zusammenhang mit dem Vertragsschluss erforderlichen Informationen erfolgt per E-Mail zum Teil automatisiert. Sie haben deshalb sicherzustellen, dass die von Ihnen bei uns hinterlegte E-Mail-Adresse zutreffend ist, der Empfang der E-Mails technisch sichergestellt und insbesondere nicht durch SPAM-Filter verhindert wird.<\/span><br \/><br \/><strong><span style=\"font-size: 16px;\">\u00a7 3 Zur\u00fcckbehaltungsrecht<\/span><\/strong><strong><span style=\"font-size: 16px;\">, Eigentumsvorbehalt<\/span><\/strong><br \/><br \/><span style=\"font-size: 14px;\"><strong>(1)<\/strong> Ein Zur\u00fcckbehaltungsrecht k\u00f6nnen Sie nur aus\u00fcben, soweit es sich um Forderungen aus demselben Vertragsverh\u00e4ltnis handelt.<\/span><br \/><br \/><span style=\"font-size: 14px;\"><strong>(2)<\/strong> \u00a0Die Ware bleibt bis zur vollst\u00e4ndigen Zahlung des Kaufpreises unser Eigentum.<\/span><br \/><br \/><span style=\"font-size: 14px;\"><strong>(3)<\/strong>\u00a0 Sind Sie Unternehmer, gilt erg\u00e4nzend Folgendes:<br \/><br \/>a) Wir behalten uns das Eigentum an der Ware bis zum vollst\u00e4ndigen Ausgleich aller Forderungen aus der laufenden Gesch\u00e4ftsbeziehung vor. Vor \u00dcbergang des Eigentums an der Vorbehaltsware ist eine Verpf\u00e4ndung oder Sicherheits\u00fcbereignung nicht zul\u00e4ssig.<br \/><br \/>b) Sie k\u00f6nnen die Ware im ordentlichen Gesch\u00e4ftsgang weiterverkaufen. F\u00fcr diesen Fall treten Sie bereits jetzt alle Forderungen in H\u00f6he des Rechnungsbetrages, die Ihnen aus dem Weiterverkauf erwachsen, an uns ab, wir nehmen die Abtretung an. Sie sind weiter zur Einziehung der Forderung erm\u00e4chtigt. Soweit Sie Ihren Zahlungsverpflichtungen nicht ordnungsgem\u00e4\u00df nachkommen, behalten wir uns allerdings vor, die Forderung selbst einzuziehen.<br \/><br \/>c) Bei Verbindung und Vermischung der Vorbehaltsware erwerben wir Miteigentum an der neuen Sache im Verh\u00e4ltnis des Rechnungswertes der Vorbehaltsware zu den anderen verarbeiteten Gegenst\u00e4nden zum Zeitpunkt der Verarbeitung.<br \/><br \/>d) Wir verpflichten uns, die uns zustehenden Sicherheiten auf Ihr Verlangen insoweit freizugeben, als der realisierbare Wert unserer Sicherheiten die zu sichernde Forderung um mehr als 10% \u00fcbersteigt. Die Auswahl der freizugebenden Sicherheiten obliegt uns.<\/span><br \/><br \/><strong><span style=\"font-size: 16px;\">\u00a7 4 Gew\u00e4hrleistung<\/span><\/strong><br \/><br \/><span style=\"font-size: 14px;\"><strong>(1) <\/strong>Es bestehen die gesetzlichen M\u00e4ngelhaftungsrechte.<\/span><br \/><br \/><strong><span style=\"font-size: 14px;\">(2)<\/span><\/strong><span style=\"font-size: 14px;\">\u00a0Als Verbraucher werden Sie gebeten, die Sache bei Lieferung umgehend auf Vollst\u00e4ndigkeit, offensichtliche M\u00e4ngel und Transportsch\u00e4den zu \u00fcberpr\u00fcfen und uns sowie dem Spediteur Beanstandungen schnellstm\u00f6glich mitzuteilen. Kommen Sie dem nicht nach, hat dies keine Auswirkung auf Ihre gesetzlichen Gew\u00e4hrleistungsanspr\u00fcche.<\/span><br \/><br \/><span style=\"font-size: 14px;\"><strong>(3)<\/strong> Soweit Sie Unternehmer sind, gilt abweichend von den vorstehenden Gew\u00e4hrleistungsregelungen:<br \/><br \/><strong>a)\u00a0\u00a0<\/strong>Als Beschaffenheit der Sache gelten nur unsere eigenen Angaben und die Produktbeschreibung des Herstellers als vereinbart, nicht jedoch sonstige Werbung, \u00f6ffentliche Anpreisungen und \u00c4u\u00dferungen des Herstellers.<br \/><br \/><strong>b)\u00a0 <\/strong>Bei M\u00e4ngeln leisten wir nach unserer Wahl Gew\u00e4hr durch Nachbesserung oder Nachlieferung.\u00a0Schl\u00e4gt die Mangelbeseitigung fehl, k\u00f6nnen Sie nach Ihrer Wahl Minderung verlangen oder vom Vertrag zur\u00fccktreten. Die M\u00e4ngelbeseitigung gilt nach erfolglosem zweiten Versuch als fehlgeschlagen, wenn sich nicht insbesondere aus der Art der Sache oder des Mangels oder den sonstigen Umst\u00e4nden etwas anderes ergibt. Im Falle der Nachbesserung m\u00fcssen wir nicht die erh\u00f6hten Kosten tragen, die durch die Verbringung der Ware an einen anderen Ort als den Erf\u00fcllungsort entstehen, sofern die Verbringung nicht dem bestimmungsgem\u00e4\u00dfen Gebrauch der Ware entspricht.<br \/><br \/><strong>c) \u00a0<\/strong>Die Gew\u00e4hrleistungsfrist betr\u00e4gt ein Jahr ab Ablieferung der Ware. Die Fristverk\u00fcrzung gilt nicht:<\/span><br \/><br \/><span style=\"font-size: 14px;\">&#8211; f\u00fcr uns zurechenbare schuldhaft verursachte Sch\u00e4den aus der Verletzung des Lebens, des K\u00f6rpers oder der Gesundheit und bei vors\u00e4tzlich oder grob fahrl\u00e4ssig verursachten sonstigen Sch\u00e4den;<\/span><br \/><span style=\"font-size: 14px;\">&#8211; soweit wir den Mangel arglistig verschwiegen oder eine Garantie f\u00fcr die Beschaffenheit der Sache \u00fcbernommen haben;<\/span><br \/><span style=\"font-size: 14px;\">&#8211; bei Sachen, die entsprechend ihrer \u00fcblichen Verwendungsweise f\u00fcr ein Bauwerk verwendet worden sind und dessen Mangelhaftigkeit verursacht haben;<\/span><br \/><span style=\"font-size: 14px;\">&#8211; bei gesetzlichen R\u00fcckgriffsanspr\u00fcchen, die Sie im Zusammenhang mit M\u00e4ngelrechten gegen uns haben.<\/span><br \/><br \/><strong><span style=\"font-size: 16px;\">\u00a7 5 Rechtswahl<\/span><\/strong><br \/><br \/><span style=\"font-size: 14px;\"><strong>(1) <\/strong>\u00a0Es gilt deutsches Recht. Bei Verbrauchern gilt diese Rechtswahl nur, soweit hierdurch der durch zwingende Bestimmungen des Rechts des Staates des gew\u00f6hnlichen Aufenthaltes des Verbrauchers gew\u00e4hrte Schutz nicht entzogen wird (G\u00fcnstigkeitsprinzip).<\/span><br \/><br \/><span style=\"font-size: 14px;\"><strong>(2)<\/strong>\u00a0 Die Bestimmungen des UN-Kaufrechts finden ausdr\u00fccklich keine Anwendung.<\/span><br \/><br \/><br \/><span style=\"font-size: 14px;\">_______________________________________________________________________________________<br \/><br \/><br \/><strong><span style=\"font-size: 16px;\">II. Kundeninformationen <\/span><\/strong><br \/><br \/><span style=\"font-size: 16px;\"><strong>1. Identit\u00e4t des Verk\u00e4ufers<\/strong><\/span><br \/><br \/><span style=\"font-size: 14px;\"><span style=\"font-size: 14px;\"><span style=\"font-size: 14px;\"><span style=\"font-size: 14px;\">Andreas Landrock<\/span><\/span><\/span><br \/>Leipziger Platz 7<br \/>08371 Glauchau<br \/>Deutschland<br \/><span style=\"font-size: 14px;\">Telefon: 316400<\/span><br \/>E-Mail: info@ride-in.de<\/span><br \/><br \/><br \/><span style=\"font-size: 14px;\"><strong>Alternative Streitbeilegung:<\/strong><br \/>Die Europ\u00e4ische Kommission stellt eine Plattform f\u00fcr die au\u00dfergerichtliche Online-Streitbeilegung (OS-Plattform) bereit, aufrufbar unter <a href=\"https:\/\/ec.europa.eu\/odr\" target=\"_blank\" rel=\"noopener\">https:\/\/ec.europa.eu\/odr<\/a>.<\/span><br \/><br \/><strong><span style=\"font-size: 16px;\">2. Informationen zum Zustandekommen des Vertrages<\/span><\/strong><br \/><br \/><span style=\"font-size: 14px;\">Die technischen Schritte zum Vertragsschluss, der Vertragsschluss selbst und die Korrekturm\u00f6glichkeiten erfolgen nach Ma\u00dfgabe der Regelungen &#8220;Zustandekommen des Vertrages&#8221; unserer Allgemeinen Gesch\u00e4ftsbedingungen (Teil I.).<\/span><br \/><br \/><span style=\"font-size: 16px;\"><strong>3. Vertragssprache, Vertragstextspeicherung<\/strong><\/span><br \/><br \/><span style=\"font-size: 14px;\">3.1. Vertragssprache ist deutsch.<\/span><br \/><br \/><span style=\"font-size: 14px;\">3.2. Der vollst\u00e4ndige Vertragstext wird von uns nicht gespeichert. Vor Absenden der Bestellung <\/span><span style=\"font-size: 14px;\"> \u00fcber das Online &#8211; Warenkorbsystem <\/span><span style=\"font-size: 14px;\">\u00a0k\u00f6nnen die Vertragsdaten \u00fcber die Druckfunktion des Browsers ausgedruckt oder elektronisch gesichert werden. Nach Zugang der Bestellung bei uns werden die Bestelldaten, die gesetzlich vorgeschriebenen Informationen bei Fernabsatzvertr\u00e4gen und die Allgemeinen Gesch\u00e4ftsbedingungen nochmals per E-Mail an Sie \u00fcbersandt.<\/span><br \/><br \/><span style=\"font-size: 14px;\">3.3. Bei Angebotsanfragen au\u00dferhalb des Online-Warenkorbsystems erhalten Sie alle Vertragsdaten im Rahmen eines verbindlichen Angebotes in Textform \u00fcbersandt, z.B. per E-Mail, welche Sie ausdrucken oder elektronisch sichern k\u00f6nnen.<\/span><br \/><br \/><span style=\"font-size: 16px;\"><strong>4. Verhaltenskodizes<\/strong><\/span><br \/><br \/><span style=\"font-size: 14px;\">4.1. Wir haben uns den K\u00e4ufersiegel-Qualit\u00e4tskriterien der H\u00e4ndlerbund Management AG und damit einhergehend dem Ecommerce Europe Trustmark Code of Conduct unterworfen, einsehbar unter: <a href=\"https:\/\/www.haendlerbund.de\/images\/content\/kaeufersiegel\/kaeufersiegel-qualitatskriterien.pdf\" target=\"_blank\" rel=\"noopener\">https:\/\/www.haendlerbund.de\/images\/content\/kaeufersiegel\/kaeufersiegel-qualitatskriterien.pdf<\/a> und <a href=\"https:\/\/www.ecommercetrustmark.eu\/the-code-of-conduct\/\" target=\"_blank\" rel=\"noopener\">https:\/\/www.ecommercetrustmark.eu\/the-code-of-conduct\/<\/a><\/span><br \/><br \/><span style=\"font-size: 14px;\">4.2. Wir haben uns dem Europ\u00e4ischen Verhaltenskodex unterworfen, einsehbar unter: <a href=\"http:\/\/www.euro-label.com\/kodex\/index.html\">http:\/\/www.euro-label.com\/kodex\/index.html<\/a>.<\/span><br \/><br \/><strong><span style=\"font-size: 16px;\">5. Wesentliche Merkmale der Ware oder Dienstleistung<\/span><\/strong><br \/><br \/><span style=\"font-size: 14px;\">Die wesentlichen Merkmale der Ware und\/oder Dienstleistung finden sich im jeweiligen Angebot.<\/span><br \/><br \/><strong><span style=\"font-size: 16px;\">6. Preise und Zahlungsmodalit\u00e4ten<\/span><\/strong><br \/><br \/><span style=\"font-size: 14px;\">6.1. Die in den jeweiligen Angeboten angef\u00fchrten Preise sowie die Versandkosten stellen Gesamtpreise dar. Sie beinhalten alle Preisbestandteile einschlie\u00dflich aller anfallenden Steuern.<\/span><br \/><br \/><span style=\"font-size: 14px;\">6.2. Die anfallenden Versandkosten sind nicht im Kaufpreis enthalten.\u00a0Sie sind \u00fcber eine entsprechend bezeichnete Schaltfl\u00e4che auf unserer Internetpr\u00e4senz oder im jeweiligen Angebot aufrufbar,\u00a0werden im Laufe des Bestellvorganges gesondert ausgewiesen und sind von Ihnen zus\u00e4tzlich zu tragen, soweit nicht die versandkostenfreie Lieferung zugesagt ist.<\/span><br \/><br \/><span style=\"font-size: 14px;\">6.3. Erfolgt die Lieferung in L\u00e4nder au\u00dferhalb der Europ\u00e4ischen Union k\u00f6nnen von uns nicht zu vertretende weitere Kosten anfallen, wie z.B. Z\u00f6lle, Steuern oder Geld\u00fcbermittlungsgeb\u00fchren (\u00dcberweisungs- oder Wechselkursgeb\u00fchren der Kreditinstitute), die von Ihnen zu tragen sind.\u00a0Entstandene Kosten der Geld\u00fcbermittlung sind von Ihnen auch in den F\u00e4llen zu tragen, in denen die Lieferung in einen EU-Mitgliedsstaat erfolgt, die Zahlung aber au\u00dferhalb der Europ\u00e4ischen Union veranlasst wurde.<\/span><br \/><br \/><span style=\"font-size: 14px;\">6.4. Die Ihnen zur Verf\u00fcgung stehenden Zahlungsarten <\/span><span style=\"font-size: 14px;\">sind unter einer entsprechend bezeichneten Schaltfl\u00e4che auf unserer Internetpr\u00e4senz oder im jeweiligen Angebot ausgewiesen.<\/span><br \/><br \/><span style=\"font-size: 14px;\">6.5. Soweit bei den einzelnen Zahlungsarten nicht anders angegeben, sind die Zahlungsanspr\u00fcche aus dem geschlossenen Vertrag sofort zur Zahlung f\u00e4llig.<\/span><br \/><br \/><strong><span style=\"font-size: 16px;\">7. Lieferbedingungen<\/span><\/strong><br \/><br \/><span style=\"font-size: 14px;\">7.1. Die Lieferbedingungen, der Liefertermin sowie gegebenenfalls bestehende Lieferbeschr\u00e4nkungen finden sich unter einer entsprechend bezeichneten Schaltfl\u00e4che auf unserer Internetpr\u00e4senz oder im jeweiligen Angebot.<\/span><br \/><br \/><span style=\"font-size: 14px;\">7.2. Soweit Sie Verbraucher sind ist gesetzlich geregelt, dass die Gefahr des zuf\u00e4lligen Untergangs und der zuf\u00e4lligen Verschlechterung der verkauften Sache w\u00e4hrend der Versendung erst mit der \u00dcbergabe der Ware an Sie \u00fcbergeht, unabh\u00e4ngig davon, ob die Versendung versichert oder unversichert erfolgt. Dies gilt nicht, wenn Sie eigenst\u00e4ndig ein nicht vom Unternehmer benanntes Transportunternehmen oder eine sonst zur Ausf\u00fchrung der Versendung bestimmte Person beauftragt haben. <\/span><br \/><br \/><span style=\"font-size: 14px;\">Sind Sie Unternehmer, erfolgt die Lieferung und Versendung auf Ihre Gefahr.<\/span><br \/><br \/><strong><span style=\"font-size: 16px;\">8. Gesetzliches M\u00e4ngelhaftungsrecht <\/span><\/strong><br \/><br \/><span style=\"font-size: 14px;\">Die M\u00e4ngelhaftung richtet sich nach der Regelung &#8220;Gew\u00e4hrleistung&#8221; in unseren Allgemeinen Gesch\u00e4ftsbedingungen (Teil I). <\/span><br \/><br \/><span style=\"font-size: 14px;\">Diese AGB und Kundeninformationen wurden von den auf IT-Recht spezialisierten Juristen des H\u00e4ndlerbundes erstellt und werden permanent auf Rechtskonformit\u00e4t gepr\u00fcft. Die H\u00e4ndlerbund Management AG garantiert f\u00fcr die Rechtssicherheit der Texte und haftet im Falle von Abmahnungen. N\u00e4here Informationen dazu finden Sie unter: <a href=\"https:\/\/www.haendlerbund.de\/agb-service\" target=\"_blank\" rel=\"noopener\">https:\/\/www.haendlerbund.de\/agb-service<\/a>.<\/span><br \/><br \/><span style=\"font-size: 14px;\">letzte Aktualisierung: <span style=\"font-size: 14px;\">07.12.2017<\/span><\/span><\/span><\/p>\t\t\t\t\t\t\t\t<\/div>\n\t\t\t\t<\/div>\n\t\t\t\t\t<\/div>\n\t\t<\/div>\n\t\t\t\t\t<\/div>\n\t\t<\/section>\n\t\t\t\t<\/div>\n\t\t","protected":false},"excerpt":{"rendered":"<p>Allgemeine Gesch\u00e4ftsbedingungen und Kundeninformationen I. Allgemeine Gesch\u00e4ftsbedingungen \u00a7 1 Grundlegende Bestimmungen (1) Die nachstehenden Gesch\u00e4ftsbedingungen gelten f\u00fcr alle Vertr\u00e4ge, die Sie mit uns als Anbieter (Andreas Landrock) \u00fcber die Internetseite ride-in.de\/xtc schlie\u00dfen. Soweit nicht anders vereinbart, wird der Einbeziehung gegebenenfalls von Ihnen verwendeter eigener Bedingungen widersprochen. (2) Verbraucher im Sinne der nachstehenden Regelungen ist jede &hellip; <\/p>\n","protected":false},"author":1,"featured_media":0,"parent":0,"menu_order":0,"comment_status":"closed","ping_status":"closed","template":"","meta":{"footnotes":""},"folder":[147],"class_list":["post-1471","page","type-page","status-publish","hentry"],"yoast_head":"<!-- This site is optimized with the Yoast SEO plugin v27.2 - https:\/\/yoast.com\/product\/yoast-seo-wordpress\/ -->\n<title>Unsere AGB - RIDE IN<\/title>\n<meta name=\"robots\" content=\"index, follow, max-snippet:-1, max-image-preview:large, max-video-preview:-1\" \/>\n<link rel=\"canonical\" href=\"https:\/\/ride-in.de\/site\/unsere-agb\/\" \/>\n<meta property=\"og:locale\" content=\"de_DE\" \/>\n<meta property=\"og:type\" content=\"article\" \/>\n<meta property=\"og:title\" content=\"Unsere AGB - RIDE IN\" \/>\n<meta property=\"og:description\" content=\"Allgemeine Gesch\u00e4ftsbedingungen und Kundeninformationen I. Allgemeine Gesch\u00e4ftsbedingungen \u00a7 1 Grundlegende Bestimmungen (1) Die nachstehenden Gesch\u00e4ftsbedingungen gelten f\u00fcr alle Vertr\u00e4ge, die Sie mit uns als Anbieter (Andreas Landrock) \u00fcber die Internetseite ride-in.de\/xtc schlie\u00dfen. Soweit nicht anders vereinbart, wird der Einbeziehung gegebenenfalls von Ihnen verwendeter eigener Bedingungen widersprochen. (2) Verbraucher im Sinne der nachstehenden Regelungen ist jede &hellip;\" \/>\n<meta property=\"og:url\" content=\"https:\/\/ride-in.de\/site\/unsere-agb\/\" \/>\n<meta property=\"og:site_name\" content=\"RIDE IN\" \/>\n<meta property=\"article:modified_time\" content=\"2021-10-19T21:55:25+00:00\" \/>\n<meta name=\"twitter:card\" content=\"summary_large_image\" \/>\n<meta name=\"twitter:label1\" content=\"Gesch\u00e4tzte Lesezeit\" \/>\n\t<meta name=\"twitter:data1\" content=\"8\u00a0Minuten\" \/>\n<script type=\"application\/ld+json\" class=\"yoast-schema-graph\">{\"@context\":\"https:\/\/schema.org\",\"@graph\":[{\"@type\":\"WebPage\",\"@id\":\"https:\/\/ride-in.de\/site\/unsere-agb\/\",\"url\":\"https:\/\/ride-in.de\/site\/unsere-agb\/\",\"name\":\"Unsere AGB - RIDE IN\",\"isPartOf\":{\"@id\":\"https:\/\/ride-in.de\/site\/#website\"},\"datePublished\":\"2021-10-19T21:46:35+00:00\",\"dateModified\":\"2021-10-19T21:55:25+00:00\",\"breadcrumb\":{\"@id\":\"https:\/\/ride-in.de\/site\/unsere-agb\/#breadcrumb\"},\"inLanguage\":\"de\",\"potentialAction\":[{\"@type\":\"ReadAction\",\"target\":[\"https:\/\/ride-in.de\/site\/unsere-agb\/\"]}]},{\"@type\":\"BreadcrumbList\",\"@id\":\"https:\/\/ride-in.de\/site\/unsere-agb\/#breadcrumb\",\"itemListElement\":[{\"@type\":\"ListItem\",\"position\":1,\"name\":\"Start\",\"item\":\"https:\/\/ride-in.de\/site\/\"},{\"@type\":\"ListItem\",\"position\":2,\"name\":\"Unsere AGB\"}]},{\"@type\":\"WebSite\",\"@id\":\"https:\/\/ride-in.de\/site\/#website\",\"url\":\"https:\/\/ride-in.de\/site\/\",\"name\":\"RIDE IN\",\"description\":\"Zweirad-Service\",\"publisher\":{\"@id\":\"https:\/\/ride-in.de\/site\/#organization\"},\"potentialAction\":[{\"@type\":\"SearchAction\",\"target\":{\"@type\":\"EntryPoint\",\"urlTemplate\":\"https:\/\/ride-in.de\/site\/?s={search_term_string}\"},\"query-input\":{\"@type\":\"PropertyValueSpecification\",\"valueRequired\":true,\"valueName\":\"search_term_string\"}}],\"inLanguage\":\"de\"},{\"@type\":\"Organization\",\"@id\":\"https:\/\/ride-in.de\/site\/#organization\",\"name\":\"RIDE IN\",\"url\":\"https:\/\/ride-in.de\/site\/\",\"logo\":{\"@type\":\"ImageObject\",\"inLanguage\":\"de\",\"@id\":\"https:\/\/ride-in.de\/site\/#\/schema\/logo\/image\/\",\"url\":\"https:\/\/ride-in.de\/site\/wp-content\/uploads\/2021\/01\/logo-ride-in-gerade333x111.png\",\"contentUrl\":\"https:\/\/ride-in.de\/site\/wp-content\/uploads\/2021\/01\/logo-ride-in-gerade333x111.png\",\"width\":333,\"height\":111,\"caption\":\"RIDE IN\"},\"image\":{\"@id\":\"https:\/\/ride-in.de\/site\/#\/schema\/logo\/image\/\"}}]}<\/script>\n<!-- \/ Yoast SEO plugin. -->","yoast_head_json":{"title":"Unsere AGB - RIDE IN","robots":{"index":"index","follow":"follow","max-snippet":"max-snippet:-1","max-image-preview":"max-image-preview:large","max-video-preview":"max-video-preview:-1"},"canonical":"https:\/\/ride-in.de\/site\/unsere-agb\/","og_locale":"de_DE","og_type":"article","og_title":"Unsere AGB - RIDE IN","og_description":"Allgemeine Gesch\u00e4ftsbedingungen und Kundeninformationen I. Allgemeine Gesch\u00e4ftsbedingungen \u00a7 1 Grundlegende Bestimmungen (1) Die nachstehenden Gesch\u00e4ftsbedingungen gelten f\u00fcr alle Vertr\u00e4ge, die Sie mit uns als Anbieter (Andreas Landrock) \u00fcber die Internetseite ride-in.de\/xtc schlie\u00dfen. Soweit nicht anders vereinbart, wird der Einbeziehung gegebenenfalls von Ihnen verwendeter eigener Bedingungen widersprochen. (2) Verbraucher im Sinne der nachstehenden Regelungen ist jede &hellip;","og_url":"https:\/\/ride-in.de\/site\/unsere-agb\/","og_site_name":"RIDE IN","article_modified_time":"2021-10-19T21:55:25+00:00","twitter_card":"summary_large_image","twitter_misc":{"Gesch\u00e4tzte Lesezeit":"8\u00a0Minuten"},"schema":{"@context":"https:\/\/schema.org","@graph":[{"@type":"WebPage","@id":"https:\/\/ride-in.de\/site\/unsere-agb\/","url":"https:\/\/ride-in.de\/site\/unsere-agb\/","name":"Unsere AGB - RIDE IN","isPartOf":{"@id":"https:\/\/ride-in.de\/site\/#website"},"datePublished":"2021-10-19T21:46:35+00:00","dateModified":"2021-10-19T21:55:25+00:00","breadcrumb":{"@id":"https:\/\/ride-in.de\/site\/unsere-agb\/#breadcrumb"},"inLanguage":"de","potentialAction":[{"@type":"ReadAction","target":["https:\/\/ride-in.de\/site\/unsere-agb\/"]}]},{"@type":"BreadcrumbList","@id":"https:\/\/ride-in.de\/site\/unsere-agb\/#breadcrumb","itemListElement":[{"@type":"ListItem","position":1,"name":"Start","item":"https:\/\/ride-in.de\/site\/"},{"@type":"ListItem","position":2,"name":"Unsere AGB"}]},{"@type":"WebSite","@id":"https:\/\/ride-in.de\/site\/#website","url":"https:\/\/ride-in.de\/site\/","name":"RIDE IN","description":"Zweirad-Service","publisher":{"@id":"https:\/\/ride-in.de\/site\/#organization"},"potentialAction":[{"@type":"SearchAction","target":{"@type":"EntryPoint","urlTemplate":"https:\/\/ride-in.de\/site\/?s={search_term_string}"},"query-input":{"@type":"PropertyValueSpecification","valueRequired":true,"valueName":"search_term_string"}}],"inLanguage":"de"},{"@type":"Organization","@id":"https:\/\/ride-in.de\/site\/#organization","name":"RIDE IN","url":"https:\/\/ride-in.de\/site\/","logo":{"@type":"ImageObject","inLanguage":"de","@id":"https:\/\/ride-in.de\/site\/#\/schema\/logo\/image\/","url":"https:\/\/ride-in.de\/site\/wp-content\/uploads\/2021\/01\/logo-ride-in-gerade333x111.png","contentUrl":"https:\/\/ride-in.de\/site\/wp-content\/uploads\/2021\/01\/logo-ride-in-gerade333x111.png","width":333,"height":111,"caption":"RIDE IN"},"image":{"@id":"https:\/\/ride-in.de\/site\/#\/schema\/logo\/image\/"}}]}},"_links":{"self":[{"href":"https:\/\/ride-in.de\/site\/wp-json\/wp\/v2\/pages\/1471","targetHints":{"allow":["GET"]}}],"collection":[{"href":"https:\/\/ride-in.de\/site\/wp-json\/wp\/v2\/pages"}],"about":[{"href":"https:\/\/ride-in.de\/site\/wp-json\/wp\/v2\/types\/page"}],"author":[{"embeddable":true,"href":"https:\/\/ride-in.de\/site\/wp-json\/wp\/v2\/users\/1"}],"replies":[{"embeddable":true,"href":"https:\/\/ride-in.de\/site\/wp-json\/wp\/v2\/comments?post=1471"}],"version-history":[{"count":7,"href":"https:\/\/ride-in.de\/site\/wp-json\/wp\/v2\/pages\/1471\/revisions"}],"predecessor-version":[{"id":1498,"href":"https:\/\/ride-in.de\/site\/wp-json\/wp\/v2\/pages\/1471\/revisions\/1498"}],"wp:attachment":[{"href":"https:\/\/ride-in.de\/site\/wp-json\/wp\/v2\/media?parent=1471"}],"wp:term":[{"taxonomy":"folder","embeddable":true,"href":"https:\/\/ride-in.de\/site\/wp-json\/wp\/v2\/folder?post=1471"}],"curies":[{"name":"wp","href":"https:\/\/api.w.org\/{rel}","templated":true}]}}