{"id":181,"date":"2021-01-12T18:08:42","date_gmt":"2021-01-12T18:08:42","guid":{"rendered":"https:\/\/pixelmaker.info\/?page_id=181"},"modified":"2021-08-27T13:13:26","modified_gmt":"2021-08-27T13:13:26","slug":"voge","status":"publish","type":"page","link":"https:\/\/ride-in.de\/site\/voge\/","title":{"rendered":"VOGE"},"content":{"rendered":"\t\t<div data-elementor-type=\"wp-page\" data-elementor-id=\"181\" class=\"elementor elementor-181\">\n\t\t\t\t\t\t<section class=\"has_eae_slider elementor-section elementor-top-section elementor-element elementor-element-275a5fd elementor-section-boxed elementor-section-height-default elementor-section-height-default\" data-eae-slider=\"16214\" data-id=\"275a5fd\" data-element_type=\"section\" data-e-type=\"section\">\n\t\t\t\t\t\t<div class=\"elementor-container elementor-column-gap-default\">\n\t\t\t\t\t<div class=\"has_eae_slider elementor-column elementor-col-100 elementor-top-column elementor-element elementor-element-547f473\" data-eae-slider=\"33358\" data-id=\"547f473\" data-element_type=\"column\" data-e-type=\"column\">\n\t\t\t<div class=\"elementor-widget-wrap elementor-element-populated\">\n\t\t\t\t\t\t<div class=\"elementor-element elementor-element-da0a4d6 elementor-widget elementor-widget-image\" data-id=\"da0a4d6\" data-element_type=\"widget\" data-e-type=\"widget\" data-widget_type=\"image.default\">\n\t\t\t\t<div class=\"elementor-widget-container\">\n\t\t\t\t\t\t\t\t\t\t\t\t\t\t\t<img fetchpriority=\"high\" decoding=\"async\" width=\"289\" height=\"300\" src=\"https:\/\/ride-in.de\/site\/wp-content\/uploads\/2021\/01\/VOGE_Logo_hoch_chrom-289x300.jpg\" class=\"attachment-medium size-medium wp-image-381\" alt=\"\" srcset=\"https:\/\/ride-in.de\/site\/wp-content\/uploads\/2021\/01\/VOGE_Logo_hoch_chrom-289x300.jpg 289w, https:\/\/ride-in.de\/site\/wp-content\/uploads\/2021\/01\/VOGE_Logo_hoch_chrom-58x60.jpg 58w, https:\/\/ride-in.de\/site\/wp-content\/uploads\/2021\/01\/VOGE_Logo_hoch_chrom.jpg 695w\" sizes=\"(max-width: 289px) 100vw, 289px\" \/>\t\t\t\t\t\t\t\t\t\t\t\t\t\t\t<\/div>\n\t\t\t\t<\/div>\n\t\t\t\t\t<\/div>\n\t\t<\/div>\n\t\t\t\t\t<\/div>\n\t\t<\/section>\n\t\t\t\t<section class=\"has_eae_slider elementor-section elementor-top-section elementor-element elementor-element-396c1bd elementor-section-boxed elementor-section-height-default elementor-section-height-default\" data-eae-slider=\"16761\" data-id=\"396c1bd\" data-element_type=\"section\" data-e-type=\"section\">\n\t\t\t\t\t\t<div class=\"elementor-container elementor-column-gap-default\">\n\t\t\t\t\t<div class=\"has_eae_slider elementor-column elementor-col-100 elementor-top-column elementor-element elementor-element-ec82159\" data-eae-slider=\"56364\" data-id=\"ec82159\" data-element_type=\"column\" data-e-type=\"column\">\n\t\t\t<div class=\"elementor-widget-wrap elementor-element-populated\">\n\t\t\t\t\t\t<div class=\"elementor-element elementor-element-f29bdfb elementor-widget elementor-widget-image\" data-id=\"f29bdfb\" data-element_type=\"widget\" data-e-type=\"widget\" data-widget_type=\"image.default\">\n\t\t\t\t<div class=\"elementor-widget-container\">\n\t\t\t\t\t\t\t\t\t\t\t\t\t\t\t<img decoding=\"async\" width=\"1024\" height=\"499\" src=\"https:\/\/ride-in.de\/site\/wp-content\/uploads\/csm_VOGE_Detailbilder_650DSX_black_06_bd29bfe814-1-1024x499.png\" class=\"attachment-large size-large wp-image-1199\" alt=\"\" srcset=\"https:\/\/ride-in.de\/site\/wp-content\/uploads\/csm_VOGE_Detailbilder_650DSX_black_06_bd29bfe814-1-1024x499.png 1024w, https:\/\/ride-in.de\/site\/wp-content\/uploads\/csm_VOGE_Detailbilder_650DSX_black_06_bd29bfe814-1-300x146.png 300w, https:\/\/ride-in.de\/site\/wp-content\/uploads\/csm_VOGE_Detailbilder_650DSX_black_06_bd29bfe814-1-768x374.png 768w, https:\/\/ride-in.de\/site\/wp-content\/uploads\/csm_VOGE_Detailbilder_650DSX_black_06_bd29bfe814-1-1536x748.png 1536w, https:\/\/ride-in.de\/site\/wp-content\/uploads\/csm_VOGE_Detailbilder_650DSX_black_06_bd29bfe814-1-123x60.png 123w, https:\/\/ride-in.de\/site\/wp-content\/uploads\/csm_VOGE_Detailbilder_650DSX_black_06_bd29bfe814-1.png 1680w\" sizes=\"(max-width: 1024px) 100vw, 1024px\" \/>\t\t\t\t\t\t\t\t\t\t\t\t\t\t\t<\/div>\n\t\t\t\t<\/div>\n\t\t\t\t\t<\/div>\n\t\t<\/div>\n\t\t\t\t\t<\/div>\n\t\t<\/section>\n\t\t\t\t<section class=\"has_eae_slider elementor-section elementor-top-section elementor-element elementor-element-5eeccf5 elementor-section-boxed elementor-section-height-default elementor-section-height-default\" data-eae-slider=\"98183\" data-id=\"5eeccf5\" data-element_type=\"section\" data-e-type=\"section\">\n\t\t\t\t\t\t<div class=\"elementor-container elementor-column-gap-default\">\n\t\t\t\t\t<div class=\"has_eae_slider elementor-column elementor-col-100 elementor-top-column elementor-element elementor-element-b422b7c\" data-eae-slider=\"37600\" data-id=\"b422b7c\" data-element_type=\"column\" data-e-type=\"column\">\n\t\t\t<div class=\"elementor-widget-wrap elementor-element-populated\">\n\t\t\t\t\t\t<div class=\"elementor-element elementor-element-72a1d6e elementor-widget elementor-widget-text-editor\" data-id=\"72a1d6e\" data-element_type=\"widget\" data-e-type=\"widget\" data-widget_type=\"text-editor.default\">\n\t\t\t\t<div class=\"elementor-widget-container\">\n\t\t\t\t\t\t\t\t\t\n\u00dcber VOGE Motorr\u00e4der\n\nFreiheit und Leidenschaft auf dem Motorrad \u2013 genau das verk\u00f6rpert VOGE! Denn diese Eigenschaften sind es, die seit jeher Biker auf der ganzen Welt motivieren und antreiben. Egal, ob auf der kurvigen Landstra\u00dfe, im engen Stra\u00dfengewirr der Gro\u00dfstadt oder im staubigen Gel\u00e4nde. Mit elektrisierendem Design und ausgereifter technischer Ausstattung begeistert VOGE jeden, der sich einmal in den Sattel gesetzt hat.\n\nHinter VOGE steht der chinesische Loncin-Konzern. Nach der Gr\u00fcndung im Jahr 1993 konzentrierte sich Loncin zun\u00e4chst auf den Bau von Verbrennungsmotoren, kurz vor der Jahrtausendwende kam dann das erste Motorradmodell von Loncin auf den Markt. Nur sechs Jahre sp\u00e4ter hatte sich Loncin zum gr\u00f6\u00dften chinesischen Motorrad-Exporteur entwickelt.\n\nHeute besch\u00e4ftigt der Konzern mit Hauptsitz in Chongqing \u00fcber 7000 Mitarbeiter und im hauseigenen Forschungs- und Entwicklungszentrum t\u00fcfteln 200 Ingenieure und Techniker an innovativen und zukunftsweisenden Zweirad-L\u00f6sungen.\n\nNeben der Produktion von eigenen Marken hat Loncin auch Partnerschaften mit anderen renommierten europ\u00e4ischen Motorradmarken.\n\u00dcber MSA\n\t\t\t\t\t\t\t\t<\/div>\n\t\t\t\t<\/div>\n\t\t\t\t\t<\/div>\n\t\t<\/div>\n\t\t\t\t\t<\/div>\n\t\t<\/section>\n\t\t\t\t<section class=\"has_eae_slider elementor-section elementor-top-section elementor-element elementor-element-a2f1b7d elementor-section-boxed elementor-section-height-default elementor-section-height-default\" data-eae-slider=\"74668\" data-id=\"a2f1b7d\" data-element_type=\"section\" data-e-type=\"section\">\n\t\t\t\t\t\t<div class=\"elementor-container elementor-column-gap-default\">\n\t\t\t\t\t<div class=\"has_eae_slider elementor-column elementor-col-100 elementor-top-column elementor-element elementor-element-3697083\" data-eae-slider=\"67471\" data-id=\"3697083\" data-element_type=\"column\" data-e-type=\"column\">\n\t\t\t<div class=\"elementor-widget-wrap\">\n\t\t\t\t\t\t\t<\/div>\n\t\t<\/div>\n\t\t\t\t\t<\/div>\n\t\t<\/section>\n\t\t\t\t<section class=\"has_eae_slider elementor-section elementor-top-section elementor-element elementor-element-fabb742 elementor-section-boxed elementor-section-height-default elementor-section-height-default\" data-eae-slider=\"93867\" data-id=\"fabb742\" data-element_type=\"section\" data-e-type=\"section\">\n\t\t\t\t\t\t<div class=\"elementor-container elementor-column-gap-default\">\n\t\t\t\t\t<div class=\"has_eae_slider elementor-column elementor-col-100 elementor-top-column elementor-element elementor-element-13038a4\" data-eae-slider=\"16933\" data-id=\"13038a4\" data-element_type=\"column\" data-e-type=\"column\">\n\t\t\t<div class=\"elementor-widget-wrap\">\n\t\t\t\t\t\t\t<\/div>\n\t\t<\/div>\n\t\t\t\t\t<\/div>\n\t\t<\/section>\n\t\t\t\t<\/div>\n\t\t","protected":false},"excerpt":{"rendered":"<p>\u00dcber VOGE Motorr\u00e4der Freiheit und Leidenschaft auf dem Motorrad \u2013 genau das verk\u00f6rpert VOGE! Denn diese Eigenschaften sind es, die seit jeher Biker auf der ganzen Welt motivieren und antreiben. Egal, ob auf der kurvigen Landstra\u00dfe, im engen Stra\u00dfengewirr der Gro\u00dfstadt oder im staubigen Gel\u00e4nde. Mit elektrisierendem Design und ausgereifter technischer Ausstattung begeistert VOGE jeden, &hellip; <\/p>\n","protected":false},"author":2,"featured_media":0,"parent":0,"menu_order":0,"comment_status":"closed","ping_status":"closed","template":"","meta":{"footnotes":""},"folder":[142],"class_list":["post-181","page","type-page","status-publish","hentry"],"yoast_head":"<!-- This site is optimized with the Yoast SEO plugin v27.2 - https:\/\/yoast.com\/product\/yoast-seo-wordpress\/ -->\n<title>VOGE - RIDE IN<\/title>\n<meta name=\"robots\" content=\"index, follow, max-snippet:-1, max-image-preview:large, max-video-preview:-1\" \/>\n<link rel=\"canonical\" href=\"https:\/\/ride-in.de\/site\/voge\/\" \/>\n<meta property=\"og:locale\" content=\"de_DE\" \/>\n<meta property=\"og:type\" content=\"article\" \/>\n<meta property=\"og:title\" content=\"VOGE - RIDE IN\" \/>\n<meta property=\"og:description\" content=\"\u00dcber VOGE Motorr\u00e4der Freiheit und Leidenschaft auf dem Motorrad \u2013 genau das verk\u00f6rpert VOGE! Denn diese Eigenschaften sind es, die seit jeher Biker auf der ganzen Welt motivieren und antreiben. Egal, ob auf der kurvigen Landstra\u00dfe, im engen Stra\u00dfengewirr der Gro\u00dfstadt oder im staubigen Gel\u00e4nde. Mit elektrisierendem Design und ausgereifter technischer Ausstattung begeistert VOGE jeden, &hellip;\" \/>\n<meta property=\"og:url\" content=\"https:\/\/ride-in.de\/site\/voge\/\" \/>\n<meta property=\"og:site_name\" content=\"RIDE IN\" \/>\n<meta property=\"article:modified_time\" content=\"2021-08-27T13:13:26+00:00\" \/>\n<meta property=\"og:image\" content=\"https:\/\/ride-in.de\/site\/wp-content\/uploads\/2021\/01\/VOGE_Logo_hoch_chrom.jpg\" \/>\n\t<meta property=\"og:image:width\" content=\"695\" \/>\n\t<meta property=\"og:image:height\" content=\"722\" \/>\n\t<meta property=\"og:image:type\" content=\"image\/jpeg\" \/>\n<meta name=\"twitter:card\" content=\"summary_large_image\" \/>\n<meta name=\"twitter:label1\" content=\"Gesch\u00e4tzte Lesezeit\" \/>\n\t<meta name=\"twitter:data1\" content=\"1\u00a0Minute\" \/>\n<script type=\"application\/ld+json\" class=\"yoast-schema-graph\">{\"@context\":\"https:\/\/schema.org\",\"@graph\":[{\"@type\":\"WebPage\",\"@id\":\"https:\/\/ride-in.de\/site\/voge\/\",\"url\":\"https:\/\/ride-in.de\/site\/voge\/\",\"name\":\"VOGE - RIDE IN\",\"isPartOf\":{\"@id\":\"https:\/\/ride-in.de\/site\/#website\"},\"primaryImageOfPage\":{\"@id\":\"https:\/\/ride-in.de\/site\/voge\/#primaryimage\"},\"image\":{\"@id\":\"https:\/\/ride-in.de\/site\/voge\/#primaryimage\"},\"thumbnailUrl\":\"https:\/\/ride-in.de\/site\/wp-content\/uploads\/2021\/01\/VOGE_Logo_hoch_chrom-289x300.jpg\",\"datePublished\":\"2021-01-12T18:08:42+00:00\",\"dateModified\":\"2021-08-27T13:13:26+00:00\",\"breadcrumb\":{\"@id\":\"https:\/\/ride-in.de\/site\/voge\/#breadcrumb\"},\"inLanguage\":\"de\",\"potentialAction\":[{\"@type\":\"ReadAction\",\"target\":[\"https:\/\/ride-in.de\/site\/voge\/\"]}]},{\"@type\":\"ImageObject\",\"inLanguage\":\"de\",\"@id\":\"https:\/\/ride-in.de\/site\/voge\/#primaryimage\",\"url\":\"https:\/\/ride-in.de\/site\/wp-content\/uploads\/2021\/01\/VOGE_Logo_hoch_chrom.jpg\",\"contentUrl\":\"https:\/\/ride-in.de\/site\/wp-content\/uploads\/2021\/01\/VOGE_Logo_hoch_chrom.jpg\",\"width\":695,\"height\":722},{\"@type\":\"BreadcrumbList\",\"@id\":\"https:\/\/ride-in.de\/site\/voge\/#breadcrumb\",\"itemListElement\":[{\"@type\":\"ListItem\",\"position\":1,\"name\":\"Start\",\"item\":\"https:\/\/ride-in.de\/site\/\"},{\"@type\":\"ListItem\",\"position\":2,\"name\":\"VOGE\"}]},{\"@type\":\"WebSite\",\"@id\":\"https:\/\/ride-in.de\/site\/#website\",\"url\":\"https:\/\/ride-in.de\/site\/\",\"name\":\"RIDE IN\",\"description\":\"Zweirad-Service\",\"publisher\":{\"@id\":\"https:\/\/ride-in.de\/site\/#organization\"},\"potentialAction\":[{\"@type\":\"SearchAction\",\"target\":{\"@type\":\"EntryPoint\",\"urlTemplate\":\"https:\/\/ride-in.de\/site\/?s={search_term_string}\"},\"query-input\":{\"@type\":\"PropertyValueSpecification\",\"valueRequired\":true,\"valueName\":\"search_term_string\"}}],\"inLanguage\":\"de\"},{\"@type\":\"Organization\",\"@id\":\"https:\/\/ride-in.de\/site\/#organization\",\"name\":\"RIDE IN\",\"url\":\"https:\/\/ride-in.de\/site\/\",\"logo\":{\"@type\":\"ImageObject\",\"inLanguage\":\"de\",\"@id\":\"https:\/\/ride-in.de\/site\/#\/schema\/logo\/image\/\",\"url\":\"https:\/\/ride-in.de\/site\/wp-content\/uploads\/2021\/01\/logo-ride-in-gerade333x111.png\",\"contentUrl\":\"https:\/\/ride-in.de\/site\/wp-content\/uploads\/2021\/01\/logo-ride-in-gerade333x111.png\",\"width\":333,\"height\":111,\"caption\":\"RIDE IN\"},\"image\":{\"@id\":\"https:\/\/ride-in.de\/site\/#\/schema\/logo\/image\/\"}}]}<\/script>\n<!-- \/ Yoast SEO plugin. -->","yoast_head_json":{"title":"VOGE - RIDE IN","robots":{"index":"index","follow":"follow","max-snippet":"max-snippet:-1","max-image-preview":"max-image-preview:large","max-video-preview":"max-video-preview:-1"},"canonical":"https:\/\/ride-in.de\/site\/voge\/","og_locale":"de_DE","og_type":"article","og_title":"VOGE - RIDE IN","og_description":"\u00dcber VOGE Motorr\u00e4der Freiheit und Leidenschaft auf dem Motorrad \u2013 genau das verk\u00f6rpert VOGE! Denn diese Eigenschaften sind es, die seit jeher Biker auf der ganzen Welt motivieren und antreiben. Egal, ob auf der kurvigen Landstra\u00dfe, im engen Stra\u00dfengewirr der Gro\u00dfstadt oder im staubigen Gel\u00e4nde. Mit elektrisierendem Design und ausgereifter technischer Ausstattung begeistert VOGE jeden, &hellip;","og_url":"https:\/\/ride-in.de\/site\/voge\/","og_site_name":"RIDE IN","article_modified_time":"2021-08-27T13:13:26+00:00","og_image":[{"width":695,"height":722,"url":"https:\/\/ride-in.de\/site\/wp-content\/uploads\/2021\/01\/VOGE_Logo_hoch_chrom.jpg","type":"image\/jpeg"}],"twitter_card":"summary_large_image","twitter_misc":{"Gesch\u00e4tzte Lesezeit":"1\u00a0Minute"},"schema":{"@context":"https:\/\/schema.org","@graph":[{"@type":"WebPage","@id":"https:\/\/ride-in.de\/site\/voge\/","url":"https:\/\/ride-in.de\/site\/voge\/","name":"VOGE - RIDE IN","isPartOf":{"@id":"https:\/\/ride-in.de\/site\/#website"},"primaryImageOfPage":{"@id":"https:\/\/ride-in.de\/site\/voge\/#primaryimage"},"image":{"@id":"https:\/\/ride-in.de\/site\/voge\/#primaryimage"},"thumbnailUrl":"https:\/\/ride-in.de\/site\/wp-content\/uploads\/2021\/01\/VOGE_Logo_hoch_chrom-289x300.jpg","datePublished":"2021-01-12T18:08:42+00:00","dateModified":"2021-08-27T13:13:26+00:00","breadcrumb":{"@id":"https:\/\/ride-in.de\/site\/voge\/#breadcrumb"},"inLanguage":"de","potentialAction":[{"@type":"ReadAction","target":["https:\/\/ride-in.de\/site\/voge\/"]}]},{"@type":"ImageObject","inLanguage":"de","@id":"https:\/\/ride-in.de\/site\/voge\/#primaryimage","url":"https:\/\/ride-in.de\/site\/wp-content\/uploads\/2021\/01\/VOGE_Logo_hoch_chrom.jpg","contentUrl":"https:\/\/ride-in.de\/site\/wp-content\/uploads\/2021\/01\/VOGE_Logo_hoch_chrom.jpg","width":695,"height":722},{"@type":"BreadcrumbList","@id":"https:\/\/ride-in.de\/site\/voge\/#breadcrumb","itemListElement":[{"@type":"ListItem","position":1,"name":"Start","item":"https:\/\/ride-in.de\/site\/"},{"@type":"ListItem","position":2,"name":"VOGE"}]},{"@type":"WebSite","@id":"https:\/\/ride-in.de\/site\/#website","url":"https:\/\/ride-in.de\/site\/","name":"RIDE IN","description":"Zweirad-Service","publisher":{"@id":"https:\/\/ride-in.de\/site\/#organization"},"potentialAction":[{"@type":"SearchAction","target":{"@type":"EntryPoint","urlTemplate":"https:\/\/ride-in.de\/site\/?s={search_term_string}"},"query-input":{"@type":"PropertyValueSpecification","valueRequired":true,"valueName":"search_term_string"}}],"inLanguage":"de"},{"@type":"Organization","@id":"https:\/\/ride-in.de\/site\/#organization","name":"RIDE IN","url":"https:\/\/ride-in.de\/site\/","logo":{"@type":"ImageObject","inLanguage":"de","@id":"https:\/\/ride-in.de\/site\/#\/schema\/logo\/image\/","url":"https:\/\/ride-in.de\/site\/wp-content\/uploads\/2021\/01\/logo-ride-in-gerade333x111.png","contentUrl":"https:\/\/ride-in.de\/site\/wp-content\/uploads\/2021\/01\/logo-ride-in-gerade333x111.png","width":333,"height":111,"caption":"RIDE IN"},"image":{"@id":"https:\/\/ride-in.de\/site\/#\/schema\/logo\/image\/"}}]}},"_links":{"self":[{"href":"https:\/\/ride-in.de\/site\/wp-json\/wp\/v2\/pages\/181","targetHints":{"allow":["GET"]}}],"collection":[{"href":"https:\/\/ride-in.de\/site\/wp-json\/wp\/v2\/pages"}],"about":[{"href":"https:\/\/ride-in.de\/site\/wp-json\/wp\/v2\/types\/page"}],"author":[{"embeddable":true,"href":"https:\/\/ride-in.de\/site\/wp-json\/wp\/v2\/users\/2"}],"replies":[{"embeddable":true,"href":"https:\/\/ride-in.de\/site\/wp-json\/wp\/v2\/comments?post=181"}],"version-history":[{"count":13,"href":"https:\/\/ride-in.de\/site\/wp-json\/wp\/v2\/pages\/181\/revisions"}],"predecessor-version":[{"id":1303,"href":"https:\/\/ride-in.de\/site\/wp-json\/wp\/v2\/pages\/181\/revisions\/1303"}],"wp:attachment":[{"href":"https:\/\/ride-in.de\/site\/wp-json\/wp\/v2\/media?parent=181"}],"wp:term":[{"taxonomy":"folder","embeddable":true,"href":"https:\/\/ride-in.de\/site\/wp-json\/wp\/v2\/folder?post=181"}],"curies":[{"name":"wp","href":"https:\/\/api.w.org\/{rel}","templated":true}]}}