{"id":230,"date":"2021-01-13T10:30:29","date_gmt":"2021-01-13T10:30:29","guid":{"rendered":"https:\/\/pixelmaker.info\/?page_id=230"},"modified":"2021-10-20T10:36:48","modified_gmt":"2021-10-20T10:36:48","slug":"trenoli","status":"publish","type":"page","link":"https:\/\/ride-in.de\/site\/trenoli\/","title":{"rendered":"Trenoli"},"content":{"rendered":"\t\t<div data-elementor-type=\"wp-page\" data-elementor-id=\"230\" class=\"elementor elementor-230\">\n\t\t\t\t\t\t<section class=\"has_eae_slider elementor-section elementor-top-section elementor-element elementor-element-142c8e2 elementor-section-boxed elementor-section-height-default elementor-section-height-default\" data-eae-slider=\"78723\" data-id=\"142c8e2\" data-element_type=\"section\" data-e-type=\"section\">\n\t\t\t\t\t\t<div class=\"elementor-container elementor-column-gap-default\">\n\t\t\t\t\t<div class=\"has_eae_slider elementor-column elementor-col-100 elementor-top-column elementor-element elementor-element-c47d31e\" data-eae-slider=\"86237\" data-id=\"c47d31e\" data-element_type=\"column\" data-e-type=\"column\">\n\t\t\t<div class=\"elementor-widget-wrap elementor-element-populated\">\n\t\t\t\t\t\t<div class=\"elementor-element elementor-element-ccbb579 elementor-widget elementor-widget-text-editor\" data-id=\"ccbb579\" data-element_type=\"widget\" data-e-type=\"widget\" data-widget_type=\"text-editor.default\">\n\t\t\t\t<div class=\"elementor-widget-container\">\n\t\t\t\t\t\t\t\t\t<h4>&#8220;Treten ohne Limit&#8221;<\/h4><p>Trenoli steht f\u00fcr &#8220;<b>Treten ohne Limit&#8221;<\/b>, denn Fahrradfahren ist f\u00fcr uns vor allem eins: Leidenschaft. Unsere trenoli Pedelcs lassen Sie unbeschwert \u00fcber die Stra\u00dfen der City gleiten oder bringen Sie dynamisch \u00fcber unbefestigte Trekking Wege. Die innovativen Bosch Motoren mit den entsprechenden Lithium Ionen Akkus und die hochwertigen Pedelec Komponenten namhafter Hersteller, wie Shimano oder Bosch, erzeugen dabei ein angenehmes Gef\u00fchl von R\u00fcckenwind, welches Sie schnell und konstant vorw\u00e4rtstreibt, damit jede Tour zum entspannten Pedelec Erlebnis wird.<\/p><p>Bei uns steht vor allem <b>Leidenschaft f\u00fcr die Entwicklung<\/b> hochwertiger Elektrofahrr\u00e4der und der Blick f\u00fcr Innovationen in allen Komponenten und Details im Vordergrund. Innovative technische Entwicklungen in Verbindung mit der perfekten Funktionalit\u00e4t der Bikes treiben uns an. Dabei spielt auch die <b>Ergonomie <\/b>eine entscheidende Rolle. Unsere Biker sollen sich auf unseren Pedelecs wohlf\u00fchlen und alle Bedienelemente auf den komfortabelsten Wege erreichen k\u00f6nnen, um jede Tour in vollen Z\u00fcgen genie\u00dfen zu k\u00f6nnen. Doch unser Fokus liegt nicht nur auf Funktionalit\u00e4t. Um ein stimmiges <b>optisches Gesamtkonzept<\/b> zu erlangen, legt unser Team viel Wert auf intensive Recherche in Sachen Farbgebung, Formensprache und Linienf\u00fchrung, von der Gestaltung des E-Bike Rahmens bis hin zum kleinsten Detail. Und genau das ist es, was unsere Marke trenoli ausmacht. Unser Ziel ist es, eine Auswahl an ideal abgestimmten R\u00e4dern f\u00fcr all diejenigen zur Verf\u00fcgung zu stellen, die Ihr E-Bike nicht nur f\u00fcr die City, sondern auch f\u00fcr l\u00e4ngere Trekking Routen nutzen m\u00f6chten.<\/p><p>Wer sich also zwischen einem Trekking E-Bike oder einem City E-Bike entscheiden m\u00f6chte, ist bei den trenoli Modellen genau richtig. <b>Unsere Elektrofahrr\u00e4der sind echte Allrounder: Tour, Trekking und City Pedelecs<\/b>.<b><\/b><\/p><p>Bei uns findest du\u00a0dein trenoli Elektro-Fahrrad!<\/p><h4>Welche Trenoli City E-Bikes und E-Trekking Bikes gibt es?<\/h4><p>Wahlweise hierf\u00fcr stehen Ihnen die Brenta Modelle oder die Tanaro Pedelec Serie zur Verf\u00fcgung.<\/p><p>Beide Serien sind mit sehr hochwertigen Komponenten bis ins letzte Detail ausgestattet. F\u00fcr die perfekte Ausleuchtung der Trekking Wege sorgt dabei ein Axa Blue-Line 30 LED Scheinwerfer mit 30 Lux. Weiterhin bieten der bequeme Selle Royal Essenza Sattel Sitzkomfort und die Suntour NEX E25-Federgabe, welche speziell f\u00fcr E-Bikes entwickelt wurde, idealen Federkomfort auf unebenen Terrain. \u00dcber den Intuvia Bordcomputer lassen sich zudem gleich f\u00fcnf Fahrmodi einstellen, Turbo, Sport, Tour, Eco und Off. Au\u00dferdem stellt das Display weitere Informationen und Daten, wie Geschwindigkeit, Distanz oder Reichweite und Ladezustand zur Verf\u00fcgung. Eine weitere Besonderheit stellt der USB-Anschluss dar, womit das Handy oder Navigationshilfen problemlos und schnell w\u00e4hrend der Fahrt aufgeladen werden k\u00f6nnen. Perfekt abgerundet wird das Gesamtpaket der Trekking E-Bikes durch Ergotec Komponenten, wie dem winkelverstellbaren Ergotec Octupus 2 Vorbau oder dem Ergotec Lady Town Lenker. Zudem bietet ein Racktime Systemtr\u00e4ger die M\u00f6glichkeit Gep\u00e4cktaschen leicht mit Hilfe des bedienbaren Clicksystems zu transportieren.<\/p><div><p>Die innovativen Antriebssysteme und damit das Herzst\u00fcck unserer Trekking E-Bikes stammen von Bosch. F\u00fcr unsere E-Bike Modelle wurden die Motoren der zuverl\u00e4ssigen Bosch Mittelmotor Serie gew\u00e4hlt. Damit je nach Einsatzzweck und pers\u00f6nlicher Anforderung der e-Bike-Antrieb gew\u00e4hlt werden kann, wurden bei der Brenta und Tanaro Serie unterschiedliche Motoren verbaut. Bosch Active Line, Bosch Active Line Plus, Bosch Performance Line und Bosch Active Line erm\u00f6glichen entweder harmonische Trittunterst\u00fctzung oder sportliche Beschleunigung auch bei hohen Frequenzen.<\/p><\/div><p>Der grundlegende Unterschied zwischen den beiden E-Bike Serien liegt in der Anbringung des E-Bike-Akkus:<\/p><p>\u2022 <b>TANARO Pedelecs<\/b> mit den <u>integrierten Akkus im Rahmen<\/u> auch als Powertube-Akku bekannt<\/p><p>\u2022 <b>BRENTA Pedelecs<\/b> mit den sogenannten <u>Rahmen-Akkus<\/u><\/p>\t\t\t\t\t\t\t\t<\/div>\n\t\t\t\t<\/div>\n\t\t\t\t\t<\/div>\n\t\t<\/div>\n\t\t\t\t\t<\/div>\n\t\t<\/section>\n\t\t\t\t<\/div>\n\t\t","protected":false},"excerpt":{"rendered":"<p>&#8220;Treten ohne Limit&#8221; Trenoli steht f\u00fcr &#8220;Treten ohne Limit&#8221;, denn Fahrradfahren ist f\u00fcr uns vor allem eins: Leidenschaft. Unsere trenoli Pedelcs lassen Sie unbeschwert \u00fcber die Stra\u00dfen der City gleiten oder bringen Sie dynamisch \u00fcber unbefestigte Trekking Wege. Die innovativen Bosch Motoren mit den entsprechenden Lithium Ionen Akkus und die hochwertigen Pedelec Komponenten namhafter Hersteller, &hellip; <\/p>\n","protected":false},"author":2,"featured_media":0,"parent":0,"menu_order":0,"comment_status":"closed","ping_status":"closed","template":"","meta":{"footnotes":""},"folder":[157],"class_list":["post-230","page","type-page","status-publish","hentry"],"yoast_head":"<!-- This site is optimized with the Yoast SEO plugin v27.4 - https:\/\/yoast.com\/product\/yoast-seo-wordpress\/ -->\n<title>Trenoli - RIDE IN<\/title>\n<meta name=\"robots\" content=\"index, follow, max-snippet:-1, max-image-preview:large, max-video-preview:-1\" \/>\n<link rel=\"canonical\" href=\"https:\/\/ride-in.de\/site\/trenoli\/\" \/>\n<meta property=\"og:locale\" content=\"de_DE\" \/>\n<meta property=\"og:type\" content=\"article\" \/>\n<meta property=\"og:title\" content=\"Trenoli - RIDE IN\" \/>\n<meta property=\"og:description\" content=\"&#8220;Treten ohne Limit&#8221; Trenoli steht f\u00fcr &#8220;Treten ohne Limit&#8221;, denn Fahrradfahren ist f\u00fcr uns vor allem eins: Leidenschaft. Unsere trenoli Pedelcs lassen Sie unbeschwert \u00fcber die Stra\u00dfen der City gleiten oder bringen Sie dynamisch \u00fcber unbefestigte Trekking Wege. Die innovativen Bosch Motoren mit den entsprechenden Lithium Ionen Akkus und die hochwertigen Pedelec Komponenten namhafter Hersteller, &hellip;\" \/>\n<meta property=\"og:url\" content=\"https:\/\/ride-in.de\/site\/trenoli\/\" \/>\n<meta property=\"og:site_name\" content=\"RIDE IN\" \/>\n<meta property=\"article:modified_time\" content=\"2021-10-20T10:36:48+00:00\" \/>\n<meta name=\"twitter:card\" content=\"summary_large_image\" \/>\n<meta name=\"twitter:label1\" content=\"Gesch\u00e4tzte Lesezeit\" \/>\n\t<meta name=\"twitter:data1\" content=\"3\u00a0Minuten\" \/>\n<script type=\"application\/ld+json\" class=\"yoast-schema-graph\">{\"@context\":\"https:\\\/\\\/schema.org\",\"@graph\":[{\"@type\":\"WebPage\",\"@id\":\"https:\\\/\\\/ride-in.de\\\/site\\\/trenoli\\\/\",\"url\":\"https:\\\/\\\/ride-in.de\\\/site\\\/trenoli\\\/\",\"name\":\"Trenoli - RIDE IN\",\"isPartOf\":{\"@id\":\"https:\\\/\\\/ride-in.de\\\/site\\\/#website\"},\"datePublished\":\"2021-01-13T10:30:29+00:00\",\"dateModified\":\"2021-10-20T10:36:48+00:00\",\"breadcrumb\":{\"@id\":\"https:\\\/\\\/ride-in.de\\\/site\\\/trenoli\\\/#breadcrumb\"},\"inLanguage\":\"de\",\"potentialAction\":[{\"@type\":\"ReadAction\",\"target\":[\"https:\\\/\\\/ride-in.de\\\/site\\\/trenoli\\\/\"]}]},{\"@type\":\"BreadcrumbList\",\"@id\":\"https:\\\/\\\/ride-in.de\\\/site\\\/trenoli\\\/#breadcrumb\",\"itemListElement\":[{\"@type\":\"ListItem\",\"position\":1,\"name\":\"Start\",\"item\":\"https:\\\/\\\/ride-in.de\\\/site\\\/\"},{\"@type\":\"ListItem\",\"position\":2,\"name\":\"Trenoli\"}]},{\"@type\":\"WebSite\",\"@id\":\"https:\\\/\\\/ride-in.de\\\/site\\\/#website\",\"url\":\"https:\\\/\\\/ride-in.de\\\/site\\\/\",\"name\":\"RIDE IN\",\"description\":\"Zweirad-Service\",\"publisher\":{\"@id\":\"https:\\\/\\\/ride-in.de\\\/site\\\/#organization\"},\"potentialAction\":[{\"@type\":\"SearchAction\",\"target\":{\"@type\":\"EntryPoint\",\"urlTemplate\":\"https:\\\/\\\/ride-in.de\\\/site\\\/?s={search_term_string}\"},\"query-input\":{\"@type\":\"PropertyValueSpecification\",\"valueRequired\":true,\"valueName\":\"search_term_string\"}}],\"inLanguage\":\"de\"},{\"@type\":\"Organization\",\"@id\":\"https:\\\/\\\/ride-in.de\\\/site\\\/#organization\",\"name\":\"RIDE IN\",\"url\":\"https:\\\/\\\/ride-in.de\\\/site\\\/\",\"logo\":{\"@type\":\"ImageObject\",\"inLanguage\":\"de\",\"@id\":\"https:\\\/\\\/ride-in.de\\\/site\\\/#\\\/schema\\\/logo\\\/image\\\/\",\"url\":\"https:\\\/\\\/ride-in.de\\\/site\\\/wp-content\\\/uploads\\\/2021\\\/01\\\/logo-ride-in-gerade333x111.png\",\"contentUrl\":\"https:\\\/\\\/ride-in.de\\\/site\\\/wp-content\\\/uploads\\\/2021\\\/01\\\/logo-ride-in-gerade333x111.png\",\"width\":333,\"height\":111,\"caption\":\"RIDE IN\"},\"image\":{\"@id\":\"https:\\\/\\\/ride-in.de\\\/site\\\/#\\\/schema\\\/logo\\\/image\\\/\"}}]}<\/script>\n<!-- \/ Yoast SEO plugin. -->","yoast_head_json":{"title":"Trenoli - RIDE IN","robots":{"index":"index","follow":"follow","max-snippet":"max-snippet:-1","max-image-preview":"max-image-preview:large","max-video-preview":"max-video-preview:-1"},"canonical":"https:\/\/ride-in.de\/site\/trenoli\/","og_locale":"de_DE","og_type":"article","og_title":"Trenoli - RIDE IN","og_description":"&#8220;Treten ohne Limit&#8221; Trenoli steht f\u00fcr &#8220;Treten ohne Limit&#8221;, denn Fahrradfahren ist f\u00fcr uns vor allem eins: Leidenschaft. Unsere trenoli Pedelcs lassen Sie unbeschwert \u00fcber die Stra\u00dfen der City gleiten oder bringen Sie dynamisch \u00fcber unbefestigte Trekking Wege. Die innovativen Bosch Motoren mit den entsprechenden Lithium Ionen Akkus und die hochwertigen Pedelec Komponenten namhafter Hersteller, &hellip;","og_url":"https:\/\/ride-in.de\/site\/trenoli\/","og_site_name":"RIDE IN","article_modified_time":"2021-10-20T10:36:48+00:00","twitter_card":"summary_large_image","twitter_misc":{"Gesch\u00e4tzte Lesezeit":"3\u00a0Minuten"},"schema":{"@context":"https:\/\/schema.org","@graph":[{"@type":"WebPage","@id":"https:\/\/ride-in.de\/site\/trenoli\/","url":"https:\/\/ride-in.de\/site\/trenoli\/","name":"Trenoli - RIDE IN","isPartOf":{"@id":"https:\/\/ride-in.de\/site\/#website"},"datePublished":"2021-01-13T10:30:29+00:00","dateModified":"2021-10-20T10:36:48+00:00","breadcrumb":{"@id":"https:\/\/ride-in.de\/site\/trenoli\/#breadcrumb"},"inLanguage":"de","potentialAction":[{"@type":"ReadAction","target":["https:\/\/ride-in.de\/site\/trenoli\/"]}]},{"@type":"BreadcrumbList","@id":"https:\/\/ride-in.de\/site\/trenoli\/#breadcrumb","itemListElement":[{"@type":"ListItem","position":1,"name":"Start","item":"https:\/\/ride-in.de\/site\/"},{"@type":"ListItem","position":2,"name":"Trenoli"}]},{"@type":"WebSite","@id":"https:\/\/ride-in.de\/site\/#website","url":"https:\/\/ride-in.de\/site\/","name":"RIDE IN","description":"Zweirad-Service","publisher":{"@id":"https:\/\/ride-in.de\/site\/#organization"},"potentialAction":[{"@type":"SearchAction","target":{"@type":"EntryPoint","urlTemplate":"https:\/\/ride-in.de\/site\/?s={search_term_string}"},"query-input":{"@type":"PropertyValueSpecification","valueRequired":true,"valueName":"search_term_string"}}],"inLanguage":"de"},{"@type":"Organization","@id":"https:\/\/ride-in.de\/site\/#organization","name":"RIDE IN","url":"https:\/\/ride-in.de\/site\/","logo":{"@type":"ImageObject","inLanguage":"de","@id":"https:\/\/ride-in.de\/site\/#\/schema\/logo\/image\/","url":"https:\/\/ride-in.de\/site\/wp-content\/uploads\/2021\/01\/logo-ride-in-gerade333x111.png","contentUrl":"https:\/\/ride-in.de\/site\/wp-content\/uploads\/2021\/01\/logo-ride-in-gerade333x111.png","width":333,"height":111,"caption":"RIDE IN"},"image":{"@id":"https:\/\/ride-in.de\/site\/#\/schema\/logo\/image\/"}}]}},"_links":{"self":[{"href":"https:\/\/ride-in.de\/site\/wp-json\/wp\/v2\/pages\/230","targetHints":{"allow":["GET"]}}],"collection":[{"href":"https:\/\/ride-in.de\/site\/wp-json\/wp\/v2\/pages"}],"about":[{"href":"https:\/\/ride-in.de\/site\/wp-json\/wp\/v2\/types\/page"}],"author":[{"embeddable":true,"href":"https:\/\/ride-in.de\/site\/wp-json\/wp\/v2\/users\/2"}],"replies":[{"embeddable":true,"href":"https:\/\/ride-in.de\/site\/wp-json\/wp\/v2\/comments?post=230"}],"version-history":[{"count":18,"href":"https:\/\/ride-in.de\/site\/wp-json\/wp\/v2\/pages\/230\/revisions"}],"predecessor-version":[{"id":1591,"href":"https:\/\/ride-in.de\/site\/wp-json\/wp\/v2\/pages\/230\/revisions\/1591"}],"wp:attachment":[{"href":"https:\/\/ride-in.de\/site\/wp-json\/wp\/v2\/media?parent=230"}],"wp:term":[{"taxonomy":"folder","embeddable":true,"href":"https:\/\/ride-in.de\/site\/wp-json\/wp\/v2\/folder?post=230"}],"curies":[{"name":"wp","href":"https:\/\/api.w.org\/{rel}","templated":true}]}}