{"id":357,"date":"2021-01-14T13:11:43","date_gmt":"2021-01-14T13:11:43","guid":{"rendered":"https:\/\/pixelmaker.info\/?page_id=357"},"modified":"2021-01-16T10:41:05","modified_gmt":"2021-01-16T10:41:05","slug":"verkauf","status":"publish","type":"page","link":"https:\/\/ride-in.de\/site\/verkauf\/","title":{"rendered":"Verkauf"},"content":{"rendered":"\t\t<div data-elementor-type=\"wp-page\" data-elementor-id=\"357\" class=\"elementor elementor-357\">\n\t\t\t\t\t\t<section class=\"has_eae_slider elementor-section elementor-top-section elementor-element elementor-element-cf7af07 elementor-section-boxed elementor-section-height-default elementor-section-height-default\" data-eae-slider=\"30874\" data-id=\"cf7af07\" data-element_type=\"section\" data-e-type=\"section\">\n\t\t\t\t\t\t<div class=\"elementor-container elementor-column-gap-default\">\n\t\t\t\t\t<div class=\"has_eae_slider elementor-column elementor-col-100 elementor-top-column elementor-element elementor-element-94afc31\" data-eae-slider=\"89362\" data-id=\"94afc31\" data-element_type=\"column\" data-e-type=\"column\">\n\t\t\t<div class=\"elementor-widget-wrap elementor-element-populated\">\n\t\t\t\t\t\t<div class=\"elementor-element elementor-element-91f5e86 elementor-widget elementor-widget-text-editor\" data-id=\"91f5e86\" data-element_type=\"widget\" data-e-type=\"widget\" data-widget_type=\"text-editor.default\">\n\t\t\t\t<div class=\"elementor-widget-container\">\n\t\t\t\t\t\t\t\t\t<p>-Beratung und Verkauf von Motorr\u00e4dern, Rollern und E-Bikes<br \/>-Zulassungsdienst <br \/>-gepr\u00fcfte Gebrauchtmotorr\u00e4der und Leichtkraftr\u00e4der\u00a0 mit Gew\u00e4hrleistung<br \/>-Finanzierung von Neu- und Gebrauchtfahrzeugen <br \/>-Inzahlungnahme und Ankauf von gebrauchten Fahrzeugen <br \/>-Geschenkgutscheine<br \/>-Motorradschutzbekleidung und Helme namhafter Marken<br \/>-Leasing E-Bikes \u00fcber Jobrad.de.<br \/>-Schmier- und Pflegemittel<br \/>-Auspuffanlagen\u00a0 <\/p>\t\t\t\t\t\t\t\t<\/div>\n\t\t\t\t<\/div>\n\t\t\t\t\t<\/div>\n\t\t<\/div>\n\t\t\t\t\t<\/div>\n\t\t<\/section>\n\t\t\t\t<\/div>\n\t\t","protected":false},"excerpt":{"rendered":"<p>-Beratung und Verkauf von Motorr\u00e4dern, Rollern und E-Bikes -Zulassungsdienst -gepr\u00fcfte Gebrauchtmotorr\u00e4der und Leichtkraftr\u00e4der&nbsp; mit Gew\u00e4hrleistung -Finanzierung von Neu- und Gebrauchtfahrzeugen -Inzahlungnahme und Ankauf von gebrauchten Fahrzeugen -Geschenkgutscheine -Motorradschutzbekleidung und Helme namhafter Marken -Leasing E-Bikes \u00fcber Jobrad.de. -Schmier- und Pflegemittel -Auspuffanlagen&nbsp;<\/p>\n","protected":false},"author":2,"featured_media":0,"parent":0,"menu_order":0,"comment_status":"closed","ping_status":"closed","template":"","meta":{"footnotes":""},"folder":[161],"class_list":["post-357","page","type-page","status-publish","hentry"],"yoast_head":"<!-- This site is optimized with the Yoast SEO plugin v27.2 - https:\/\/yoast.com\/product\/yoast-seo-wordpress\/ -->\n<title>Verkauf - RIDE IN<\/title>\n<meta name=\"robots\" content=\"index, follow, max-snippet:-1, max-image-preview:large, max-video-preview:-1\" \/>\n<link rel=\"canonical\" href=\"https:\/\/ride-in.de\/site\/verkauf\/\" \/>\n<meta property=\"og:locale\" content=\"de_DE\" \/>\n<meta property=\"og:type\" content=\"article\" \/>\n<meta property=\"og:title\" content=\"Verkauf - RIDE IN\" \/>\n<meta property=\"og:description\" content=\"-Beratung und Verkauf von Motorr\u00e4dern, Rollern und E-Bikes -Zulassungsdienst -gepr\u00fcfte Gebrauchtmotorr\u00e4der und Leichtkraftr\u00e4der&nbsp; mit Gew\u00e4hrleistung -Finanzierung von Neu- und Gebrauchtfahrzeugen -Inzahlungnahme und Ankauf von gebrauchten Fahrzeugen -Geschenkgutscheine -Motorradschutzbekleidung und Helme namhafter Marken -Leasing E-Bikes \u00fcber Jobrad.de. -Schmier- und Pflegemittel -Auspuffanlagen&nbsp;\" \/>\n<meta property=\"og:url\" content=\"https:\/\/ride-in.de\/site\/verkauf\/\" \/>\n<meta property=\"og:site_name\" content=\"RIDE IN\" \/>\n<meta property=\"article:modified_time\" content=\"2021-01-16T10:41:05+00:00\" \/>\n<meta name=\"twitter:card\" content=\"summary_large_image\" \/>\n<script type=\"application\/ld+json\" class=\"yoast-schema-graph\">{\"@context\":\"https:\/\/schema.org\",\"@graph\":[{\"@type\":\"WebPage\",\"@id\":\"https:\/\/ride-in.de\/site\/verkauf\/\",\"url\":\"https:\/\/ride-in.de\/site\/verkauf\/\",\"name\":\"Verkauf - RIDE IN\",\"isPartOf\":{\"@id\":\"https:\/\/ride-in.de\/site\/#website\"},\"datePublished\":\"2021-01-14T13:11:43+00:00\",\"dateModified\":\"2021-01-16T10:41:05+00:00\",\"breadcrumb\":{\"@id\":\"https:\/\/ride-in.de\/site\/verkauf\/#breadcrumb\"},\"inLanguage\":\"de\",\"potentialAction\":[{\"@type\":\"ReadAction\",\"target\":[\"https:\/\/ride-in.de\/site\/verkauf\/\"]}]},{\"@type\":\"BreadcrumbList\",\"@id\":\"https:\/\/ride-in.de\/site\/verkauf\/#breadcrumb\",\"itemListElement\":[{\"@type\":\"ListItem\",\"position\":1,\"name\":\"Start\",\"item\":\"https:\/\/ride-in.de\/site\/\"},{\"@type\":\"ListItem\",\"position\":2,\"name\":\"Verkauf\"}]},{\"@type\":\"WebSite\",\"@id\":\"https:\/\/ride-in.de\/site\/#website\",\"url\":\"https:\/\/ride-in.de\/site\/\",\"name\":\"RIDE IN\",\"description\":\"Zweirad-Service\",\"publisher\":{\"@id\":\"https:\/\/ride-in.de\/site\/#organization\"},\"potentialAction\":[{\"@type\":\"SearchAction\",\"target\":{\"@type\":\"EntryPoint\",\"urlTemplate\":\"https:\/\/ride-in.de\/site\/?s={search_term_string}\"},\"query-input\":{\"@type\":\"PropertyValueSpecification\",\"valueRequired\":true,\"valueName\":\"search_term_string\"}}],\"inLanguage\":\"de\"},{\"@type\":\"Organization\",\"@id\":\"https:\/\/ride-in.de\/site\/#organization\",\"name\":\"RIDE IN\",\"url\":\"https:\/\/ride-in.de\/site\/\",\"logo\":{\"@type\":\"ImageObject\",\"inLanguage\":\"de\",\"@id\":\"https:\/\/ride-in.de\/site\/#\/schema\/logo\/image\/\",\"url\":\"https:\/\/ride-in.de\/site\/wp-content\/uploads\/2021\/01\/logo-ride-in-gerade333x111.png\",\"contentUrl\":\"https:\/\/ride-in.de\/site\/wp-content\/uploads\/2021\/01\/logo-ride-in-gerade333x111.png\",\"width\":333,\"height\":111,\"caption\":\"RIDE IN\"},\"image\":{\"@id\":\"https:\/\/ride-in.de\/site\/#\/schema\/logo\/image\/\"}}]}<\/script>\n<!-- \/ Yoast SEO plugin. -->","yoast_head_json":{"title":"Verkauf - RIDE IN","robots":{"index":"index","follow":"follow","max-snippet":"max-snippet:-1","max-image-preview":"max-image-preview:large","max-video-preview":"max-video-preview:-1"},"canonical":"https:\/\/ride-in.de\/site\/verkauf\/","og_locale":"de_DE","og_type":"article","og_title":"Verkauf - RIDE IN","og_description":"-Beratung und Verkauf von Motorr\u00e4dern, Rollern und E-Bikes -Zulassungsdienst -gepr\u00fcfte Gebrauchtmotorr\u00e4der und Leichtkraftr\u00e4der&nbsp; mit Gew\u00e4hrleistung -Finanzierung von Neu- und Gebrauchtfahrzeugen -Inzahlungnahme und Ankauf von gebrauchten Fahrzeugen -Geschenkgutscheine -Motorradschutzbekleidung und Helme namhafter Marken -Leasing E-Bikes \u00fcber Jobrad.de. -Schmier- und Pflegemittel -Auspuffanlagen&nbsp;","og_url":"https:\/\/ride-in.de\/site\/verkauf\/","og_site_name":"RIDE IN","article_modified_time":"2021-01-16T10:41:05+00:00","twitter_card":"summary_large_image","schema":{"@context":"https:\/\/schema.org","@graph":[{"@type":"WebPage","@id":"https:\/\/ride-in.de\/site\/verkauf\/","url":"https:\/\/ride-in.de\/site\/verkauf\/","name":"Verkauf - RIDE IN","isPartOf":{"@id":"https:\/\/ride-in.de\/site\/#website"},"datePublished":"2021-01-14T13:11:43+00:00","dateModified":"2021-01-16T10:41:05+00:00","breadcrumb":{"@id":"https:\/\/ride-in.de\/site\/verkauf\/#breadcrumb"},"inLanguage":"de","potentialAction":[{"@type":"ReadAction","target":["https:\/\/ride-in.de\/site\/verkauf\/"]}]},{"@type":"BreadcrumbList","@id":"https:\/\/ride-in.de\/site\/verkauf\/#breadcrumb","itemListElement":[{"@type":"ListItem","position":1,"name":"Start","item":"https:\/\/ride-in.de\/site\/"},{"@type":"ListItem","position":2,"name":"Verkauf"}]},{"@type":"WebSite","@id":"https:\/\/ride-in.de\/site\/#website","url":"https:\/\/ride-in.de\/site\/","name":"RIDE IN","description":"Zweirad-Service","publisher":{"@id":"https:\/\/ride-in.de\/site\/#organization"},"potentialAction":[{"@type":"SearchAction","target":{"@type":"EntryPoint","urlTemplate":"https:\/\/ride-in.de\/site\/?s={search_term_string}"},"query-input":{"@type":"PropertyValueSpecification","valueRequired":true,"valueName":"search_term_string"}}],"inLanguage":"de"},{"@type":"Organization","@id":"https:\/\/ride-in.de\/site\/#organization","name":"RIDE IN","url":"https:\/\/ride-in.de\/site\/","logo":{"@type":"ImageObject","inLanguage":"de","@id":"https:\/\/ride-in.de\/site\/#\/schema\/logo\/image\/","url":"https:\/\/ride-in.de\/site\/wp-content\/uploads\/2021\/01\/logo-ride-in-gerade333x111.png","contentUrl":"https:\/\/ride-in.de\/site\/wp-content\/uploads\/2021\/01\/logo-ride-in-gerade333x111.png","width":333,"height":111,"caption":"RIDE IN"},"image":{"@id":"https:\/\/ride-in.de\/site\/#\/schema\/logo\/image\/"}}]}},"_links":{"self":[{"href":"https:\/\/ride-in.de\/site\/wp-json\/wp\/v2\/pages\/357","targetHints":{"allow":["GET"]}}],"collection":[{"href":"https:\/\/ride-in.de\/site\/wp-json\/wp\/v2\/pages"}],"about":[{"href":"https:\/\/ride-in.de\/site\/wp-json\/wp\/v2\/types\/page"}],"author":[{"embeddable":true,"href":"https:\/\/ride-in.de\/site\/wp-json\/wp\/v2\/users\/2"}],"replies":[{"embeddable":true,"href":"https:\/\/ride-in.de\/site\/wp-json\/wp\/v2\/comments?post=357"}],"version-history":[{"count":9,"href":"https:\/\/ride-in.de\/site\/wp-json\/wp\/v2\/pages\/357\/revisions"}],"predecessor-version":[{"id":603,"href":"https:\/\/ride-in.de\/site\/wp-json\/wp\/v2\/pages\/357\/revisions\/603"}],"wp:attachment":[{"href":"https:\/\/ride-in.de\/site\/wp-json\/wp\/v2\/media?parent=357"}],"wp:term":[{"taxonomy":"folder","embeddable":true,"href":"https:\/\/ride-in.de\/site\/wp-json\/wp\/v2\/folder?post=357"}],"curies":[{"name":"wp","href":"https:\/\/api.w.org\/{rel}","templated":true}]}}