{"id":550,"date":"2021-01-16T08:57:55","date_gmt":"2021-01-16T08:57:55","guid":{"rendered":"https:\/\/pixelmaker.info\/?page_id=550"},"modified":"2021-01-19T15:31:36","modified_gmt":"2021-01-19T15:31:36","slug":"dl-125","status":"publish","type":"page","link":"https:\/\/ride-in.de\/site\/dl-125\/","title":{"rendered":"DL 125"},"content":{"rendered":"\t\t<div data-elementor-type=\"wp-page\" data-elementor-id=\"550\" class=\"elementor elementor-550\">\n\t\t\t\t\t\t<section class=\"has_eae_slider elementor-section elementor-top-section elementor-element elementor-element-a3a1df4 elementor-section-boxed elementor-section-height-default elementor-section-height-default\" data-eae-slider=\"82720\" data-id=\"a3a1df4\" data-element_type=\"section\" data-e-type=\"section\">\n\t\t\t\t\t\t<div class=\"elementor-container elementor-column-gap-default\">\n\t\t\t\t\t<div class=\"has_eae_slider elementor-column elementor-col-100 elementor-top-column elementor-element elementor-element-84e071e\" data-eae-slider=\"25290\" data-id=\"84e071e\" data-element_type=\"column\" data-e-type=\"column\">\n\t\t\t<div class=\"elementor-widget-wrap elementor-element-populated\">\n\t\t\t\t\t\t<div class=\"elementor-element elementor-element-dc8aae5 elementor-widget elementor-widget-image\" data-id=\"dc8aae5\" data-element_type=\"widget\" data-e-type=\"widget\" data-widget_type=\"image.default\">\n\t\t\t\t<div class=\"elementor-widget-container\">\n\t\t\t\t\t\t\t\t\t\t\t\t\t\t\t<img fetchpriority=\"high\" decoding=\"async\" width=\"1024\" height=\"576\" src=\"https:\/\/ride-in.de\/site\/wp-content\/uploads\/2021\/01\/Motobi-DL125_Dreiviertel-1536x864-1-1024x576.png\" class=\"attachment-large size-large wp-image-555\" alt=\"\" srcset=\"https:\/\/ride-in.de\/site\/wp-content\/uploads\/2021\/01\/Motobi-DL125_Dreiviertel-1536x864-1-1024x576.png 1024w, https:\/\/ride-in.de\/site\/wp-content\/uploads\/2021\/01\/Motobi-DL125_Dreiviertel-1536x864-1-300x169.png 300w, https:\/\/ride-in.de\/site\/wp-content\/uploads\/2021\/01\/Motobi-DL125_Dreiviertel-1536x864-1-768x432.png 768w, https:\/\/ride-in.de\/site\/wp-content\/uploads\/2021\/01\/Motobi-DL125_Dreiviertel-1536x864-1-107x60.png 107w, https:\/\/ride-in.de\/site\/wp-content\/uploads\/2021\/01\/Motobi-DL125_Dreiviertel-1536x864-1.png 1536w\" sizes=\"(max-width: 1024px) 100vw, 1024px\" \/>\t\t\t\t\t\t\t\t\t\t\t\t\t\t\t<\/div>\n\t\t\t\t<\/div>\n\t\t\t\t\t<\/div>\n\t\t<\/div>\n\t\t\t\t\t<\/div>\n\t\t<\/section>\n\t\t\t\t<section class=\"has_eae_slider elementor-section elementor-top-section elementor-element elementor-element-90face4 elementor-section-boxed elementor-section-height-default elementor-section-height-default\" data-eae-slider=\"29105\" data-id=\"90face4\" data-element_type=\"section\" data-e-type=\"section\">\n\t\t\t\t\t\t<div class=\"elementor-container elementor-column-gap-default\">\n\t\t\t\t\t<div class=\"has_eae_slider elementor-column elementor-col-100 elementor-top-column elementor-element elementor-element-ac1d498\" data-eae-slider=\"89251\" data-id=\"ac1d498\" data-element_type=\"column\" data-e-type=\"column\">\n\t\t\t<div class=\"elementor-widget-wrap elementor-element-populated\">\n\t\t\t\t\t\t<div class=\"elementor-element elementor-element-d63ea49 elementor-widget elementor-widget-text-editor\" data-id=\"d63ea49\" data-element_type=\"widget\" data-e-type=\"widget\" data-widget_type=\"text-editor.default\">\n\t\t\t\t<div class=\"elementor-widget-container\">\n\t\t\t\t\t\t\t\t\t<h3>\u00a0\u00a0\u00a0\u00a0\u00a0\u00a0\u00a0\u00a0\u00a0\u00a0\u00a0\u00a0\u00a0\u00a0\u00a0\u00a0\u00a0\u00a0\u00a0\u00a0\u00a0\u00a0\u00a0\u00a0\u00a0\u00a0\u00a0\u00a0\u00a0\u00a0\u00a0\u00a0\u00a0\u00a0\u00a0\u00a0\u00a0\u00a0\u00a0\u00a0\u00a0\u00a0\u00a0 | Edles Design made in Italy<\/h3><h3>\u00a0\u00a0\u00a0\u00a0\u00a0\u00a0\u00a0\u00a0\u00a0\u00a0\u00a0\u00a0\u00a0\u00a0\u00a0\u00a0\u00a0\u00a0\u00a0\u00a0\u00a0\u00a0\u00a0\u00a0\u00a0\u00a0\u00a0\u00a0\u00a0\u00a0\u00a0\u00a0\u00a0\u00a0\u00a0\u00a0\u00a0\u00a0\u00a0\u00a0\u00a0\u00a0\u00a0 | Klare LED-Beleuchtung<\/h3><h3>\u00a0\u00a0\u00a0\u00a0\u00a0\u00a0\u00a0\u00a0\u00a0\u00a0\u00a0\u00a0\u00a0\u00a0\u00a0\u00a0\u00a0\u00a0\u00a0\u00a0\u00a0\u00a0\u00a0\u00a0\u00a0\u00a0\u00a0\u00a0\u00a0\u00a0\u00a0\u00a0\u00a0\u00a0\u00a0\u00a0\u00a0\u00a0\u00a0\u00a0\u00a0\u00a0\u00a0 | Reiner Stereo Musik Sound*<\/h3><h3>\u00a0\u00a0\u00a0\u00a0\u00a0\u00a0\u00a0\u00a0\u00a0\u00a0\u00a0\u00a0\u00a0\u00a0\u00a0\u00a0\u00a0\u00a0\u00a0\u00a0\u00a0\u00a0\u00a0\u00a0\u00a0\u00a0\u00a0\u00a0\u00a0\u00a0\u00a0\u00a0\u00a0\u00a0\u00a0\u00a0\u00a0\u00a0\u00a0\u00a0\u00a0\u00a0\u00a0 | 124 cm\u00b3 | 11 KW 15Ps Antriebskraft<\/h3><h3>\u00a0\u00a0\u00a0\u00a0\u00a0\u00a0\u00a0\u00a0\u00a0\u00a0\u00a0\u00a0\u00a0\u00a0\u00a0\u00a0\u00a0\u00a0\u00a0\u00a0\u00a0\u00a0\u00a0\u00a0\u00a0\u00a0\u00a0\u00a0\u00a0\u00a0\u00a0\u00a0\u00a0\u00a0\u00a0\u00a0\u00a0\u00a0\u00a0\u00a0\u00a0\u00a0\u00a0 | Kraftvolles Bremssystem mit ABS<\/h3>\t\t\t\t\t\t\t\t<\/div>\n\t\t\t\t<\/div>\n\t\t\t\t\t<\/div>\n\t\t<\/div>\n\t\t\t\t\t<\/div>\n\t\t<\/section>\n\t\t\t\t<section class=\"has_eae_slider elementor-section elementor-top-section elementor-element elementor-element-7b4d46c elementor-section-boxed elementor-section-height-default elementor-section-height-default\" data-eae-slider=\"12072\" data-id=\"7b4d46c\" data-element_type=\"section\" data-e-type=\"section\">\n\t\t\t\t\t\t<div class=\"elementor-container elementor-column-gap-default\">\n\t\t\t\t\t<div class=\"has_eae_slider elementor-column elementor-col-100 elementor-top-column elementor-element elementor-element-4f42366\" data-eae-slider=\"51176\" data-id=\"4f42366\" data-element_type=\"column\" data-e-type=\"column\">\n\t\t\t<div class=\"elementor-widget-wrap elementor-element-populated\">\n\t\t\t\t\t\t<div class=\"elementor-element elementor-element-15a3b9d elementor-widget elementor-widget-text-editor\" data-id=\"15a3b9d\" data-element_type=\"widget\" data-e-type=\"widget\" data-widget_type=\"text-editor.default\">\n\t\t\t\t<div class=\"elementor-widget-container\">\n\t\t\t\t\t\t\t\t\t<p><div id=\"metaslider-id-454\" style=\"width: 100%;\" class=\"ml-slider-3-108-0 metaslider metaslider-nivo metaslider-454 ml-slider has-dots-nav ms-theme-simply-dark\" role=\"region\" aria-label=\"dl 125\" data-height=\"400\" data-width=\"700\">\n    <div id=\"metaslider_container_454\">\n        <div class='slider-wrapper theme-default'><div class='ribbon'><\/div><div id='metaslider_454' class='nivoSlider'><a href=\"https:\/\/ride-in.de\" target=\"_self\"><img decoding=\"async\" src=\"https:\/\/ride-in.de\/site\/wp-content\/uploads\/2021\/01\/Motobi-DL125_Top-1536x864-1-700x400.png\" height=\"400\" width=\"700\" data-caption=\"Beschriftung unter metaSlider -&gt; Slideshow\" title=\"Motobi-DL125_Top-1536x864\" alt=\"\" class=\"slider-454 slide-644 msDefaultImage\" \/><\/a><img decoding=\"async\" src=\"https:\/\/ride-in.de\/site\/wp-content\/uploads\/2021\/01\/Motobi-DL125_Heck-1536x864-1-700x400.png\" height=\"400\" width=\"700\" title=\"Motobi-DL125_Heck-1536x864\" alt=\"\" class=\"slider-454 slide-645 msDefaultImage\" \/><img loading=\"lazy\" decoding=\"async\" src=\"https:\/\/ride-in.de\/site\/wp-content\/uploads\/2021\/01\/29-05-2020-Motobi-DL-125-3_gray-1024x683-1-700x400.png\" height=\"400\" width=\"700\" title=\"29-05-2020-Motobi-DL-125-3_gray-1024x683\" alt=\"\" class=\"slider-454 slide-646 msDefaultImage\" \/><img loading=\"lazy\" decoding=\"async\" src=\"https:\/\/ride-in.de\/site\/wp-content\/uploads\/2021\/01\/29-05-2020-Motobi-DL-125-2-1024x683-1-700x400.png\" height=\"400\" width=\"700\" title=\"29-05-2020-Motobi-DL-125-2-1024x683\" alt=\"\" class=\"slider-454 slide-647 msDefaultImage\" \/><img loading=\"lazy\" decoding=\"async\" src=\"https:\/\/ride-in.de\/site\/wp-content\/uploads\/2021\/01\/Motobi-DL-125-Front_gradient-939x1024-1-700x400.png\" height=\"400\" width=\"700\" title=\"Motobi-DL-125-Front_gradient-939x1024\" alt=\"\" class=\"slider-454 slide-648 msDefaultImage\" \/><img loading=\"lazy\" decoding=\"async\" src=\"https:\/\/ride-in.de\/site\/wp-content\/uploads\/2021\/01\/Motobi-DL125_Seite-1536x8642-1-700x400.png\" height=\"400\" width=\"700\" title=\"Motobi-DL125_Seite-1536x8642\" alt=\"\" class=\"slider-454 slide-649 msDefaultImage\" \/><img loading=\"lazy\" decoding=\"async\" src=\"https:\/\/ride-in.de\/site\/wp-content\/uploads\/2021\/01\/Motobi-DL125_Seite-1536x864-1-700x400.png\" height=\"400\" width=\"700\" title=\"Motobi-DL125_Seite-1536x864\" alt=\"\" class=\"slider-454 slide-650 msDefaultImage\" \/><img loading=\"lazy\" decoding=\"async\" src=\"https:\/\/ride-in.de\/site\/wp-content\/uploads\/2021\/01\/Motobi-DL125_Front-1536x8642-1-700x400.png\" height=\"400\" width=\"700\" title=\"Motobi-DL125_Front-1536x8642\" alt=\"\" class=\"slider-454 slide-651 msDefaultImage\" \/><img loading=\"lazy\" decoding=\"async\" src=\"https:\/\/ride-in.de\/site\/wp-content\/uploads\/2021\/01\/Motobi-DL125_Dreiviertel-1536x864-2-700x400.png\" height=\"400\" width=\"700\" title=\"Motobi-DL125_Dreiviertel-1536x864\" alt=\"\" class=\"slider-454 slide-652 msDefaultImage\" \/><img loading=\"lazy\" decoding=\"async\" src=\"https:\/\/ride-in.de\/site\/wp-content\/uploads\/2021\/01\/Motobi-DL125_Dreiviertel-1536x864-1-700x400.png\" height=\"400\" width=\"700\" title=\"Motobi-DL125_Dreiviertel-1536x864\" alt=\"\" class=\"slider-454 slide-653 msDefaultImage\" \/><\/div><\/div>\n        \n    <\/div>\n<\/div>&#8216;<\/p>\t\t\t\t\t\t\t\t<\/div>\n\t\t\t\t<\/div>\n\t\t\t\t\t<\/div>\n\t\t<\/div>\n\t\t\t\t\t<\/div>\n\t\t<\/section>\n\t\t\t\t<section class=\"has_eae_slider elementor-section elementor-top-section elementor-element elementor-element-95be4e8 elementor-section-boxed elementor-section-height-default elementor-section-height-default\" data-eae-slider=\"59072\" data-id=\"95be4e8\" data-element_type=\"section\" data-e-type=\"section\">\n\t\t\t\t\t\t<div class=\"elementor-container elementor-column-gap-default\">\n\t\t\t\t\t<div class=\"has_eae_slider elementor-column elementor-col-100 elementor-top-column elementor-element elementor-element-7171823\" data-eae-slider=\"69078\" data-id=\"7171823\" data-element_type=\"column\" data-e-type=\"column\">\n\t\t\t<div class=\"elementor-widget-wrap elementor-element-populated\">\n\t\t\t\t\t\t<div class=\"elementor-element elementor-element-e697a44 elementor-widget elementor-widget-text-editor\" data-id=\"e697a44\" data-element_type=\"widget\" data-e-type=\"widget\" data-widget_type=\"text-editor.default\">\n\t\t\t\t<div class=\"elementor-widget-container\">\n\t\t\t\t\t\t\t\t\t<div class=\"yolo-full-width\"><div class=\"vc_row wpb_row vc_row-fluid vc_custom_1592479949614\"><div class=\"container\"><div class=\"wpb_column vc_column_container vc_col-sm-12\"><div class=\"vc_column-inner \"><div class=\"wpb_wrapper\"><div class=\"wpb_text_column wpb_content_element \"><div class=\"wpb_wrapper\"><h2>TECHNISCHE DATEN<\/h2><table class=\" alignleft\" width=\"880\"><tbody><tr><td>TYP<\/td><td>1 Zylinder 4 Takt, Fl\u00fcssigk\u00fchlung, EFI, 124 CCM<\/td><\/tr><tr><td>ABGASNORM<\/td><td>Euro 5<\/td><\/tr><tr><td>GETRIEBE<\/td><td>6 G\u00e4nge<\/td><\/tr><tr><td>NENNLEISTUNG<\/td><td>11 KW bei 9500 U\/Min<\/td><\/tr><tr><td>STARTER<\/td><td>Elektrostarter<\/td><\/tr><tr><td>TANKINHALT<\/td><td>14 Liter<\/td><\/tr><tr><td>BREMSEN<\/td><td>VORNE\/HINTEN: Wave Scheibenbremsen, ABS, Doppelkolbenbremzange<\/td><\/tr><tr><td>BEREIFUNG<\/td><td>VORNE: 110 \/ 70 \u2013 17<br \/>HINTEN: 150 \/ 55 \u2013 17<\/td><\/tr><tr><td>FEDERUNG<\/td><td>VORNE: Up-side-down Gabel<br \/>HINTEN: Zentralfederbein<\/td><\/tr><tr><td>ABMESSUNGEN<\/td><td>2050 X 775 x 1125 mm<\/td><\/tr><tr><td>RADSTAND<\/td><td>1410 mm<\/td><\/tr><tr><td>GEWICHT (VOLLGETANKT)<\/td><td>159 kg<\/td><\/tr><tr><td>FARBE<\/td><td>\u00a0Silber<\/td><\/tr><tr><td><p>SERIENAUSSTATTUNG<\/p><\/td><td><p>Bluetooth Stereo Sound Musikanlage\/Radio, LED Front- und R\u00fccklicht, Blinkanlage, Sozius Fu\u00dfrasten, Links\/rechts R\u00fcckspiegel, Edelstahl Racingdesign Auspuff-Endrohr, Edelstahl auspuff-kr\u00fcmmer, \u00dcbersichtliche Digitalanzeige, Warnblinkanlage, Fern- und Abblendlicht, Tagfahrlicht<\/p><\/td><\/tr><\/tbody><\/table><\/div><\/div><\/div><\/div><\/div><\/div><\/div><\/div>\t\t\t\t\t\t\t\t<\/div>\n\t\t\t\t<\/div>\n\t\t\t\t\t<\/div>\n\t\t<\/div>\n\t\t\t\t\t<\/div>\n\t\t<\/section>\n\t\t\t\t<section class=\"has_eae_slider elementor-section elementor-top-section elementor-element elementor-element-9756ce8 elementor-section-boxed elementor-section-height-default elementor-section-height-default\" data-eae-slider=\"20193\" data-id=\"9756ce8\" data-element_type=\"section\" data-e-type=\"section\">\n\t\t\t\t\t\t<div class=\"elementor-container elementor-column-gap-default\">\n\t\t\t\t\t<div class=\"has_eae_slider elementor-column elementor-col-100 elementor-top-column elementor-element elementor-element-5f1e78f\" data-eae-slider=\"70179\" data-id=\"5f1e78f\" data-element_type=\"column\" data-e-type=\"column\">\n\t\t\t<div class=\"elementor-widget-wrap elementor-element-populated\">\n\t\t\t\t\t\t<div class=\"elementor-element elementor-element-bd94a00 elementor-widget elementor-widget-text-editor\" data-id=\"bd94a00\" data-element_type=\"widget\" data-e-type=\"widget\" data-widget_type=\"text-editor.default\">\n\t\t\t\t<div class=\"elementor-widget-container\">\n\t\t\t\t\t\t\t\t\t<p>UVP inkl. 19 % Mehrwertsteuer \u00a0 \u00a0 \u00a0 \u00a0 \u00a0 \u00a0 \u00a0\u00a0 3.999 \u20ac<\/p><p>zzgl. Nebenkosten<\/p>\t\t\t\t\t\t\t\t<\/div>\n\t\t\t\t<\/div>\n\t\t\t\t\t<\/div>\n\t\t<\/div>\n\t\t\t\t\t<\/div>\n\t\t<\/section>\n\t\t\t\t<\/div>\n\t\t","protected":false},"excerpt":{"rendered":"<p>&nbsp;&nbsp;&nbsp;&nbsp;&nbsp;&nbsp;&nbsp;&nbsp;&nbsp;&nbsp;&nbsp;&nbsp;&nbsp;&nbsp;&nbsp;&nbsp;&nbsp;&nbsp;&nbsp;&nbsp;&nbsp;&nbsp;&nbsp;&nbsp;&nbsp;&nbsp;&nbsp;&nbsp;&nbsp;&nbsp;&nbsp;&nbsp;&nbsp;&nbsp;&nbsp;&nbsp;&nbsp;&nbsp;&nbsp;&nbsp;&nbsp;&nbsp;&nbsp; | Edles Design made in Italy &nbsp;&nbsp;&nbsp;&nbsp;&nbsp;&nbsp;&nbsp;&nbsp;&nbsp;&nbsp;&nbsp;&nbsp;&nbsp;&nbsp;&nbsp;&nbsp;&nbsp;&nbsp;&nbsp;&nbsp;&nbsp;&nbsp;&nbsp;&nbsp;&nbsp;&nbsp;&nbsp;&nbsp;&nbsp;&nbsp;&nbsp;&nbsp;&nbsp;&nbsp;&nbsp;&nbsp;&nbsp;&nbsp;&nbsp;&nbsp;&nbsp;&nbsp;&nbsp; | Klare LED-Beleuchtung &nbsp;&nbsp;&nbsp;&nbsp;&nbsp;&nbsp;&nbsp;&nbsp;&nbsp;&nbsp;&nbsp;&nbsp;&nbsp;&nbsp;&nbsp;&nbsp;&nbsp;&nbsp;&nbsp;&nbsp;&nbsp;&nbsp;&nbsp;&nbsp;&nbsp;&nbsp;&nbsp;&nbsp;&nbsp;&nbsp;&nbsp;&nbsp;&nbsp;&nbsp;&nbsp;&nbsp;&nbsp;&nbsp;&nbsp;&nbsp;&nbsp;&nbsp;&nbsp; | Reiner Stereo Musik Sound* &nbsp;&nbsp;&nbsp;&nbsp;&nbsp;&nbsp;&nbsp;&nbsp;&nbsp;&nbsp;&nbsp;&nbsp;&nbsp;&nbsp;&nbsp;&nbsp;&nbsp;&nbsp;&nbsp;&nbsp;&nbsp;&nbsp;&nbsp;&nbsp;&nbsp;&nbsp;&nbsp;&nbsp;&nbsp;&nbsp;&nbsp;&nbsp;&nbsp;&nbsp;&nbsp;&nbsp;&nbsp;&nbsp;&nbsp;&nbsp;&nbsp;&nbsp;&nbsp; | 124 cm\u00b3 | 11 KW 15Ps Antriebskraft &nbsp;&nbsp;&nbsp;&nbsp;&nbsp;&nbsp;&nbsp;&nbsp;&nbsp;&nbsp;&nbsp;&nbsp;&nbsp;&nbsp;&nbsp;&nbsp;&nbsp;&nbsp;&nbsp;&nbsp;&nbsp;&nbsp;&nbsp;&nbsp;&nbsp;&nbsp;&nbsp;&nbsp;&nbsp;&nbsp;&nbsp;&nbsp;&nbsp;&nbsp;&nbsp;&nbsp;&nbsp;&nbsp;&nbsp;&nbsp;&nbsp;&nbsp;&nbsp; | Kraftvolles Bremssystem mit ABS &#8216; TECHNISCHE DATEN TYP 1 Zylinder 4 Takt, Fl\u00fcssigk\u00fchlung, EFI, 124 CCM ABGASNORM Euro 5 GETRIEBE 6 G\u00e4nge NENNLEISTUNG 11 KW bei 9500 &hellip; <\/p>\n","protected":false},"author":2,"featured_media":0,"parent":0,"menu_order":0,"comment_status":"closed","ping_status":"closed","template":"","meta":{"footnotes":""},"folder":[156],"class_list":["post-550","page","type-page","status-publish","hentry"],"yoast_head":"<!-- This site is optimized with the Yoast SEO plugin v27.4 - https:\/\/yoast.com\/product\/yoast-seo-wordpress\/ -->\n<title>DL 125 - RIDE IN<\/title>\n<meta name=\"robots\" content=\"index, follow, max-snippet:-1, max-image-preview:large, max-video-preview:-1\" \/>\n<link rel=\"canonical\" href=\"https:\/\/ride-in.de\/site\/dl-125\/\" \/>\n<meta property=\"og:locale\" content=\"de_DE\" \/>\n<meta property=\"og:type\" content=\"article\" \/>\n<meta property=\"og:title\" content=\"DL 125 - RIDE IN\" \/>\n<meta property=\"og:description\" content=\"&nbsp;&nbsp;&nbsp;&nbsp;&nbsp;&nbsp;&nbsp;&nbsp;&nbsp;&nbsp;&nbsp;&nbsp;&nbsp;&nbsp;&nbsp;&nbsp;&nbsp;&nbsp;&nbsp;&nbsp;&nbsp;&nbsp;&nbsp;&nbsp;&nbsp;&nbsp;&nbsp;&nbsp;&nbsp;&nbsp;&nbsp;&nbsp;&nbsp;&nbsp;&nbsp;&nbsp;&nbsp;&nbsp;&nbsp;&nbsp;&nbsp;&nbsp;&nbsp; | Edles Design made in Italy &nbsp;&nbsp;&nbsp;&nbsp;&nbsp;&nbsp;&nbsp;&nbsp;&nbsp;&nbsp;&nbsp;&nbsp;&nbsp;&nbsp;&nbsp;&nbsp;&nbsp;&nbsp;&nbsp;&nbsp;&nbsp;&nbsp;&nbsp;&nbsp;&nbsp;&nbsp;&nbsp;&nbsp;&nbsp;&nbsp;&nbsp;&nbsp;&nbsp;&nbsp;&nbsp;&nbsp;&nbsp;&nbsp;&nbsp;&nbsp;&nbsp;&nbsp;&nbsp; | Klare LED-Beleuchtung &nbsp;&nbsp;&nbsp;&nbsp;&nbsp;&nbsp;&nbsp;&nbsp;&nbsp;&nbsp;&nbsp;&nbsp;&nbsp;&nbsp;&nbsp;&nbsp;&nbsp;&nbsp;&nbsp;&nbsp;&nbsp;&nbsp;&nbsp;&nbsp;&nbsp;&nbsp;&nbsp;&nbsp;&nbsp;&nbsp;&nbsp;&nbsp;&nbsp;&nbsp;&nbsp;&nbsp;&nbsp;&nbsp;&nbsp;&nbsp;&nbsp;&nbsp;&nbsp; | Reiner Stereo Musik Sound* &nbsp;&nbsp;&nbsp;&nbsp;&nbsp;&nbsp;&nbsp;&nbsp;&nbsp;&nbsp;&nbsp;&nbsp;&nbsp;&nbsp;&nbsp;&nbsp;&nbsp;&nbsp;&nbsp;&nbsp;&nbsp;&nbsp;&nbsp;&nbsp;&nbsp;&nbsp;&nbsp;&nbsp;&nbsp;&nbsp;&nbsp;&nbsp;&nbsp;&nbsp;&nbsp;&nbsp;&nbsp;&nbsp;&nbsp;&nbsp;&nbsp;&nbsp;&nbsp; | 124 cm\u00b3 | 11 KW 15Ps Antriebskraft &nbsp;&nbsp;&nbsp;&nbsp;&nbsp;&nbsp;&nbsp;&nbsp;&nbsp;&nbsp;&nbsp;&nbsp;&nbsp;&nbsp;&nbsp;&nbsp;&nbsp;&nbsp;&nbsp;&nbsp;&nbsp;&nbsp;&nbsp;&nbsp;&nbsp;&nbsp;&nbsp;&nbsp;&nbsp;&nbsp;&nbsp;&nbsp;&nbsp;&nbsp;&nbsp;&nbsp;&nbsp;&nbsp;&nbsp;&nbsp;&nbsp;&nbsp;&nbsp; | Kraftvolles Bremssystem mit ABS &#8216; TECHNISCHE DATEN TYP 1 Zylinder 4 Takt, Fl\u00fcssigk\u00fchlung, EFI, 124 CCM ABGASNORM Euro 5 GETRIEBE 6 G\u00e4nge NENNLEISTUNG 11 KW bei 9500 &hellip;\" \/>\n<meta property=\"og:url\" content=\"https:\/\/ride-in.de\/site\/dl-125\/\" \/>\n<meta property=\"og:site_name\" content=\"RIDE IN\" \/>\n<meta property=\"article:modified_time\" content=\"2021-01-19T15:31:36+00:00\" \/>\n<meta property=\"og:image\" content=\"https:\/\/ride-in.de\/site\/wp-content\/uploads\/2021\/01\/Motobi-DL125_Dreiviertel-1536x864-1.png\" \/>\n\t<meta property=\"og:image:width\" content=\"1536\" \/>\n\t<meta property=\"og:image:height\" content=\"864\" \/>\n\t<meta property=\"og:image:type\" content=\"image\/png\" \/>\n<meta name=\"twitter:card\" content=\"summary_large_image\" \/>\n<meta name=\"twitter:label1\" content=\"Gesch\u00e4tzte Lesezeit\" \/>\n\t<meta name=\"twitter:data1\" content=\"2\u00a0Minuten\" \/>\n<script type=\"application\/ld+json\" class=\"yoast-schema-graph\">{\"@context\":\"https:\\\/\\\/schema.org\",\"@graph\":[{\"@type\":\"WebPage\",\"@id\":\"https:\\\/\\\/ride-in.de\\\/site\\\/dl-125\\\/\",\"url\":\"https:\\\/\\\/ride-in.de\\\/site\\\/dl-125\\\/\",\"name\":\"DL 125 - RIDE IN\",\"isPartOf\":{\"@id\":\"https:\\\/\\\/ride-in.de\\\/site\\\/#website\"},\"primaryImageOfPage\":{\"@id\":\"https:\\\/\\\/ride-in.de\\\/site\\\/dl-125\\\/#primaryimage\"},\"image\":{\"@id\":\"https:\\\/\\\/ride-in.de\\\/site\\\/dl-125\\\/#primaryimage\"},\"thumbnailUrl\":\"https:\\\/\\\/ride-in.de\\\/site\\\/wp-content\\\/uploads\\\/2021\\\/01\\\/Motobi-DL125_Dreiviertel-1536x864-1-1024x576.png\",\"datePublished\":\"2021-01-16T08:57:55+00:00\",\"dateModified\":\"2021-01-19T15:31:36+00:00\",\"breadcrumb\":{\"@id\":\"https:\\\/\\\/ride-in.de\\\/site\\\/dl-125\\\/#breadcrumb\"},\"inLanguage\":\"de\",\"potentialAction\":[{\"@type\":\"ReadAction\",\"target\":[\"https:\\\/\\\/ride-in.de\\\/site\\\/dl-125\\\/\"]}]},{\"@type\":\"ImageObject\",\"inLanguage\":\"de\",\"@id\":\"https:\\\/\\\/ride-in.de\\\/site\\\/dl-125\\\/#primaryimage\",\"url\":\"https:\\\/\\\/ride-in.de\\\/site\\\/wp-content\\\/uploads\\\/2021\\\/01\\\/Motobi-DL125_Dreiviertel-1536x864-1.png\",\"contentUrl\":\"https:\\\/\\\/ride-in.de\\\/site\\\/wp-content\\\/uploads\\\/2021\\\/01\\\/Motobi-DL125_Dreiviertel-1536x864-1.png\",\"width\":1536,\"height\":864},{\"@type\":\"BreadcrumbList\",\"@id\":\"https:\\\/\\\/ride-in.de\\\/site\\\/dl-125\\\/#breadcrumb\",\"itemListElement\":[{\"@type\":\"ListItem\",\"position\":1,\"name\":\"Start\",\"item\":\"https:\\\/\\\/ride-in.de\\\/site\\\/\"},{\"@type\":\"ListItem\",\"position\":2,\"name\":\"DL 125\"}]},{\"@type\":\"WebSite\",\"@id\":\"https:\\\/\\\/ride-in.de\\\/site\\\/#website\",\"url\":\"https:\\\/\\\/ride-in.de\\\/site\\\/\",\"name\":\"RIDE IN\",\"description\":\"Zweirad-Service\",\"publisher\":{\"@id\":\"https:\\\/\\\/ride-in.de\\\/site\\\/#organization\"},\"potentialAction\":[{\"@type\":\"SearchAction\",\"target\":{\"@type\":\"EntryPoint\",\"urlTemplate\":\"https:\\\/\\\/ride-in.de\\\/site\\\/?s={search_term_string}\"},\"query-input\":{\"@type\":\"PropertyValueSpecification\",\"valueRequired\":true,\"valueName\":\"search_term_string\"}}],\"inLanguage\":\"de\"},{\"@type\":\"Organization\",\"@id\":\"https:\\\/\\\/ride-in.de\\\/site\\\/#organization\",\"name\":\"RIDE IN\",\"url\":\"https:\\\/\\\/ride-in.de\\\/site\\\/\",\"logo\":{\"@type\":\"ImageObject\",\"inLanguage\":\"de\",\"@id\":\"https:\\\/\\\/ride-in.de\\\/site\\\/#\\\/schema\\\/logo\\\/image\\\/\",\"url\":\"https:\\\/\\\/ride-in.de\\\/site\\\/wp-content\\\/uploads\\\/2021\\\/01\\\/logo-ride-in-gerade333x111.png\",\"contentUrl\":\"https:\\\/\\\/ride-in.de\\\/site\\\/wp-content\\\/uploads\\\/2021\\\/01\\\/logo-ride-in-gerade333x111.png\",\"width\":333,\"height\":111,\"caption\":\"RIDE IN\"},\"image\":{\"@id\":\"https:\\\/\\\/ride-in.de\\\/site\\\/#\\\/schema\\\/logo\\\/image\\\/\"}}]}<\/script>\n<!-- \/ Yoast SEO plugin. -->","yoast_head_json":{"title":"DL 125 - RIDE IN","robots":{"index":"index","follow":"follow","max-snippet":"max-snippet:-1","max-image-preview":"max-image-preview:large","max-video-preview":"max-video-preview:-1"},"canonical":"https:\/\/ride-in.de\/site\/dl-125\/","og_locale":"de_DE","og_type":"article","og_title":"DL 125 - RIDE IN","og_description":"&nbsp;&nbsp;&nbsp;&nbsp;&nbsp;&nbsp;&nbsp;&nbsp;&nbsp;&nbsp;&nbsp;&nbsp;&nbsp;&nbsp;&nbsp;&nbsp;&nbsp;&nbsp;&nbsp;&nbsp;&nbsp;&nbsp;&nbsp;&nbsp;&nbsp;&nbsp;&nbsp;&nbsp;&nbsp;&nbsp;&nbsp;&nbsp;&nbsp;&nbsp;&nbsp;&nbsp;&nbsp;&nbsp;&nbsp;&nbsp;&nbsp;&nbsp;&nbsp; | Edles Design made in Italy &nbsp;&nbsp;&nbsp;&nbsp;&nbsp;&nbsp;&nbsp;&nbsp;&nbsp;&nbsp;&nbsp;&nbsp;&nbsp;&nbsp;&nbsp;&nbsp;&nbsp;&nbsp;&nbsp;&nbsp;&nbsp;&nbsp;&nbsp;&nbsp;&nbsp;&nbsp;&nbsp;&nbsp;&nbsp;&nbsp;&nbsp;&nbsp;&nbsp;&nbsp;&nbsp;&nbsp;&nbsp;&nbsp;&nbsp;&nbsp;&nbsp;&nbsp;&nbsp; | Klare LED-Beleuchtung &nbsp;&nbsp;&nbsp;&nbsp;&nbsp;&nbsp;&nbsp;&nbsp;&nbsp;&nbsp;&nbsp;&nbsp;&nbsp;&nbsp;&nbsp;&nbsp;&nbsp;&nbsp;&nbsp;&nbsp;&nbsp;&nbsp;&nbsp;&nbsp;&nbsp;&nbsp;&nbsp;&nbsp;&nbsp;&nbsp;&nbsp;&nbsp;&nbsp;&nbsp;&nbsp;&nbsp;&nbsp;&nbsp;&nbsp;&nbsp;&nbsp;&nbsp;&nbsp; | Reiner Stereo Musik Sound* &nbsp;&nbsp;&nbsp;&nbsp;&nbsp;&nbsp;&nbsp;&nbsp;&nbsp;&nbsp;&nbsp;&nbsp;&nbsp;&nbsp;&nbsp;&nbsp;&nbsp;&nbsp;&nbsp;&nbsp;&nbsp;&nbsp;&nbsp;&nbsp;&nbsp;&nbsp;&nbsp;&nbsp;&nbsp;&nbsp;&nbsp;&nbsp;&nbsp;&nbsp;&nbsp;&nbsp;&nbsp;&nbsp;&nbsp;&nbsp;&nbsp;&nbsp;&nbsp; | 124 cm\u00b3 | 11 KW 15Ps Antriebskraft &nbsp;&nbsp;&nbsp;&nbsp;&nbsp;&nbsp;&nbsp;&nbsp;&nbsp;&nbsp;&nbsp;&nbsp;&nbsp;&nbsp;&nbsp;&nbsp;&nbsp;&nbsp;&nbsp;&nbsp;&nbsp;&nbsp;&nbsp;&nbsp;&nbsp;&nbsp;&nbsp;&nbsp;&nbsp;&nbsp;&nbsp;&nbsp;&nbsp;&nbsp;&nbsp;&nbsp;&nbsp;&nbsp;&nbsp;&nbsp;&nbsp;&nbsp;&nbsp; | Kraftvolles Bremssystem mit ABS &#8216; TECHNISCHE DATEN TYP 1 Zylinder 4 Takt, Fl\u00fcssigk\u00fchlung, EFI, 124 CCM ABGASNORM Euro 5 GETRIEBE 6 G\u00e4nge NENNLEISTUNG 11 KW bei 9500 &hellip;","og_url":"https:\/\/ride-in.de\/site\/dl-125\/","og_site_name":"RIDE IN","article_modified_time":"2021-01-19T15:31:36+00:00","og_image":[{"width":1536,"height":864,"url":"https:\/\/ride-in.de\/site\/wp-content\/uploads\/2021\/01\/Motobi-DL125_Dreiviertel-1536x864-1.png","type":"image\/png"}],"twitter_card":"summary_large_image","twitter_misc":{"Gesch\u00e4tzte Lesezeit":"2\u00a0Minuten"},"schema":{"@context":"https:\/\/schema.org","@graph":[{"@type":"WebPage","@id":"https:\/\/ride-in.de\/site\/dl-125\/","url":"https:\/\/ride-in.de\/site\/dl-125\/","name":"DL 125 - RIDE IN","isPartOf":{"@id":"https:\/\/ride-in.de\/site\/#website"},"primaryImageOfPage":{"@id":"https:\/\/ride-in.de\/site\/dl-125\/#primaryimage"},"image":{"@id":"https:\/\/ride-in.de\/site\/dl-125\/#primaryimage"},"thumbnailUrl":"https:\/\/ride-in.de\/site\/wp-content\/uploads\/2021\/01\/Motobi-DL125_Dreiviertel-1536x864-1-1024x576.png","datePublished":"2021-01-16T08:57:55+00:00","dateModified":"2021-01-19T15:31:36+00:00","breadcrumb":{"@id":"https:\/\/ride-in.de\/site\/dl-125\/#breadcrumb"},"inLanguage":"de","potentialAction":[{"@type":"ReadAction","target":["https:\/\/ride-in.de\/site\/dl-125\/"]}]},{"@type":"ImageObject","inLanguage":"de","@id":"https:\/\/ride-in.de\/site\/dl-125\/#primaryimage","url":"https:\/\/ride-in.de\/site\/wp-content\/uploads\/2021\/01\/Motobi-DL125_Dreiviertel-1536x864-1.png","contentUrl":"https:\/\/ride-in.de\/site\/wp-content\/uploads\/2021\/01\/Motobi-DL125_Dreiviertel-1536x864-1.png","width":1536,"height":864},{"@type":"BreadcrumbList","@id":"https:\/\/ride-in.de\/site\/dl-125\/#breadcrumb","itemListElement":[{"@type":"ListItem","position":1,"name":"Start","item":"https:\/\/ride-in.de\/site\/"},{"@type":"ListItem","position":2,"name":"DL 125"}]},{"@type":"WebSite","@id":"https:\/\/ride-in.de\/site\/#website","url":"https:\/\/ride-in.de\/site\/","name":"RIDE IN","description":"Zweirad-Service","publisher":{"@id":"https:\/\/ride-in.de\/site\/#organization"},"potentialAction":[{"@type":"SearchAction","target":{"@type":"EntryPoint","urlTemplate":"https:\/\/ride-in.de\/site\/?s={search_term_string}"},"query-input":{"@type":"PropertyValueSpecification","valueRequired":true,"valueName":"search_term_string"}}],"inLanguage":"de"},{"@type":"Organization","@id":"https:\/\/ride-in.de\/site\/#organization","name":"RIDE IN","url":"https:\/\/ride-in.de\/site\/","logo":{"@type":"ImageObject","inLanguage":"de","@id":"https:\/\/ride-in.de\/site\/#\/schema\/logo\/image\/","url":"https:\/\/ride-in.de\/site\/wp-content\/uploads\/2021\/01\/logo-ride-in-gerade333x111.png","contentUrl":"https:\/\/ride-in.de\/site\/wp-content\/uploads\/2021\/01\/logo-ride-in-gerade333x111.png","width":333,"height":111,"caption":"RIDE IN"},"image":{"@id":"https:\/\/ride-in.de\/site\/#\/schema\/logo\/image\/"}}]}},"_links":{"self":[{"href":"https:\/\/ride-in.de\/site\/wp-json\/wp\/v2\/pages\/550","targetHints":{"allow":["GET"]}}],"collection":[{"href":"https:\/\/ride-in.de\/site\/wp-json\/wp\/v2\/pages"}],"about":[{"href":"https:\/\/ride-in.de\/site\/wp-json\/wp\/v2\/types\/page"}],"author":[{"embeddable":true,"href":"https:\/\/ride-in.de\/site\/wp-json\/wp\/v2\/users\/2"}],"replies":[{"embeddable":true,"href":"https:\/\/ride-in.de\/site\/wp-json\/wp\/v2\/comments?post=550"}],"version-history":[{"count":19,"href":"https:\/\/ride-in.de\/site\/wp-json\/wp\/v2\/pages\/550\/revisions"}],"predecessor-version":[{"id":792,"href":"https:\/\/ride-in.de\/site\/wp-json\/wp\/v2\/pages\/550\/revisions\/792"}],"wp:attachment":[{"href":"https:\/\/ride-in.de\/site\/wp-json\/wp\/v2\/media?parent=550"}],"wp:term":[{"taxonomy":"folder","embeddable":true,"href":"https:\/\/ride-in.de\/site\/wp-json\/wp\/v2\/folder?post=550"}],"curies":[{"name":"wp","href":"https:\/\/api.w.org\/{rel}","templated":true}]}}